{"id":6084,"date":"2025-03-12T14:13:32","date_gmt":"2025-03-12T12:13:32","guid":{"rendered":"https:\/\/ecoslider.web-design.ee\/greenhouse-shipping-delivery\/"},"modified":"2025-11-23T06:05:07","modified_gmt":"2025-11-23T04:05:07","slug":"kohaletoimetamine","status":"publish","type":"page","link":"https:\/\/ecoslider.com\/et\/info\/dokumentatsioon\/kasvuhoonete-kasutustingimused\/kohaletoimetamine\/","title":{"rendered":"Kohaletoimetamine"},"content":{"rendered":"\t\t<div data-elementor-type=\"wp-page\" data-elementor-id=\"6084\" class=\"elementor elementor-6084 elementor-1930\" data-elementor-post-type=\"page\">\n\t\t\t\t<div class=\"elementor-element elementor-element-cc4eeb9 e-flex e-con-boxed e-con e-parent\" data-id=\"cc4eeb9\" data-element_type=\"container\" data-e-type=\"container\">\n\t\t\t\t\t<div class=\"e-con-inner\">\n\t\t\t\t<div class=\"elementor-element elementor-element-d12913b elementor-widget elementor-widget-heading\" data-id=\"d12913b\" data-element_type=\"widget\" data-e-type=\"widget\" data-widget_type=\"heading.default\">\n\t\t\t\t<div class=\"elementor-widget-container\">\n\t\t\t\t\t<h1 class=\"elementor-heading-title elementor-size-default\">Kohaletoimetamise tingimused<\/h1>\t\t\t\t<\/div>\n\t\t\t\t<\/div>\n\t\t\t\t<div class=\"elementor-element elementor-element-c27689b elementor-widget elementor-widget-woocommerce-breadcrumb\" data-id=\"c27689b\" data-element_type=\"widget\" data-e-type=\"widget\" data-widget_type=\"woocommerce-breadcrumb.default\">\n\t\t\t\t<div class=\"elementor-widget-container\">\n\t\t\t\t\t<nav class=\"woocommerce-breadcrumb\" aria-label=\"Breadcrumb\">Esileht<\/nav>\t\t\t\t<\/div>\n\t\t\t\t<\/div>\n\t\t\t\t\t<\/div>\n\t\t\t\t<\/div>\n\t\t<div class=\"elementor-element elementor-element-86c4754 aboutus-row e-flex e-con-boxed e-con e-parent\" data-id=\"86c4754\" data-element_type=\"container\" data-e-type=\"container\" data-settings=\"{&quot;background_background&quot;:&quot;classic&quot;}\">\n\t\t\t\t\t<div class=\"e-con-inner\">\n\t\t<div class=\"elementor-element elementor-element-39d5dae e-con-full e-flex e-con e-child\" data-id=\"39d5dae\" data-element_type=\"container\" data-e-type=\"container\">\n\t\t\t\t<div class=\"elementor-element elementor-element-b1b60a1 elementor-widget elementor-widget-image\" data-id=\"b1b60a1\" data-element_type=\"widget\" data-e-type=\"widget\" data-widget_type=\"image.default\">\n\t\t\t\t<div class=\"elementor-widget-container\">\n\t\t\t\t\t\t\t\t\t\t\t\t\t\t\t<img decoding=\"async\" width=\"800\" height=\"400\" src=\"https:\/\/ecoslider.com\/wp-content\/uploads\/2025\/03\/baner1.webp\" class=\"attachment-large size-large wp-image-8171\" alt=\"\" srcset=\"https:\/\/ecoslider.com\/wp-content\/uploads\/2025\/03\/baner1.webp 800w, https:\/\/ecoslider.com\/wp-content\/uploads\/2025\/03\/baner1-300x150.webp 300w, https:\/\/ecoslider.com\/wp-content\/uploads\/2025\/03\/baner1-768x384.webp 768w, https:\/\/ecoslider.com\/wp-content\/uploads\/2025\/03\/baner1-600x300.webp 600w\" sizes=\"(max-width: 800px) 100vw, 800px\" \/>\t\t\t\t\t\t\t\t\t\t\t\t\t\t\t<\/div>\n\t\t\t\t<\/div>\n\t\t\t\t<\/div>\n\t\t<div class=\"elementor-element elementor-element-844eec1 e-con-full e-flex elementor-invisible e-con e-child\" data-id=\"844eec1\" data-element_type=\"container\" data-e-type=\"container\" data-settings=\"{&quot;animation&quot;:&quot;fadeInLeft&quot;}\">\n\t\t\t\t<div class=\"elementor-element elementor-element-520a40d elementor-widget elementor-widget-heading\" data-id=\"520a40d\" data-element_type=\"widget\" data-e-type=\"widget\" data-widget_type=\"heading.default\">\n\t\t\t\t<div class=\"elementor-widget-container\">\n\t\t\t\t\t<h2 class=\"elementor-heading-title elementor-size-default\">Kohaletoimetamine \u00fcle Eesti<\/h2>\t\t\t\t<\/div>\n\t\t\t\t<\/div>\n\t\t\t\t<div class=\"elementor-element elementor-element-9ec08a3 elementor-widget elementor-widget-text-editor\" data-id=\"9ec08a3\" data-element_type=\"widget\" data-e-type=\"widget\" data-widget_type=\"text-editor.default\">\n\t\t\t\t<div class=\"elementor-widget-container\">\n\t\t\t\t\t\t\t\t\t<p><span style=\"font-weight: 400;\">Kasvuhooneid, pol\u00fckarbonaati ja nutikasvuhooneid toimetame kohale ise. Tarvikute edastamiseks kasutame Eestis tegutsevaid kuller- ja pakiteenuseid.<\/span><\/p><p><span style=\"font-weight: 400;\">P\u00e4rast tellimuse makse kinnitamist v\u00f5tame Teiega \u00fchendust, et kokku leppida kohaletoimetamise kuup\u00e4ev ja kellaaeg.<\/span><\/p>\t\t\t\t\t\t\t\t<\/div>\n\t\t\t\t<\/div>\n\t\t\t\t<div class=\"elementor-element elementor-element-45071e5 elementor-widget-divider--view-line elementor-widget elementor-widget-divider\" data-id=\"45071e5\" data-element_type=\"widget\" data-e-type=\"widget\" data-widget_type=\"divider.default\">\n\t\t\t\t<div class=\"elementor-widget-container\">\n\t\t\t\t\t\t\t<div class=\"elementor-divider\">\n\t\t\t<span class=\"elementor-divider-separator\">\n\t\t\t\t\t\t<\/span>\n\t\t<\/div>\n\t\t\t\t\t\t<\/div>\n\t\t\t\t<\/div>\n\t\t\t\t<div class=\"elementor-element elementor-element-6f1e17a elementor-widget elementor-widget-heading\" data-id=\"6f1e17a\" data-element_type=\"widget\" data-e-type=\"widget\" data-widget_type=\"heading.default\">\n\t\t\t\t<div class=\"elementor-widget-container\">\n\t\t\t\t\t<h3 class=\"elementor-heading-title elementor-size-default\">Kuidas toimub kohaletoimetamine<\/h3>\t\t\t\t<\/div>\n\t\t\t\t<\/div>\n\t\t\t\t<div class=\"elementor-element elementor-element-939fce8 elementor-icon-list--layout-traditional elementor-list-item-link-full_width elementor-widget elementor-widget-icon-list\" data-id=\"939fce8\" data-element_type=\"widget\" data-e-type=\"widget\" data-widget_type=\"icon-list.default\">\n\t\t\t\t<div class=\"elementor-widget-container\">\n\t\t\t\t\t\t\t<ul class=\"elementor-icon-list-items\">\n\t\t\t\t\t\t\t<li class=\"elementor-icon-list-item\">\n\t\t\t\t\t\t\t\t\t\t\t<span class=\"elementor-icon-list-icon\">\n\t\t\t\t\t\t\t<svg xmlns=\"http:\/\/www.w3.org\/2000\/svg\" width=\"25\" height=\"17\" viewBox=\"0 0 25 17\" fill=\"none\"><path d=\"M14.9046 4.18266C10.3601 7.87259 11.9382 12.7469 13.3779 16.0543C13.4442 16.2053 13.2115 12.8281 16.0184 9.91122C14.0316 12.8427 13.6315 14.7546 15.0978 16.4402C17.3745 15.4028 21.1162 13.4559 22.0859 10.9583C23.1339 8.25946 21.4289 2.33923 24.571 0C20.5927 1.9011 18.1475 1.5497 14.9047 4.18266H14.9046Z\" fill=\"#76DB00\"><\/path><path fill-rule=\"evenodd\" clip-rule=\"evenodd\" d=\"M7.01117 13.4925C9.1789 15.2599 10.7467 15.8435 12.4424 15.2025C11.9473 13.5773 10.924 10.8632 8.95408 9.81608C6.82396 8.68482 1.4619 8.7489 0 6.34912C0.943057 9.20421 0.219759 10.6985 1.91478 13.2133C4.29161 16.7369 8.73604 16.5742 11.8152 16.2287C11.9571 16.2128 9.02543 15.7786 7.01106 13.4925L7.01117 13.4925Z\" fill=\"#63B700\"><\/path><path fill-rule=\"evenodd\" clip-rule=\"evenodd\" d=\"M24.2901 0.245306C24.3857 0.165351 24.4825 0.0857669 24.5816 0.00488281C24.4792 0.0808451 24.3823 0.161729 24.2901 0.245306ZM15.1091 16.4446C17.3852 15.4075 21.1274 13.4605 22.0982 10.9634C23.1118 8.35228 21.5495 2.72699 24.2901 0.245306C10.319 11.7933 14.8922 16.195 15.1091 16.4446Z\" fill=\"url(#paint0_linear_92_293)\"><\/path><defs><linearGradient id=\"paint0_linear_92_293\" x1=\"21.0599\" y1=\"3.83559\" x2=\"17.6953\" y2=\"15.58\" gradientUnits=\"userSpaceOnUse\"><stop stop-color=\"#32442E\"><\/stop><stop offset=\"1\" stop-color=\"#88BD2F\"><\/stop><\/linearGradient><\/defs><\/svg>\t\t\t\t\t\t<\/span>\n\t\t\t\t\t\t\t\t\t\t<span class=\"elementor-icon-list-text\">Kohaletoimetamine toimub t\u00f6\u00f6p\u00e4eviti kell 9:00\u201321:00.<\/span>\n\t\t\t\t\t\t\t\t\t<\/li>\n\t\t\t\t\t\t\t\t<li class=\"elementor-icon-list-item\">\n\t\t\t\t\t\t\t\t\t\t\t<span class=\"elementor-icon-list-icon\">\n\t\t\t\t\t\t\t<svg xmlns=\"http:\/\/www.w3.org\/2000\/svg\" width=\"25\" height=\"17\" viewBox=\"0 0 25 17\" fill=\"none\"><path d=\"M14.9046 4.18266C10.3601 7.87259 11.9382 12.7469 13.3779 16.0543C13.4442 16.2053 13.2115 12.8281 16.0184 9.91122C14.0316 12.8427 13.6315 14.7546 15.0978 16.4402C17.3745 15.4028 21.1162 13.4559 22.0859 10.9583C23.1339 8.25946 21.4289 2.33923 24.571 0C20.5927 1.9011 18.1475 1.5497 14.9047 4.18266H14.9046Z\" fill=\"#76DB00\"><\/path><path fill-rule=\"evenodd\" clip-rule=\"evenodd\" d=\"M7.01117 13.4925C9.1789 15.2599 10.7467 15.8435 12.4424 15.2025C11.9473 13.5773 10.924 10.8632 8.95408 9.81608C6.82396 8.68482 1.4619 8.7489 0 6.34912C0.943057 9.20421 0.219759 10.6985 1.91478 13.2133C4.29161 16.7369 8.73604 16.5742 11.8152 16.2287C11.9571 16.2128 9.02543 15.7786 7.01106 13.4925L7.01117 13.4925Z\" fill=\"#63B700\"><\/path><path fill-rule=\"evenodd\" clip-rule=\"evenodd\" d=\"M24.2901 0.245306C24.3857 0.165351 24.4825 0.0857669 24.5816 0.00488281C24.4792 0.0808451 24.3823 0.161729 24.2901 0.245306ZM15.1091 16.4446C17.3852 15.4075 21.1274 13.4605 22.0982 10.9634C23.1118 8.35228 21.5495 2.72699 24.2901 0.245306C10.319 11.7933 14.8922 16.195 15.1091 16.4446Z\" fill=\"url(#paint0_linear_92_293)\"><\/path><defs><linearGradient id=\"paint0_linear_92_293\" x1=\"21.0599\" y1=\"3.83559\" x2=\"17.6953\" y2=\"15.58\" gradientUnits=\"userSpaceOnUse\"><stop stop-color=\"#32442E\"><\/stop><stop offset=\"1\" stop-color=\"#88BD2F\"><\/stop><\/linearGradient><\/defs><\/svg>\t\t\t\t\t\t<\/span>\n\t\t\t\t\t\t\t\t\t\t<span class=\"elementor-icon-list-text\">Tarneaeg ja kuup\u00e4ev lepitakse iga kliendiga personaalselt kokku.<\/span>\n\t\t\t\t\t\t\t\t\t<\/li>\n\t\t\t\t\t\t\t\t<li class=\"elementor-icon-list-item\">\n\t\t\t\t\t\t\t\t\t\t\t<span class=\"elementor-icon-list-icon\">\n\t\t\t\t\t\t\t<svg xmlns=\"http:\/\/www.w3.org\/2000\/svg\" width=\"25\" height=\"17\" viewBox=\"0 0 25 17\" fill=\"none\"><path d=\"M14.9046 4.18266C10.3601 7.87259 11.9382 12.7469 13.3779 16.0543C13.4442 16.2053 13.2115 12.8281 16.0184 9.91122C14.0316 12.8427 13.6315 14.7546 15.0978 16.4402C17.3745 15.4028 21.1162 13.4559 22.0859 10.9583C23.1339 8.25946 21.4289 2.33923 24.571 0C20.5927 1.9011 18.1475 1.5497 14.9047 4.18266H14.9046Z\" fill=\"#76DB00\"><\/path><path fill-rule=\"evenodd\" clip-rule=\"evenodd\" d=\"M7.01117 13.4925C9.1789 15.2599 10.7467 15.8435 12.4424 15.2025C11.9473 13.5773 10.924 10.8632 8.95408 9.81608C6.82396 8.68482 1.4619 8.7489 0 6.34912C0.943057 9.20421 0.219759 10.6985 1.91478 13.2133C4.29161 16.7369 8.73604 16.5742 11.8152 16.2287C11.9571 16.2128 9.02543 15.7786 7.01106 13.4925L7.01117 13.4925Z\" fill=\"#63B700\"><\/path><path fill-rule=\"evenodd\" clip-rule=\"evenodd\" d=\"M24.2901 0.245306C24.3857 0.165351 24.4825 0.0857669 24.5816 0.00488281C24.4792 0.0808451 24.3823 0.161729 24.2901 0.245306ZM15.1091 16.4446C17.3852 15.4075 21.1274 13.4605 22.0982 10.9634C23.1118 8.35228 21.5495 2.72699 24.2901 0.245306C10.319 11.7933 14.8922 16.195 15.1091 16.4446Z\" fill=\"url(#paint0_linear_92_293)\"><\/path><defs><linearGradient id=\"paint0_linear_92_293\" x1=\"21.0599\" y1=\"3.83559\" x2=\"17.6953\" y2=\"15.58\" gradientUnits=\"userSpaceOnUse\"><stop stop-color=\"#32442E\"><\/stop><stop offset=\"1\" stop-color=\"#88BD2F\"><\/stop><\/linearGradient><\/defs><\/svg>\t\t\t\t\t\t<\/span>\n\t\t\t\t\t\t\t\t\t\t<span class=\"elementor-icon-list-text\">Olenevalt aadressist ja tellimuse mahust toimub kohaletoimetamine 5\u201312 t\u00f6\u00f6p\u00e4eva jooksul p\u00e4rast makse laekumist.<\/span>\n\t\t\t\t\t\t\t\t\t<\/li>\n\t\t\t\t\t\t\t\t<li class=\"elementor-icon-list-item\">\n\t\t\t\t\t\t\t\t\t\t\t<span class=\"elementor-icon-list-icon\">\n\t\t\t\t\t\t\t<svg xmlns=\"http:\/\/www.w3.org\/2000\/svg\" width=\"25\" height=\"17\" viewBox=\"0 0 25 17\" fill=\"none\"><path d=\"M14.9046 4.18266C10.3601 7.87259 11.9382 12.7469 13.3779 16.0543C13.4442 16.2053 13.2115 12.8281 16.0184 9.91122C14.0316 12.8427 13.6315 14.7546 15.0978 16.4402C17.3745 15.4028 21.1162 13.4559 22.0859 10.9583C23.1339 8.25946 21.4289 2.33923 24.571 0C20.5927 1.9011 18.1475 1.5497 14.9047 4.18266H14.9046Z\" fill=\"#76DB00\"><\/path><path fill-rule=\"evenodd\" clip-rule=\"evenodd\" d=\"M7.01117 13.4925C9.1789 15.2599 10.7467 15.8435 12.4424 15.2025C11.9473 13.5773 10.924 10.8632 8.95408 9.81608C6.82396 8.68482 1.4619 8.7489 0 6.34912C0.943057 9.20421 0.219759 10.6985 1.91478 13.2133C4.29161 16.7369 8.73604 16.5742 11.8152 16.2287C11.9571 16.2128 9.02543 15.7786 7.01106 13.4925L7.01117 13.4925Z\" fill=\"#63B700\"><\/path><path fill-rule=\"evenodd\" clip-rule=\"evenodd\" d=\"M24.2901 0.245306C24.3857 0.165351 24.4825 0.0857669 24.5816 0.00488281C24.4792 0.0808451 24.3823 0.161729 24.2901 0.245306ZM15.1091 16.4446C17.3852 15.4075 21.1274 13.4605 22.0982 10.9634C23.1118 8.35228 21.5495 2.72699 24.2901 0.245306C10.319 11.7933 14.8922 16.195 15.1091 16.4446Z\" fill=\"url(#paint0_linear_92_293)\"><\/path><defs><linearGradient id=\"paint0_linear_92_293\" x1=\"21.0599\" y1=\"3.83559\" x2=\"17.6953\" y2=\"15.58\" gradientUnits=\"userSpaceOnUse\"><stop stop-color=\"#32442E\"><\/stop><stop offset=\"1\" stop-color=\"#88BD2F\"><\/stop><\/linearGradient><\/defs><\/svg>\t\t\t\t\t\t<\/span>\n\t\t\t\t\t\t\t\t\t\t<span class=\"elementor-icon-list-text\">Kui tellimus sisaldab ka paigaldust, arvestatakse kohaletoimetamise kuup\u00e4eva m\u00e4\u00e4ramisel paigaldusmeeskonna ajakavaga.<\/span>\n\t\t\t\t\t\t\t\t\t<\/li>\n\t\t\t\t\t\t<\/ul>\n\t\t\t\t\t\t<\/div>\n\t\t\t\t<\/div>\n\t\t\t\t<\/div>\n\t\t\t\t\t<\/div>\n\t\t\t\t<\/div>\n\t\t<div class=\"elementor-element elementor-element-dc3c00b aboutus-row right-bg-img e-flex e-con-boxed e-con e-parent\" data-id=\"dc3c00b\" data-element_type=\"container\" data-e-type=\"container\" id=\"1\">\n\t\t\t\t\t<div class=\"e-con-inner\">\n\t\t<div class=\"elementor-element elementor-element-3d1078b e-con-full e-flex e-con e-child\" data-id=\"3d1078b\" data-element_type=\"container\" data-e-type=\"container\">\n\t\t\t\t<div class=\"elementor-element elementor-element-5700a3f elementor-widget elementor-widget-heading\" data-id=\"5700a3f\" data-element_type=\"widget\" data-e-type=\"widget\" data-widget_type=\"heading.default\">\n\t\t\t\t<div class=\"elementor-widget-container\">\n\t\t\t\t\t<h3 class=\"elementor-heading-title elementor-size-default\">Kauba kontroll k\u00e4ttesaamisel<\/h3>\t\t\t\t<\/div>\n\t\t\t\t<\/div>\n\t\t\t\t<div class=\"elementor-element elementor-element-a514cf4 elementor-widget elementor-widget-text-editor\" data-id=\"a514cf4\" data-element_type=\"widget\" data-e-type=\"widget\" data-widget_type=\"text-editor.default\">\n\t\t\t\t<div class=\"elementor-widget-container\">\n\t\t\t\t\t\t\t\t\t<p><span style=\"font-weight: 400;\">Palume kaup kindlasti kohe k\u00e4ttesaamisel kontrollida, vastavalt saatelehele.<\/span><\/p><p><span style=\"font-weight: 400;\">Veenduge, et olete saanud k\u00f5ik tellitud tooted \u00f5iges koguses ja heas seisukorras.<\/span><\/p><p><span style=\"font-weight: 400;\">P\u00e4rast kauba \u00fcleandmist l\u00e4heb vastutus selle s\u00e4ilimise eest \u00fcle ostjale.<\/span><\/p>\t\t\t\t\t\t\t\t<\/div>\n\t\t\t\t<\/div>\n\t\t\t\t<div class=\"elementor-element elementor-element-3355695 elementor-widget elementor-widget-heading\" data-id=\"3355695\" data-element_type=\"widget\" data-e-type=\"widget\" data-widget_type=\"heading.default\">\n\t\t\t\t<div class=\"elementor-widget-container\">\n\t\t\t\t\t<h3 class=\"elementor-heading-title elementor-size-default\">Kahjustused transpordi k\u00e4igus<\/h3>\t\t\t\t<\/div>\n\t\t\t\t<\/div>\n\t\t\t\t<div class=\"elementor-element elementor-element-2b96627 elementor-widget elementor-widget-text-editor\" data-id=\"2b96627\" data-element_type=\"widget\" data-e-type=\"widget\" data-widget_type=\"text-editor.default\">\n\t\t\t\t<div class=\"elementor-widget-container\">\n\t\t\t\t\t\t\t\t\t<p><span style=\"font-weight: 400;\">Kui m\u00e4rkate kahjustusi pakendil v\u00f5i kaubal:<\/span><\/p><ol><li style=\"font-weight: 400;\" aria-level=\"1\"><span style=\"font-weight: 400;\">Tehke fotod pakendi kahjustustest enne avamist.<\/span><\/li><li style=\"font-weight: 400;\" aria-level=\"1\"><span style=\"font-weight: 400;\">Teatage meile 3 p\u00e4eva jooksul telefoni v\u00f5i e-posti teel.<\/span><\/li><li style=\"font-weight: 400;\" aria-level=\"1\"><span style=\"font-weight: 400;\">P\u00e4rast pakendi avamist kontrollige komplektsust ning tehke fotod kahjustatud osadest.<\/span><\/li><\/ol><p>\u00a0<\/p><p><span style=\"font-weight: 400;\">Me saadame Teile puuduvad v\u00f5i kahjustatud osad v\u00f5imalikult kiiresti tasuta asemele.<\/span><\/p>\t\t\t\t\t\t\t\t<\/div>\n\t\t\t\t<\/div>\n\t\t\t\t<div class=\"elementor-element elementor-element-99b8ca6 elementor-widget elementor-widget-heading\" data-id=\"99b8ca6\" data-element_type=\"widget\" data-e-type=\"widget\" data-widget_type=\"heading.default\">\n\t\t\t\t<div class=\"elementor-widget-container\">\n\t\t\t\t\t<h3 class=\"elementor-heading-title elementor-size-default\">Mida teha, kui komplektist puudub m\u00f5ni detail<\/h3>\t\t\t\t<\/div>\n\t\t\t\t<\/div>\n\t\t\t\t<div class=\"elementor-element elementor-element-d2df4fe elementor-widget elementor-widget-text-editor\" data-id=\"d2df4fe\" data-element_type=\"widget\" data-e-type=\"widget\" data-widget_type=\"text-editor.default\">\n\t\t\t\t<div class=\"elementor-widget-container\">\n\t\t\t\t\t\t\t\t\t<p><span style=\"font-weight: 400;\">Kui avastate, et komplektis on puudu m\u00f5ni osa, andke meile sellest viivitamatult teada. Me saadame puuduolevad osad teile tasuta.<\/span><\/p>\t\t\t\t\t\t\t\t<\/div>\n\t\t\t\t<\/div>\n\t\t\t\t<div class=\"elementor-element elementor-element-75e5473 elementor-widget elementor-widget-heading\" data-id=\"75e5473\" data-element_type=\"widget\" data-e-type=\"widget\" data-widget_type=\"heading.default\">\n\t\t\t\t<div class=\"elementor-widget-container\">\n\t\t\t\t\t<h3 class=\"elementor-heading-title elementor-size-default\">Rahvusvaheline tarne<\/h3>\t\t\t\t<\/div>\n\t\t\t\t<\/div>\n\t\t\t\t<div class=\"elementor-element elementor-element-e806114 elementor-widget elementor-widget-text-editor\" data-id=\"e806114\" data-element_type=\"widget\" data-e-type=\"widget\" data-widget_type=\"text-editor.default\">\n\t\t\t\t<div class=\"elementor-widget-container\">\n\t\t\t\t\t\t\t\t\t<p><span style=\"font-weight: 400;\">V\u00e4ljaspool Eestit teenindame kliente koost\u00f6\u00f6s partner-distribuutoritega. Kauba kohaletoimetamine toimub kas partnerile v\u00f5i otse kliendi aadressile.<\/span><\/p><p><span style=\"font-weight: 400;\">Kui Teie riigis ei ole meie esindajat, kuid soovite osta Ecoslideri v\u00f5i Arbovista kasvuhoonet v\u00f5i Premifarmi nutikasvuhoonet, saame korraldada kohaletoimetamise Teie linna rahvusvaheliste logistikateenuste kaudu.<\/span><\/p><p><span style=\"font-weight: 400;\">Tingimused lepitakse kokku m\u00fc\u00fcgijuhiga.<\/span><\/p>\t\t\t\t\t\t\t\t<\/div>\n\t\t\t\t<\/div>\n\t\t\t\t<div class=\"elementor-element elementor-element-d95e212 elementor-widget elementor-widget-heading\" data-id=\"d95e212\" data-element_type=\"widget\" data-e-type=\"widget\" data-widget_type=\"heading.default\">\n\t\t\t\t<div class=\"elementor-widget-container\">\n\t\t\t\t\t<h2 class=\"elementor-heading-title elementor-size-default\">Kontaktid<\/h2>\t\t\t\t<\/div>\n\t\t\t\t<\/div>\n\t\t\t\t<div class=\"elementor-element elementor-element-68422fe elementor-icon-list--layout-traditional elementor-list-item-link-full_width elementor-widget elementor-widget-icon-list\" data-id=\"68422fe\" data-element_type=\"widget\" data-e-type=\"widget\" data-widget_type=\"icon-list.default\">\n\t\t\t\t<div class=\"elementor-widget-container\">\n\t\t\t\t\t\t\t<ul class=\"elementor-icon-list-items\">\n\t\t\t\t\t\t\t<li class=\"elementor-icon-list-item\">\n\t\t\t\t\t\t\t\t\t\t\t<a href=\"tel:+37258380100\">\n\n\t\t\t\t\t\t\t\t\t\t\t\t<span class=\"elementor-icon-list-icon\">\n\t\t\t\t\t\t\t<svg aria-hidden=\"true\" class=\"e-font-icon-svg e-fas-phone-volume\" viewBox=\"0 0 384 512\" xmlns=\"http:\/\/www.w3.org\/2000\/svg\"><path d=\"M97.333 506.966c-129.874-129.874-129.681-340.252 0-469.933 5.698-5.698 14.527-6.632 21.263-2.422l64.817 40.513a17.187 17.187 0 0 1 6.849 20.958l-32.408 81.021a17.188 17.188 0 0 1-17.669 10.719l-55.81-5.58c-21.051 58.261-20.612 122.471 0 179.515l55.811-5.581a17.188 17.188 0 0 1 17.669 10.719l32.408 81.022a17.188 17.188 0 0 1-6.849 20.958l-64.817 40.513a17.19 17.19 0 0 1-21.264-2.422zM247.126 95.473c11.832 20.047 11.832 45.008 0 65.055-3.95 6.693-13.108 7.959-18.718 2.581l-5.975-5.726c-3.911-3.748-4.793-9.622-2.261-14.41a32.063 32.063 0 0 0 0-29.945c-2.533-4.788-1.65-10.662 2.261-14.41l5.975-5.726c5.61-5.378 14.768-4.112 18.718 2.581zm91.787-91.187c60.14 71.604 60.092 175.882 0 247.428-4.474 5.327-12.53 5.746-17.552.933l-5.798-5.557c-4.56-4.371-4.977-11.529-.93-16.379 49.687-59.538 49.646-145.933 0-205.422-4.047-4.85-3.631-12.008.93-16.379l5.798-5.557c5.022-4.813 13.078-4.394 17.552.933zm-45.972 44.941c36.05 46.322 36.108 111.149 0 157.546-4.39 5.641-12.697 6.251-17.856 1.304l-5.818-5.579c-4.4-4.219-4.998-11.095-1.285-15.931 26.536-34.564 26.534-82.572 0-117.134-3.713-4.836-3.115-11.711 1.285-15.931l5.818-5.579c5.159-4.947 13.466-4.337 17.856 1.304z\"><\/path><\/svg>\t\t\t\t\t\t<\/span>\n\t\t\t\t\t\t\t\t\t\t<span class=\"elementor-icon-list-text\">+(372) 528 4 100<\/span>\n\t\t\t\t\t\t\t\t\t\t\t<\/a>\n\t\t\t\t\t\t\t\t\t<\/li>\n\t\t\t\t\t\t\t\t<li class=\"elementor-icon-list-item\">\n\t\t\t\t\t\t\t\t\t\t\t<a href=\"tel:+37255585999\">\n\n\t\t\t\t\t\t\t\t\t\t\t\t<span class=\"elementor-icon-list-icon\">\n\t\t\t\t\t\t\t<svg aria-hidden=\"true\" class=\"e-font-icon-svg e-fas-phone-volume\" viewBox=\"0 0 384 512\" xmlns=\"http:\/\/www.w3.org\/2000\/svg\"><path d=\"M97.333 506.966c-129.874-129.874-129.681-340.252 0-469.933 5.698-5.698 14.527-6.632 21.263-2.422l64.817 40.513a17.187 17.187 0 0 1 6.849 20.958l-32.408 81.021a17.188 17.188 0 0 1-17.669 10.719l-55.81-5.58c-21.051 58.261-20.612 122.471 0 179.515l55.811-5.581a17.188 17.188 0 0 1 17.669 10.719l32.408 81.022a17.188 17.188 0 0 1-6.849 20.958l-64.817 40.513a17.19 17.19 0 0 1-21.264-2.422zM247.126 95.473c11.832 20.047 11.832 45.008 0 65.055-3.95 6.693-13.108 7.959-18.718 2.581l-5.975-5.726c-3.911-3.748-4.793-9.622-2.261-14.41a32.063 32.063 0 0 0 0-29.945c-2.533-4.788-1.65-10.662 2.261-14.41l5.975-5.726c5.61-5.378 14.768-4.112 18.718 2.581zm91.787-91.187c60.14 71.604 60.092 175.882 0 247.428-4.474 5.327-12.53 5.746-17.552.933l-5.798-5.557c-4.56-4.371-4.977-11.529-.93-16.379 49.687-59.538 49.646-145.933 0-205.422-4.047-4.85-3.631-12.008.93-16.379l5.798-5.557c5.022-4.813 13.078-4.394 17.552.933zm-45.972 44.941c36.05 46.322 36.108 111.149 0 157.546-4.39 5.641-12.697 6.251-17.856 1.304l-5.818-5.579c-4.4-4.219-4.998-11.095-1.285-15.931 26.536-34.564 26.534-82.572 0-117.134-3.713-4.836-3.115-11.711 1.285-15.931l5.818-5.579c5.159-4.947 13.466-4.337 17.856 1.304z\"><\/path><\/svg>\t\t\t\t\t\t<\/span>\n\t\t\t\t\t\t\t\t\t\t<span class=\"elementor-icon-list-text\">+(372) 555 85 999<\/span>\n\t\t\t\t\t\t\t\t\t\t\t<\/a>\n\t\t\t\t\t\t\t\t\t<\/li>\n\t\t\t\t\t\t\t\t<li class=\"elementor-icon-list-item\">\n\t\t\t\t\t\t\t\t\t\t\t<a href=\"mailto:info@ecoslider.com\">\n\n\t\t\t\t\t\t\t\t\t\t\t\t<span class=\"elementor-icon-list-icon\">\n\t\t\t\t\t\t\t<svg aria-hidden=\"true\" class=\"e-font-icon-svg e-fas-mail-bulk\" viewBox=\"0 0 576 512\" xmlns=\"http:\/\/www.w3.org\/2000\/svg\"><path d=\"M160 448c-25.6 0-51.2-22.4-64-32-64-44.8-83.2-60.8-96-70.4V480c0 17.67 14.33 32 32 32h256c17.67 0 32-14.33 32-32V345.6c-12.8 9.6-32 25.6-96 70.4-12.8 9.6-38.4 32-64 32zm128-192H32c-17.67 0-32 14.33-32 32v16c25.6 19.2 22.4 19.2 115.2 86.4 9.6 6.4 28.8 25.6 44.8 25.6s35.2-19.2 44.8-22.4c92.8-67.2 89.6-67.2 115.2-86.4V288c0-17.67-14.33-32-32-32zm256-96H224c-17.67 0-32 14.33-32 32v32h96c33.21 0 60.59 25.42 63.71 57.82l.29-.22V416h192c17.67 0 32-14.33 32-32V192c0-17.67-14.33-32-32-32zm-32 128h-64v-64h64v64zm-352-96c0-35.29 28.71-64 64-64h224V32c0-17.67-14.33-32-32-32H96C78.33 0 64 14.33 64 32v192h96v-32z\"><\/path><\/svg>\t\t\t\t\t\t<\/span>\n\t\t\t\t\t\t\t\t\t\t<span class=\"elementor-icon-list-text\">info@ecoslider.com<\/span>\n\t\t\t\t\t\t\t\t\t\t\t<\/a>\n\t\t\t\t\t\t\t\t\t<\/li>\n\t\t\t\t\t\t\t\t<li class=\"elementor-icon-list-item\">\n\t\t\t\t\t\t\t\t\t\t\t<span class=\"elementor-icon-list-icon\">\n\t\t\t\t\t\t\t<svg aria-hidden=\"true\" class=\"e-font-icon-svg e-fas-info-circle\" viewBox=\"0 0 512 512\" xmlns=\"http:\/\/www.w3.org\/2000\/svg\"><path d=\"M256 8C119.043 8 8 119.083 8 256c0 136.997 111.043 248 248 248s248-111.003 248-248C504 119.083 392.957 8 256 8zm0 110c23.196 0 42 18.804 42 42s-18.804 42-42 42-42-18.804-42-42 18.804-42 42-42zm56 254c0 6.627-5.373 12-12 12h-88c-6.627 0-12-5.373-12-12v-24c0-6.627 5.373-12 12-12h12v-64h-12c-6.627 0-12-5.373-12-12v-24c0-6.627 5.373-12 12-12h64c6.627 0 12 5.373 12 12v100h12c6.627 0 12 5.373 12 12v24z\"><\/path><\/svg>\t\t\t\t\t\t<\/span>\n\t\t\t\t\t\t\t\t\t\t<span class=\"elementor-icon-list-text\">Me regime: English, Estonian, Russian<\/span>\n\t\t\t\t\t\t\t\t\t<\/li>\n\t\t\t\t\t\t<\/ul>\n\t\t\t\t\t\t<\/div>\n\t\t\t\t<\/div>\n\t\t\t\t<\/div>\n\t\t\t\t\t<\/div>\n\t\t\t\t<\/div>\n\t\t\t\t<\/div>\n\t\t","protected":false},"excerpt":{"rendered":"<p>Kohaletoimetamise tingimused Kohaletoimetamine \u00fcle Eesti Kasvuhooneid, pol\u00fckarbonaati ja nutikasvuhooneid toimetame kohale ise. Tarvikute edastamiseks kasutame Eestis tegutsevaid kuller- ja pakiteenuseid. P\u00e4rast tellimuse makse kinnitamist v\u00f5tame Teiega \u00fchendust, et kokku leppida kohaletoimetamise kuup\u00e4ev ja kellaaeg. Kuidas toimub kohaletoimetamine Kohaletoimetamine toimub t\u00f6\u00f6p\u00e4eviti kell 9:00\u201321:00. Tarneaeg ja kuup\u00e4ev lepitakse iga kliendiga personaalselt kokku. Olenevalt aadressist ja tellimuse mahust [&hellip;]<\/p>\n","protected":false},"author":1,"featured_media":0,"parent":6070,"menu_order":0,"comment_status":"closed","ping_status":"closed","template":"","meta":{"footnotes":""},"class_list":["post-6084","page","type-page","status-publish","hentry"],"_links":{"self":[{"href":"https:\/\/ecoslider.com\/et\/wp-json\/wp\/v2\/pages\/6084","targetHints":{"allow":["GET"]}}],"collection":[{"href":"https:\/\/ecoslider.com\/et\/wp-json\/wp\/v2\/pages"}],"about":[{"href":"https:\/\/ecoslider.com\/et\/wp-json\/wp\/v2\/types\/page"}],"author":[{"embeddable":true,"href":"https:\/\/ecoslider.com\/et\/wp-json\/wp\/v2\/users\/1"}],"replies":[{"embeddable":true,"href":"https:\/\/ecoslider.com\/et\/wp-json\/wp\/v2\/comments?post=6084"}],"version-history":[{"count":0,"href":"https:\/\/ecoslider.com\/et\/wp-json\/wp\/v2\/pages\/6084\/revisions"}],"up":[{"embeddable":true,"href":"https:\/\/ecoslider.com\/et\/wp-json\/wp\/v2\/pages\/6070"}],"wp:attachment":[{"href":"https:\/\/ecoslider.com\/et\/wp-json\/wp\/v2\/media?parent=6084"}],"curies":[{"name":"wp","href":"https:\/\/api.w.org\/{rel}","templated":true}]}}