{"id":6124,"date":"2025-02-25T13:49:22","date_gmt":"2025-02-25T11:49:22","guid":{"rendered":"https:\/\/ecoslider.web-design.ee\/terms-of-greenhouse-mounting\/"},"modified":"2025-11-23T06:11:28","modified_gmt":"2025-11-23T04:11:28","slug":"kokkupanek-ja-paigaldus","status":"publish","type":"page","link":"https:\/\/ecoslider.com\/et\/info\/dokumentatsioon\/kokkupanek-ja-paigaldus\/","title":{"rendered":"Kokkupanek ja paigaldus"},"content":{"rendered":"\t\t<div data-elementor-type=\"wp-page\" data-elementor-id=\"6124\" class=\"elementor elementor-6124 elementor-895\" data-elementor-post-type=\"page\">\n\t\t\t\t<div class=\"elementor-element elementor-element-25e7670 e-flex e-con-boxed e-con e-parent\" data-id=\"25e7670\" data-element_type=\"container\" data-e-type=\"container\">\n\t\t\t\t\t<div class=\"e-con-inner\">\n\t\t\t\t<div class=\"elementor-element elementor-element-c3828a1 elementor-widget elementor-widget-heading\" data-id=\"c3828a1\" data-element_type=\"widget\" data-e-type=\"widget\" data-widget_type=\"heading.default\">\n\t\t\t\t<div class=\"elementor-widget-container\">\n\t\t\t\t\t<h1 class=\"elementor-heading-title elementor-size-default\">Kasvuhoonete kokkupanek ja paigaldus\n<\/h1>\t\t\t\t<\/div>\n\t\t\t\t<\/div>\n\t\t\t\t<div class=\"elementor-element elementor-element-79ac273 elementor-widget elementor-widget-woocommerce-breadcrumb\" data-id=\"79ac273\" data-element_type=\"widget\" data-e-type=\"widget\" data-widget_type=\"woocommerce-breadcrumb.default\">\n\t\t\t\t<div class=\"elementor-widget-container\">\n\t\t\t\t\t<nav class=\"woocommerce-breadcrumb\" aria-label=\"Breadcrumb\">Esileht<\/nav>\t\t\t\t<\/div>\n\t\t\t\t<\/div>\n\t\t\t\t\t<\/div>\n\t\t\t\t<\/div>\n\t\t<div class=\"elementor-element elementor-element-3a5b511 aboutus-row e-flex e-con-boxed e-con e-parent\" data-id=\"3a5b511\" data-element_type=\"container\" data-e-type=\"container\" data-settings=\"{&quot;background_background&quot;:&quot;classic&quot;}\">\n\t\t\t\t\t<div class=\"e-con-inner\">\n\t\t<div class=\"elementor-element elementor-element-e395d76 e-con-full e-flex e-con e-child\" data-id=\"e395d76\" data-element_type=\"container\" data-e-type=\"container\">\n\t\t\t\t<div class=\"elementor-element elementor-element-c4086ee elementor-widget elementor-widget-video\" data-id=\"c4086ee\" data-element_type=\"widget\" data-e-type=\"widget\" data-settings=\"{&quot;youtube_url&quot;:&quot;https:\\\/\\\/www.youtube.com\\\/watch?v=3kS_96MYRpY&quot;,&quot;video_type&quot;:&quot;youtube&quot;,&quot;controls&quot;:&quot;yes&quot;}\" data-widget_type=\"video.default\">\n\t\t\t\t<div class=\"elementor-widget-container\">\n\t\t\t\t\t\t\t<div class=\"elementor-wrapper elementor-open-inline\">\n\t\t\t<div class=\"elementor-video\"><\/div>\t\t<\/div>\n\t\t\t\t\t\t<\/div>\n\t\t\t\t<\/div>\n\t\t\t\t<\/div>\n\t\t<div class=\"elementor-element elementor-element-d4e2783 e-con-full e-flex elementor-invisible e-con e-child\" data-id=\"d4e2783\" data-element_type=\"container\" data-e-type=\"container\" data-settings=\"{&quot;animation&quot;:&quot;fadeInLeft&quot;}\">\n\t\t\t\t<div class=\"elementor-element elementor-element-dc27e4a elementor-widget elementor-widget-heading\" data-id=\"dc27e4a\" data-element_type=\"widget\" data-e-type=\"widget\" data-widget_type=\"heading.default\">\n\t\t\t\t<div class=\"elementor-widget-container\">\n\t\t\t\t\t<h2 class=\"elementor-heading-title elementor-size-default\">Ecoslideri ja Arbovista kasvuhoonete kokkupanek ja paigaldus<\/h2>\t\t\t\t<\/div>\n\t\t\t\t<\/div>\n\t\t\t\t<div class=\"elementor-element elementor-element-021277f elementor-widget elementor-widget-text-editor\" data-id=\"021277f\" data-element_type=\"widget\" data-e-type=\"widget\" data-widget_type=\"text-editor.default\">\n\t\t\t\t<div class=\"elementor-widget-container\">\n\t\t\t\t\t\t\t\t\t<p><span style=\"font-weight: 400;\">Kaarkatuse ja viilkatusega mudelid Ecoslider ja Arbovista. <\/span><span style=\"font-weight: 400;\">Ecoslideri ja Arbovista kasvuhooneid saab paigaldada iseseisvalt v\u00f5i tellida paigalduse meie professionaalselt meeskonnalt.<\/span><span style=\"font-weight: 400;\"><br \/><\/span><span style=\"font-weight: 400;\">Paigaldusteenuse hind ja kestus s\u00f5ltuvad kasvuhoone suurusest ja mudelist.<\/span><span style=\"font-weight: 400;\"><br \/><\/span><span style=\"font-weight: 400;\">Samas tuleb arvestada paigalduskoha ettevalmistamise n\u00f5uetega, mis on kirjeldatud allpool.<\/span><\/p>\t\t\t\t\t\t\t\t<\/div>\n\t\t\t\t<\/div>\n\t\t\t\t<div class=\"elementor-element elementor-element-091cffb elementor-widget-divider--view-line elementor-widget elementor-widget-divider\" data-id=\"091cffb\" data-element_type=\"widget\" data-e-type=\"widget\" data-widget_type=\"divider.default\">\n\t\t\t\t<div class=\"elementor-widget-container\">\n\t\t\t\t\t\t\t<div class=\"elementor-divider\">\n\t\t\t<span class=\"elementor-divider-separator\">\n\t\t\t\t\t\t<\/span>\n\t\t<\/div>\n\t\t\t\t\t\t<\/div>\n\t\t\t\t<\/div>\n\t\t\t\t<div class=\"elementor-element elementor-element-440a369 elementor-widget elementor-widget-heading\" data-id=\"440a369\" data-element_type=\"widget\" data-e-type=\"widget\" data-widget_type=\"heading.default\">\n\t\t\t\t<div class=\"elementor-widget-container\">\n\t\t\t\t\t<h2 class=\"elementor-heading-title elementor-size-default\">Iseseisev paigaldus<\/h2>\t\t\t\t<\/div>\n\t\t\t\t<\/div>\n\t\t\t\t<div class=\"elementor-element elementor-element-8478c5b elementor-widget elementor-widget-text-editor\" data-id=\"8478c5b\" data-element_type=\"widget\" data-e-type=\"widget\" data-widget_type=\"text-editor.default\">\n\t\t\t\t<div class=\"elementor-widget-container\">\n\t\t\t\t\t\t\t\t\t<p><span style=\"font-weight: 400;\">Ecoslideri kasvuhoonete iseseisev kokkupanek ei n\u00f5ua erioskusi \u2013 piisab kruvikeeraja kasutamise oskusest ning juhendi j\u00e4rgimisest.<\/span><span style=\"font-weight: 400;\"><br \/><\/span><span style=\"font-weight: 400;\">Umbes pooled meie kasvuhoonetest pannakse kokku just klientide endi poolt.<\/span><\/p><p><b>Vaata videot juhistega siit:<\/b><\/p><p><a href=\"https:\/\/www.youtube.com\/watch?v=3kS_96MYRpY&amp;t=1s\"><span style=\"font-weight: 400;\">https:\/\/www.youtube.com\/watch?v=3kS_96MYRpY&amp;t=1s<\/span><\/a><\/p>\t\t\t\t\t\t\t\t<\/div>\n\t\t\t\t<\/div>\n\t\t\t\t<\/div>\n\t\t\t\t\t<\/div>\n\t\t\t\t<\/div>\n\t\t<div class=\"elementor-element elementor-element-dc3c00b aboutus-row right-bg-img  e-flex e-con-boxed e-con e-parent\" data-id=\"dc3c00b\" data-element_type=\"container\" data-e-type=\"container\" id=\"1\">\n\t\t\t\t\t<div class=\"e-con-inner\">\n\t\t<div class=\"elementor-element elementor-element-3d1078b e-con-full e-flex e-con e-child\" data-id=\"3d1078b\" data-element_type=\"container\" data-e-type=\"container\">\n\t\t\t\t<div class=\"elementor-element elementor-element-ae1ab89 elementor-widget elementor-widget-heading\" data-id=\"ae1ab89\" data-element_type=\"widget\" data-e-type=\"widget\" data-widget_type=\"heading.default\">\n\t\t\t\t<div class=\"elementor-widget-container\">\n\t\t\t\t\t<h2 class=\"elementor-heading-title elementor-size-default\">Olulised punktid<\/h2>\t\t\t\t<\/div>\n\t\t\t\t<\/div>\n\t\t\t\t<div class=\"elementor-element elementor-element-a685f91 elementor-widget elementor-widget-text-editor\" data-id=\"a685f91\" data-element_type=\"widget\" data-e-type=\"widget\" data-widget_type=\"text-editor.default\">\n\t\t\t\t<div class=\"elementor-widget-container\">\n\t\t\t\t\t\t\t\t\t<ol><li><span style=\"font-weight: 400;\"> Kasvuhoone pika eluea tagab korrektne paigaldus. J\u00e4rgige hoolikalt juhendis toodud samme.<\/span><\/li><li><span style=\"font-weight: 400;\"> Paigaldus tuleks alati teha tasandatud pinnale.<\/span><\/li><li><span style=\"font-weight: 400;\"> Kasvuhoone tuleb paigaldada v\u00e4hemalt 1,5 m kaugusele teistest objektidest (aiad, puud, muud hooned vms), kuna katuselt langev lumi v\u00f5ib koguneda k\u00fclgedele ja kahjustada konstruktsiooni.<\/span><\/li><li><span style=\"font-weight: 400;\"> Kinnitage kasvuhoone tugevasti maapinna, vundamendiraami v\u00f5i valatud vundamendi k\u00fclge \u2013 see tagab vastupidavuse tuulele ja tormidele.<\/span><\/li><\/ol><p><span style=\"font-weight: 400;\">Vale v\u00f5i n\u00f5rk paigaldus v\u00f5ib hiljem p\u00f5hjustada vundamendi liikumist k\u00fclmumise t\u00f5ttu, mis v\u00f5ib viia ukse v\u00f5i luukide kinnikiilumiseni.<\/span><\/p>\t\t\t\t\t\t\t\t<\/div>\n\t\t\t\t<\/div>\n\t\t\t\t<div class=\"elementor-element elementor-element-7e127fb elementor-widget elementor-widget-heading\" data-id=\"7e127fb\" data-element_type=\"widget\" data-e-type=\"widget\" data-widget_type=\"heading.default\">\n\t\t\t\t<div class=\"elementor-widget-container\">\n\t\t\t\t\t<h2 class=\"elementor-heading-title elementor-size-default\">Paigaldus Heikkinen O\u00dc spetsialistide poolt<\/h2>\t\t\t\t<\/div>\n\t\t\t\t<\/div>\n\t\t\t\t<div class=\"elementor-element elementor-element-75abb5f elementor-widget elementor-widget-text-editor\" data-id=\"75abb5f\" data-element_type=\"widget\" data-e-type=\"widget\" data-widget_type=\"text-editor.default\">\n\t\t\t\t<div class=\"elementor-widget-container\">\n\t\t\t\t\t\t\t\t\t<p><b><i>NB! Meie paigaldusmeeskond paigaldab ainult need kasvuhooned, mis on ostetud Heikkinen O\u00dc kaudu.<\/i><\/b><\/p>\t\t\t\t\t\t\t\t<\/div>\n\t\t\t\t<\/div>\n\t\t\t\t<div class=\"elementor-element elementor-element-cf0369a elementor-widget elementor-widget-text-editor\" data-id=\"cf0369a\" data-element_type=\"widget\" data-e-type=\"widget\" data-widget_type=\"text-editor.default\">\n\t\t\t\t<div class=\"elementor-widget-container\">\n\t\t\t\t\t\t\t\t\t<p><span style=\"font-weight: 400;\">Kui soovite tellida professionaalset paigaldust, andke sellest teada kasvuhoone tellimisel m\u00fc\u00fcgijuhile.<\/span><\/p><p><span style=\"font-weight: 400;\">Paigaldus toimub kokkulepitud ajal k\u00f5ikjal Eestis, sh saartel. Teenuse hind s\u00f5ltub mudelist ja suurusest.<\/span><\/p><p><span style=\"font-weight: 400;\">Paigaldusaeg: 1 \u2013 6 tundi. N\u00e4iteks populaarne Slider 3 x 6 m paigaldatakse tavaliselt 1 \u2013 2 tunni jooksul. Paigaldust v\u00f5ib m\u00f5jutada ilm: paigaldamine tugeva tuule v\u00f5i vihma korral on keelatud. Samuti v\u00f5ivad protsessi pikendada muud etten\u00e4gematud asjaolud.<\/span><\/p>\t\t\t\t\t\t\t\t<\/div>\n\t\t\t\t<\/div>\n\t\t\t\t<div class=\"elementor-element elementor-element-71805c2 elementor-widget elementor-widget-heading\" data-id=\"71805c2\" data-element_type=\"widget\" data-e-type=\"widget\" data-widget_type=\"heading.default\">\n\t\t\t\t<div class=\"elementor-widget-container\">\n\t\t\t\t\t<h2 class=\"elementor-heading-title elementor-size-default\">Paigalduse korraldus<\/h2>\t\t\t\t<\/div>\n\t\t\t\t<\/div>\n\t\t\t\t<div class=\"elementor-element elementor-element-57bcdc6 elementor-widget elementor-widget-text-editor\" data-id=\"57bcdc6\" data-element_type=\"widget\" data-e-type=\"widget\" data-widget_type=\"text-editor.default\">\n\t\t\t\t<div class=\"elementor-widget-container\">\n\t\t\t\t\t\t\t\t\t<p><span style=\"font-weight: 400;\">P\u00e4ev enne planeeritud paigaldust v\u00f5tab Teiega \u00fchendust meie m\u00fc\u00fcgijuht v\u00f5i paigaldusspetsialist, et kinnitada t\u00e4pne aeg.<\/span><\/p><p><span style=\"font-weight: 400;\">Paigaldusp\u00e4eval saabub meeskond kokkulepitud aadressile ja viib t\u00f6\u00f6 l\u00e4bi.<\/span><\/p>\t\t\t\t\t\t\t\t<\/div>\n\t\t\t\t<\/div>\n\t\t\t\t<div class=\"elementor-element elementor-element-2232112 elementor-widget elementor-widget-heading\" data-id=\"2232112\" data-element_type=\"widget\" data-e-type=\"widget\" data-widget_type=\"heading.default\">\n\t\t\t\t<div class=\"elementor-widget-container\">\n\t\t\t\t\t<h2 class=\"elementor-heading-title elementor-size-default\">P\u00e4rast paigaldust<\/h2>\t\t\t\t<\/div>\n\t\t\t\t<\/div>\n\t\t\t\t<div class=\"elementor-element elementor-element-d40faf1 elementor-widget elementor-widget-text-editor\" data-id=\"d40faf1\" data-element_type=\"widget\" data-e-type=\"widget\" data-widget_type=\"text-editor.default\">\n\t\t\t\t<div class=\"elementor-widget-container\">\n\t\t\t\t\t\t\t\t\t<p><span style=\"font-weight: 400;\">P\u00e4rast paigaldust tuleb Teil kontrollida kasvuhoone kokkupaneku kvaliteeti ja allkirjastada \u00fcleandmise akt, mille koopia j\u00e4\u00e4b ka Teile.Seej\u00e4rel soovitame t\u00e4ita kasvuhoone sisemuse servad mullaga, et sulgeda v\u00f5imalikud vahed, mis v\u00f5ivad tekkida ebatasase pinnase ja vundamendiraami vahele.<\/span><span style=\"font-weight: 400;\"><br \/><\/span><span style=\"font-weight: 400;\">See kaitseb konstruktsiooni tugevate tuuleiilide eest, mis v\u00f5ivad muidu kasvuhoonet kahjustada.<\/span><\/p>\t\t\t\t\t\t\t\t<\/div>\n\t\t\t\t<\/div>\n\t\t\t\t<div class=\"elementor-element elementor-element-5a01c2f elementor-widget elementor-widget-heading\" data-id=\"5a01c2f\" data-element_type=\"widget\" data-e-type=\"widget\" data-widget_type=\"heading.default\">\n\t\t\t\t<div class=\"elementor-widget-container\">\n\t\t\t\t\t<h2 class=\"elementor-heading-title elementor-size-default\">N\u00f5uded paigalduskohale<\/h2>\t\t\t\t<\/div>\n\t\t\t\t<\/div>\n\t\t\t\t<div class=\"elementor-element elementor-element-43f937d elementor-widget elementor-widget-text-editor\" data-id=\"43f937d\" data-element_type=\"widget\" data-e-type=\"widget\" data-widget_type=\"text-editor.default\">\n\t\t\t\t<div class=\"elementor-widget-container\">\n\t\t\t\t\t\t\t\t\t<p><span style=\"font-weight: 400;\">Me suhtume oma klientide soovidesse alati m\u00f5istvalt ja lugupidavalt. Kui allpool toodud n\u00f5uetest ei ole m\u00f5nda v\u00f5imalik t\u00e4ita, palume sellest eelnevalt teavitada meie m\u00fc\u00fcgijuhti \u2013 leiame kindlasti sobiva lahenduse.<\/span><\/p>\t\t\t\t\t\t\t\t<\/div>\n\t\t\t\t<\/div>\n\t\t\t\t<div class=\"elementor-element elementor-element-b19fe0f elementor-widget elementor-widget-heading\" data-id=\"b19fe0f\" data-element_type=\"widget\" data-e-type=\"widget\" data-widget_type=\"heading.default\">\n\t\t\t\t<div class=\"elementor-widget-container\">\n\t\t\t\t\t<h2 class=\"elementor-heading-title elementor-size-default\">Enne paigaldusmeeskonna saabumist palume Teil paigalduskoha ette valmistada:<\/h2>\t\t\t\t<\/div>\n\t\t\t\t<\/div>\n\t\t\t\t<div class=\"elementor-element elementor-element-3eb1a40 elementor-widget elementor-widget-text-editor\" data-id=\"3eb1a40\" data-element_type=\"widget\" data-e-type=\"widget\" data-widget_type=\"text-editor.default\">\n\t\t\t\t<div class=\"elementor-widget-container\">\n\t\t\t\t\t\t\t\t\t<ul><li style=\"font-weight: 400;\" aria-level=\"1\"><span style=\"font-weight: 400;\">Paigalduskoha pinnas peab olema tasane ja perimeetris tihendatud v\u00f5i varustatud loodis vundamendiga.<\/span><\/li><li style=\"font-weight: 400;\" aria-level=\"1\"><span style=\"font-weight: 400;\">Vahemaa kasvuhoone paigalduskohast kuni l\u00e4hima objekti (maja, piirdeaed, puu jms) peab olema v\u00e4hemalt 1.5 meetrit.<\/span><\/li><li style=\"font-weight: 400;\" aria-level=\"1\"><span style=\"font-weight: 400;\">Eelmine kasvuhoone peab olema eelnevalt eemaldatud, kui Te ei ole tellinud demonteerimist meie ettev\u00f5ttelt.<\/span><\/li><li style=\"font-weight: 400;\" aria-level=\"1\"><span style=\"font-weight: 400;\">Paigalduskohal ei tohi olla taimi, mis v\u00f5ivad segada montaa\u017ei.<\/span><\/li><li style=\"font-weight: 400;\" aria-level=\"1\"><span style=\"font-weight: 400;\">Paigalduse ajal ei tohi krundil viibida loomi.<\/span><\/li><li style=\"font-weight: 400;\" aria-level=\"1\"><span style=\"font-weight: 400;\">Krundil peab olema juurdep\u00e4\u00e4s elektrile. Selle puudumisest palume teavitada eelnevalt.<\/span><\/li><\/ul>\t\t\t\t\t\t\t\t<\/div>\n\t\t\t\t<\/div>\n\t\t\t\t<div class=\"elementor-element elementor-element-e50ca53 elementor-widget elementor-widget-heading\" data-id=\"e50ca53\" data-element_type=\"widget\" data-e-type=\"widget\" data-widget_type=\"heading.default\">\n\t\t\t\t<div class=\"elementor-widget-container\">\n\t\t\t\t\t<h2 class=\"elementor-heading-title elementor-size-default\">T\u00f6\u00f6d, mida teostame ainult eelneval kokkuleppel:<\/h2>\t\t\t\t<\/div>\n\t\t\t\t<\/div>\n\t\t\t\t<div class=\"elementor-element elementor-element-95a3424 elementor-icon-list--layout-traditional elementor-list-item-link-full_width elementor-widget elementor-widget-icon-list\" data-id=\"95a3424\" data-element_type=\"widget\" data-e-type=\"widget\" data-widget_type=\"icon-list.default\">\n\t\t\t\t<div class=\"elementor-widget-container\">\n\t\t\t\t\t\t\t<ul class=\"elementor-icon-list-items\">\n\t\t\t\t\t\t\t<li class=\"elementor-icon-list-item\">\n\t\t\t\t\t\t\t\t\t\t\t<span class=\"elementor-icon-list-icon\">\n\t\t\t\t\t\t\t<svg xmlns=\"http:\/\/www.w3.org\/2000\/svg\" width=\"25\" height=\"17\" viewBox=\"0 0 25 17\" fill=\"none\"><path d=\"M14.9046 4.18266C10.3601 7.87259 11.9382 12.7469 13.3779 16.0543C13.4442 16.2053 13.2115 12.8281 16.0184 9.91122C14.0316 12.8427 13.6315 14.7546 15.0978 16.4402C17.3745 15.4028 21.1162 13.4559 22.0859 10.9583C23.1339 8.25946 21.4289 2.33923 24.571 0C20.5927 1.9011 18.1475 1.5497 14.9047 4.18266H14.9046Z\" fill=\"#76DB00\"><\/path><path fill-rule=\"evenodd\" clip-rule=\"evenodd\" d=\"M7.01117 13.4925C9.1789 15.2599 10.7467 15.8435 12.4424 15.2025C11.9473 13.5773 10.924 10.8632 8.95408 9.81608C6.82396 8.68482 1.4619 8.7489 0 6.34912C0.943057 9.20421 0.219759 10.6985 1.91478 13.2133C4.29161 16.7369 8.73604 16.5742 11.8152 16.2287C11.9571 16.2128 9.02543 15.7786 7.01106 13.4925L7.01117 13.4925Z\" fill=\"#63B700\"><\/path><path fill-rule=\"evenodd\" clip-rule=\"evenodd\" d=\"M24.2901 0.245306C24.3857 0.165351 24.4825 0.0857669 24.5816 0.00488281C24.4792 0.0808451 24.3823 0.161729 24.2901 0.245306ZM15.1091 16.4446C17.3852 15.4075 21.1274 13.4605 22.0982 10.9634C23.1118 8.35228 21.5495 2.72699 24.2901 0.245306C10.319 11.7933 14.8922 16.195 15.1091 16.4446Z\" fill=\"url(#paint0_linear_92_293)\"><\/path><defs><linearGradient id=\"paint0_linear_92_293\" x1=\"21.0599\" y1=\"3.83559\" x2=\"17.6953\" y2=\"15.58\" gradientUnits=\"userSpaceOnUse\"><stop stop-color=\"#32442E\"><\/stop><stop offset=\"1\" stop-color=\"#88BD2F\"><\/stop><\/linearGradient><\/defs><\/svg>\t\t\t\t\t\t<\/span>\n\t\t\t\t\t\t\t\t\t\t<span class=\"elementor-icon-list-text\">Pinnaset\u00f6\u00f6d<\/span>\n\t\t\t\t\t\t\t\t\t<\/li>\n\t\t\t\t\t\t\t\t<li class=\"elementor-icon-list-item\">\n\t\t\t\t\t\t\t\t\t\t\t<span class=\"elementor-icon-list-icon\">\n\t\t\t\t\t\t\t<svg xmlns=\"http:\/\/www.w3.org\/2000\/svg\" width=\"25\" height=\"17\" viewBox=\"0 0 25 17\" fill=\"none\"><path d=\"M14.9046 4.18266C10.3601 7.87259 11.9382 12.7469 13.3779 16.0543C13.4442 16.2053 13.2115 12.8281 16.0184 9.91122C14.0316 12.8427 13.6315 14.7546 15.0978 16.4402C17.3745 15.4028 21.1162 13.4559 22.0859 10.9583C23.1339 8.25946 21.4289 2.33923 24.571 0C20.5927 1.9011 18.1475 1.5497 14.9047 4.18266H14.9046Z\" fill=\"#76DB00\"><\/path><path fill-rule=\"evenodd\" clip-rule=\"evenodd\" d=\"M7.01117 13.4925C9.1789 15.2599 10.7467 15.8435 12.4424 15.2025C11.9473 13.5773 10.924 10.8632 8.95408 9.81608C6.82396 8.68482 1.4619 8.7489 0 6.34912C0.943057 9.20421 0.219759 10.6985 1.91478 13.2133C4.29161 16.7369 8.73604 16.5742 11.8152 16.2287C11.9571 16.2128 9.02543 15.7786 7.01106 13.4925L7.01117 13.4925Z\" fill=\"#63B700\"><\/path><path fill-rule=\"evenodd\" clip-rule=\"evenodd\" d=\"M24.2901 0.245306C24.3857 0.165351 24.4825 0.0857669 24.5816 0.00488281C24.4792 0.0808451 24.3823 0.161729 24.2901 0.245306ZM15.1091 16.4446C17.3852 15.4075 21.1274 13.4605 22.0982 10.9634C23.1118 8.35228 21.5495 2.72699 24.2901 0.245306C10.319 11.7933 14.8922 16.195 15.1091 16.4446Z\" fill=\"url(#paint0_linear_92_293)\"><\/path><defs><linearGradient id=\"paint0_linear_92_293\" x1=\"21.0599\" y1=\"3.83559\" x2=\"17.6953\" y2=\"15.58\" gradientUnits=\"userSpaceOnUse\"><stop stop-color=\"#32442E\"><\/stop><stop offset=\"1\" stop-color=\"#88BD2F\"><\/stop><\/linearGradient><\/defs><\/svg>\t\t\t\t\t\t<\/span>\n\t\t\t\t\t\t\t\t\t\t<span class=\"elementor-icon-list-text\">Raskete esemete teisaldamine paigaldusala \u00fcmbrusest<\/span>\n\t\t\t\t\t\t\t\t\t<\/li>\n\t\t\t\t\t\t\t\t<li class=\"elementor-icon-list-item\">\n\t\t\t\t\t\t\t\t\t\t\t<span class=\"elementor-icon-list-icon\">\n\t\t\t\t\t\t\t<svg xmlns=\"http:\/\/www.w3.org\/2000\/svg\" width=\"25\" height=\"17\" viewBox=\"0 0 25 17\" fill=\"none\"><path d=\"M14.9046 4.18266C10.3601 7.87259 11.9382 12.7469 13.3779 16.0543C13.4442 16.2053 13.2115 12.8281 16.0184 9.91122C14.0316 12.8427 13.6315 14.7546 15.0978 16.4402C17.3745 15.4028 21.1162 13.4559 22.0859 10.9583C23.1339 8.25946 21.4289 2.33923 24.571 0C20.5927 1.9011 18.1475 1.5497 14.9047 4.18266H14.9046Z\" fill=\"#76DB00\"><\/path><path fill-rule=\"evenodd\" clip-rule=\"evenodd\" d=\"M7.01117 13.4925C9.1789 15.2599 10.7467 15.8435 12.4424 15.2025C11.9473 13.5773 10.924 10.8632 8.95408 9.81608C6.82396 8.68482 1.4619 8.7489 0 6.34912C0.943057 9.20421 0.219759 10.6985 1.91478 13.2133C4.29161 16.7369 8.73604 16.5742 11.8152 16.2287C11.9571 16.2128 9.02543 15.7786 7.01106 13.4925L7.01117 13.4925Z\" fill=\"#63B700\"><\/path><path fill-rule=\"evenodd\" clip-rule=\"evenodd\" d=\"M24.2901 0.245306C24.3857 0.165351 24.4825 0.0857669 24.5816 0.00488281C24.4792 0.0808451 24.3823 0.161729 24.2901 0.245306ZM15.1091 16.4446C17.3852 15.4075 21.1274 13.4605 22.0982 10.9634C23.1118 8.35228 21.5495 2.72699 24.2901 0.245306C10.319 11.7933 14.8922 16.195 15.1091 16.4446Z\" fill=\"url(#paint0_linear_92_293)\"><\/path><defs><linearGradient id=\"paint0_linear_92_293\" x1=\"21.0599\" y1=\"3.83559\" x2=\"17.6953\" y2=\"15.58\" gradientUnits=\"userSpaceOnUse\"><stop stop-color=\"#32442E\"><\/stop><stop offset=\"1\" stop-color=\"#88BD2F\"><\/stop><\/linearGradient><\/defs><\/svg>\t\t\t\t\t\t<\/span>\n\t\t\t\t\t\t\t\t\t\t<span class=\"elementor-icon-list-text\">Vana kasvuhoone demonteerimine v\u00f5i teisaldamine<\/span>\n\t\t\t\t\t\t\t\t\t<\/li>\n\t\t\t\t\t\t\t\t<li class=\"elementor-icon-list-item\">\n\t\t\t\t\t\t\t\t\t\t\t<span class=\"elementor-icon-list-icon\">\n\t\t\t\t\t\t\t<svg xmlns=\"http:\/\/www.w3.org\/2000\/svg\" width=\"25\" height=\"17\" viewBox=\"0 0 25 17\" fill=\"none\"><path d=\"M14.9046 4.18266C10.3601 7.87259 11.9382 12.7469 13.3779 16.0543C13.4442 16.2053 13.2115 12.8281 16.0184 9.91122C14.0316 12.8427 13.6315 14.7546 15.0978 16.4402C17.3745 15.4028 21.1162 13.4559 22.0859 10.9583C23.1339 8.25946 21.4289 2.33923 24.571 0C20.5927 1.9011 18.1475 1.5497 14.9047 4.18266H14.9046Z\" fill=\"#76DB00\"><\/path><path fill-rule=\"evenodd\" clip-rule=\"evenodd\" d=\"M7.01117 13.4925C9.1789 15.2599 10.7467 15.8435 12.4424 15.2025C11.9473 13.5773 10.924 10.8632 8.95408 9.81608C6.82396 8.68482 1.4619 8.7489 0 6.34912C0.943057 9.20421 0.219759 10.6985 1.91478 13.2133C4.29161 16.7369 8.73604 16.5742 11.8152 16.2287C11.9571 16.2128 9.02543 15.7786 7.01106 13.4925L7.01117 13.4925Z\" fill=\"#63B700\"><\/path><path fill-rule=\"evenodd\" clip-rule=\"evenodd\" d=\"M24.2901 0.245306C24.3857 0.165351 24.4825 0.0857669 24.5816 0.00488281C24.4792 0.0808451 24.3823 0.161729 24.2901 0.245306ZM15.1091 16.4446C17.3852 15.4075 21.1274 13.4605 22.0982 10.9634C23.1118 8.35228 21.5495 2.72699 24.2901 0.245306C10.319 11.7933 14.8922 16.195 15.1091 16.4446Z\" fill=\"url(#paint0_linear_92_293)\"><\/path><defs><linearGradient id=\"paint0_linear_92_293\" x1=\"21.0599\" y1=\"3.83559\" x2=\"17.6953\" y2=\"15.58\" gradientUnits=\"userSpaceOnUse\"><stop stop-color=\"#32442E\"><\/stop><stop offset=\"1\" stop-color=\"#88BD2F\"><\/stop><\/linearGradient><\/defs><\/svg>\t\t\t\t\t\t<\/span>\n\t\t\t\t\t\t\t\t\t\t<span class=\"elementor-icon-list-text\">Konstruktsiooniliste muudatuste tegemine kasvuhoonel paigaldamise k\u00e4igus.<\/span>\n\t\t\t\t\t\t\t\t\t<\/li>\n\t\t\t\t\t\t<\/ul>\n\t\t\t\t\t\t<\/div>\n\t\t\t\t<\/div>\n\t\t\t\t<div class=\"elementor-element elementor-element-8959bee elementor-widget elementor-widget-text-editor\" data-id=\"8959bee\" data-element_type=\"widget\" data-e-type=\"widget\" data-widget_type=\"text-editor.default\">\n\t\t\t\t<div class=\"elementor-widget-container\">\n\t\t\t\t\t\t\t\t\t<p>\u00a0<\/p><p>We respect and understand our customers\u2019 needs. If any of the above requirements cannot be met, please notify your manager in advance, and we will work together to find a suitable solution.<\/p><p><em>As the head of the company I attach great importance to the opinions of our customers. I strive to ensure that are services always remain at top quality, so I ask you to send all your suggestions, comments, possible claims and gratitude to my corporate and\/or personal e-mail:\u00a0<a href=\"mailto:a.farber@ecoslider.com\">a.farber@ecoslider.com<\/a>\u00a0.<\/em><\/p><p>With gratitude,<br \/>Board member<br \/>A. Farber<\/p>\t\t\t\t\t\t\t\t<\/div>\n\t\t\t\t<\/div>\n\t\t\t\t<\/div>\n\t\t\t\t\t<\/div>\n\t\t\t\t<\/div>\n\t\t\t\t<\/div>\n\t\t","protected":false},"excerpt":{"rendered":"<p>Kasvuhoonete kokkupanek ja paigaldus Ecoslideri ja Arbovista kasvuhoonete kokkupanek ja paigaldus Kaarkatuse ja viilkatusega mudelid Ecoslider ja Arbovista. Ecoslideri ja Arbovista kasvuhooneid saab paigaldada iseseisvalt v\u00f5i tellida paigalduse meie professionaalselt meeskonnalt.Paigaldusteenuse hind ja kestus s\u00f5ltuvad kasvuhoone suurusest ja mudelist.Samas tuleb arvestada paigalduskoha ettevalmistamise n\u00f5uetega, mis on kirjeldatud allpool. Iseseisev paigaldus Ecoslideri kasvuhoonete iseseisev kokkupanek ei [&hellip;]<\/p>\n","protected":false},"author":1,"featured_media":15343,"parent":15256,"menu_order":0,"comment_status":"closed","ping_status":"closed","template":"","meta":{"footnotes":""},"class_list":["post-6124","page","type-page","status-publish","has-post-thumbnail","hentry"],"_links":{"self":[{"href":"https:\/\/ecoslider.com\/et\/wp-json\/wp\/v2\/pages\/6124","targetHints":{"allow":["GET"]}}],"collection":[{"href":"https:\/\/ecoslider.com\/et\/wp-json\/wp\/v2\/pages"}],"about":[{"href":"https:\/\/ecoslider.com\/et\/wp-json\/wp\/v2\/types\/page"}],"author":[{"embeddable":true,"href":"https:\/\/ecoslider.com\/et\/wp-json\/wp\/v2\/users\/1"}],"replies":[{"embeddable":true,"href":"https:\/\/ecoslider.com\/et\/wp-json\/wp\/v2\/comments?post=6124"}],"version-history":[{"count":0,"href":"https:\/\/ecoslider.com\/et\/wp-json\/wp\/v2\/pages\/6124\/revisions"}],"up":[{"embeddable":true,"href":"https:\/\/ecoslider.com\/et\/wp-json\/wp\/v2\/pages\/15256"}],"wp:featuredmedia":[{"embeddable":true,"href":"https:\/\/ecoslider.com\/et\/wp-json\/wp\/v2\/media\/15343"}],"wp:attachment":[{"href":"https:\/\/ecoslider.com\/et\/wp-json\/wp\/v2\/media?parent=6124"}],"curies":[{"name":"wp","href":"https:\/\/api.w.org\/{rel}","templated":true}]}}