{"id":13001,"date":"2025-07-31T15:13:44","date_gmt":"2025-07-31T12:13:44","guid":{"rendered":"https:\/\/ecoslider.web-design.ee\/product\/47-litre-tank-inc-lid-top-hat-grommet\/"},"modified":"2026-03-01T17:39:36","modified_gmt":"2026-03-01T15:39:36","slug":"47-liitrine-vihmavee-kogumise-paak-kaanega","status":"publish","type":"product","link":"https:\/\/ecoslider.com\/et\/shop\/kasvuhooned-ecoslider\/kasvuhoone-tarvikud\/taimede-kastmine\/47-liitrine-vihmavee-kogumise-paak-kaanega\/","title":{"rendered":"47-liitrine vihmavee kogumise paak kaanega"},"content":{"rendered":"<p>Vihmavee kogumise paak. Komplekti kuulub kaas avaga, kuhu juhitakse sadevesi. Paagi allosas on ette n\u00e4htud ava kastmiss\u00fcsteemi \u00fchendamiseks. Sobib suurep\u00e4raselt meie House Lux ja House kasvuhoonete vihmavees\u00fcsteemiga ning Microdrip 15 kastmiss\u00fcsteemiga. Stiilne lahendus.<\/p>\n<h3><strong>V\u00f5imalik osta eraldi v\u00f5i koos vihmavees\u00fcsteemiga kasvuhoonetele:<\/strong><\/h3>\n<ul>\n<li><u><u><a href=\"https:\/\/ecoslider.com\/et\/tootekategooria\/kasvuhooned-ecoslider\/viilkatusega-kasvuhooned-house\/\" target=\"_blank\" rel=\"noopener\">House<\/a><\/u><\/u>\n<ul>\n<li><a href=\"https:\/\/ecoslider.com\/et\/shop\/kasvuhooned-ecoslider\/kasvuhoone-tarvikud\/taimede-kastmine\/vihmaveesusteem-house\/\">Vihmavees\u00fcsteem House<\/a><\/li>\n<\/ul>\n<\/li>\n<\/ul>\n<ul>\n<li><u><u><a href=\"https:\/\/ecoslider.com\/et\/tootekategooria\/kasvuhooned-ecoslider\/viilkatusega-kasvuhooned-house-lux\/\" target=\"_blank\" rel=\"noopener\">House Lux<\/a><\/u><\/u> ,\u00a0<u><u><a href=\"https:\/\/ecoslider.com\/et\/tootekategooria\/kasvuhooned-ecoslider\/viilkatusega-kasvuhooned-house-lux-glass\/\" target=\"_blank\" rel=\"noopener\">House Lux Glass<\/a><\/u><\/u> ,\u00a0<u><u><a href=\"https:\/\/ecoslider.com\/et\/tootekategooria\/kasvuhooned-ecoslider\/viilkatusega-kasvuhooned-house-lux-monolithic\/\" target=\"_blank\" rel=\"noopener\">House Lux Monolithic<\/a><\/u><\/u>\n<ul>\n<li><a href=\"https:\/\/ecoslider.com\/et\/shop\/kasvuhooned-ecoslider\/kasvuhoone-tarvikud\/taimede-kastmine\/vihmaveesusteem-house-lux\/\">Vihmavees\u00fcsteem House Lux<\/a><\/li>\n<\/ul>\n<\/li>\n<\/ul>\n<ul>\n<li><u><u><a href=\"https:\/\/ecoslider.com\/et\/shop\/kasvuhooned-ecoslider\/kasvuhoone-tarvikud\/taimede-kastmine\/autonoomne-kastmissusteem-micro-drip-15\/\" target=\"_blank\" rel=\"noopener\">Autonoomne kastmiss\u00fcsteem Micro-Drip 15<\/a><\/u><\/u><\/li>\n<\/ul>\n<p>&nbsp;<\/p>\n<p>&nbsp;<\/p>\n","protected":false},"excerpt":{"rendered":"<p>Vihmavee kogumise paak. Komplekti kuulub kaas avaga, kuhu juhitakse sadevesi. Paagi allosas on ette n\u00e4htud ava kastmiss\u00fcsteemi \u00fchendamiseks. Sobib suurep\u00e4raselt meie House Lux ja House kasvuhoonete vihmavees\u00fcsteemiga ning Microdrip 15 kastmiss\u00fcsteemiga. Stiilne lahendus. V\u00f5imalik osta eraldi v\u00f5i koos vihmavees\u00fcsteemiga kasvuhoonetele: House Vihmavees\u00fcsteem House House Lux ,\u00a0House Lux Glass ,\u00a0House Lux Monolithic Vihmavees\u00fcsteem House Lux Autonoomne [&hellip;]<\/p>\n","protected":false},"featured_media":10121,"comment_status":"open","ping_status":"closed","template":"","meta":[],"product_brand":[],"product_cat":[205,200,210],"product_tag":[],"class_list":{"0":"post-13001","1":"product","2":"type-product","3":"status-publish","4":"has-post-thumbnail","6":"product_cat-kasvuhoone-tarvikud","7":"product_cat-kogu-kaup","8":"product_cat-taimede-kastmine","9":"pa_greenhouse-accessories-type-taimede-kastmine","10":"pa_product-type-kasvuhoonete-aksessuaarid-ja-varuosad","12":"first","13":"instock","14":"taxable","15":"shipping-taxable","16":"purchasable","17":"product-type-simple"},"_links":{"self":[{"href":"https:\/\/ecoslider.com\/et\/wp-json\/wp\/v2\/product\/13001","targetHints":{"allow":["GET"]}}],"collection":[{"href":"https:\/\/ecoslider.com\/et\/wp-json\/wp\/v2\/product"}],"about":[{"href":"https:\/\/ecoslider.com\/et\/wp-json\/wp\/v2\/types\/product"}],"replies":[{"embeddable":true,"href":"https:\/\/ecoslider.com\/et\/wp-json\/wp\/v2\/comments?post=13001"}],"wp:featuredmedia":[{"embeddable":true,"href":"https:\/\/ecoslider.com\/et\/wp-json\/wp\/v2\/media\/10121"}],"wp:attachment":[{"href":"https:\/\/ecoslider.com\/et\/wp-json\/wp\/v2\/media?parent=13001"}],"wp:term":[{"taxonomy":"product_brand","embeddable":true,"href":"https:\/\/ecoslider.com\/et\/wp-json\/wp\/v2\/product_brand?post=13001"},{"taxonomy":"product_cat","embeddable":true,"href":"https:\/\/ecoslider.com\/et\/wp-json\/wp\/v2\/product_cat?post=13001"},{"taxonomy":"product_tag","embeddable":true,"href":"https:\/\/ecoslider.com\/et\/wp-json\/wp\/v2\/product_tag?post=13001"}],"curies":[{"name":"wp","href":"https:\/\/api.w.org\/{rel}","templated":true}]}}