{"id":20444,"date":"2026-01-15T12:09:01","date_gmt":"2026-01-15T10:09:01","guid":{"rendered":"https:\/\/ecoslider.com\/?post_type=product&#038;p=20444"},"modified":"2026-01-15T12:27:14","modified_gmt":"2026-01-15T10:27:14","slug":"elektri-ja-veemoodul-electrowater-hobedane","status":"publish","type":"product","link":"https:\/\/ecoslider.com\/et\/shop\/kasvuhooned-ecoslider\/kasvuhoone-tarvikud\/taimede-kastmine\/elektri-ja-veemoodul-electrowater-hobedane\/","title":{"rendered":"Elektri- ja veemoodul Electro&#038;Water, h\u00f5bedane"},"content":{"rendered":"<p><span style=\"font-weight: 400;\">Elektri-ja veevarustuse moodulil Electro&amp;Water Module (h\u00f5bedane v\u00e4rvi) on kaks 220 V pistikupesa ja \u00fcks kiirkinnitusega \u00fchendus veevoolikule. Moodul on m\u00f5eldud kasvuhoone sees kasutamiseks.<\/span><\/p>\n<p><span style=\"font-weight: 400;\">Uuringud on n\u00e4idanud, et paljud kliendid kasutavad kasvuhoonetes elektriseadmeid (lisavalgustid, k\u00fcttekehad, automaatsed kastmisseadmed jne). Enamikul kasvuhoonete kasutajatel on raskusi nende seadmete jaoks vajalike elektrijuhtmete ja kastmisvoolikute paigutamisega. Juhtmete ja voolikute viimine l\u00e4bi ukseava on reeglina ebamugav, sest ust ei saa siis enam tihedalt sulgeda.<\/span><\/p>\n<p><span style=\"font-weight: 400;\">Et teha EcoSlider kasvuhoonete kasutamine mugavamaks, on meie firmas v\u00e4lja t\u00f6\u00f6tatud mugav lahendus elektrijuhtmete ja vooliku \u00fchendamiseks \u00fche ja sama mooduli kaudu.<\/span><\/p>\n","protected":false},"excerpt":{"rendered":"<p>Elektri-ja veevarustuse moodulil Electro&amp;Water Module (h\u00f5bedane v\u00e4rvi) on kaks 220 V pistikupesa ja \u00fcks kiirkinnitusega \u00fchendus veevoolikule. Moodul on m\u00f5eldud kasvuhoone sees kasutamiseks. Uuringud on n\u00e4idanud, et paljud kliendid kasutavad kasvuhoonetes elektriseadmeid (lisavalgustid, k\u00fcttekehad, automaatsed kastmisseadmed jne). Enamikul kasvuhoonete kasutajatel on raskusi nende seadmete jaoks vajalike elektrijuhtmete ja kastmisvoolikute paigutamisega. Juhtmete ja voolikute viimine l\u00e4bi [&hellip;]<\/p>\n","protected":false},"featured_media":9192,"comment_status":"closed","ping_status":"closed","template":"","meta":[],"product_brand":[597],"product_cat":[202,205,200,210],"product_tag":[],"class_list":{"0":"post-20444","1":"product","2":"type-product","3":"status-publish","4":"has-post-thumbnail","6":"product_brand-ecoslider-brand","7":"product_cat-kasvuhooned-ecoslider","8":"product_cat-kasvuhoone-tarvikud","9":"product_cat-kogu-kaup","10":"product_cat-taimede-kastmine","11":"pa_greenhouse-accessories-type-taimede-kastmine","12":"pa_product-type-kasvuhoonete-aksessuaarid-ja-varuosad","14":"first","15":"instock","16":"taxable","17":"shipping-taxable","18":"purchasable","19":"product-type-simple"},"_links":{"self":[{"href":"https:\/\/ecoslider.com\/et\/wp-json\/wp\/v2\/product\/20444","targetHints":{"allow":["GET"]}}],"collection":[{"href":"https:\/\/ecoslider.com\/et\/wp-json\/wp\/v2\/product"}],"about":[{"href":"https:\/\/ecoslider.com\/et\/wp-json\/wp\/v2\/types\/product"}],"replies":[{"embeddable":true,"href":"https:\/\/ecoslider.com\/et\/wp-json\/wp\/v2\/comments?post=20444"}],"wp:featuredmedia":[{"embeddable":true,"href":"https:\/\/ecoslider.com\/et\/wp-json\/wp\/v2\/media\/9192"}],"wp:attachment":[{"href":"https:\/\/ecoslider.com\/et\/wp-json\/wp\/v2\/media?parent=20444"}],"wp:term":[{"taxonomy":"product_brand","embeddable":true,"href":"https:\/\/ecoslider.com\/et\/wp-json\/wp\/v2\/product_brand?post=20444"},{"taxonomy":"product_cat","embeddable":true,"href":"https:\/\/ecoslider.com\/et\/wp-json\/wp\/v2\/product_cat?post=20444"},{"taxonomy":"product_tag","embeddable":true,"href":"https:\/\/ecoslider.com\/et\/wp-json\/wp\/v2\/product_tag?post=20444"}],"curies":[{"name":"wp","href":"https:\/\/api.w.org\/{rel}","templated":true}]}}