{"id":22235,"date":"2026-03-20T12:27:41","date_gmt":"2026-03-20T10:27:41","guid":{"rendered":"https:\/\/ecoslider.com\/?post_type=product&#038;p=22235"},"modified":"2026-03-25T10:04:33","modified_gmt":"2026-03-25T08:04:33","slug":"konstruktor-house-lux-glass-laius-2-5m-4mm","status":"publish","type":"product","link":"https:\/\/ecoslider.com\/et\/shop\/kasvuhooned-ecoslider\/viilkatusega-kasvuhooned-house-lux-glass\/konstruktor-house-lux-glass-laius-2-5m-4mm\/","title":{"rendered":"Ecoslider House Lux Glass viilkatusega kasvuhoone, laius 2.5m, 4mm"},"content":{"rendered":"<p><b>Ecoslider House Lux Glass 2,5 m<\/b><span style=\"font-weight: 400;\"> on elegantne klaaskasvuhoone neile, kes hindavad lisaks praktilisusele ka kaunist arhitektuuri oma aias. T\u00e4nu l\u00e4bipaistvatele klaaspaneelidele n\u00e4eb kasvuhoone sisemus valgusk\u00fcllane v\u00e4lja ning kasvuhoone ise muutub mitte lihtsalt taimede kasvatamise kohaks, vaid aia harmooniliseks osaks.<\/span><\/p>\n<p><b>Tugev ja vastupidav karkass<\/b><\/p>\n<p><b><\/b><span style=\"font-weight: 400;\">Kasvuhoone karkass on valmistatud tsingitud terasest, mille tsingikiht on 275 g\/m\u00b2, mis aitab metalli t\u00f5husalt korrosiooni eest kaitsta. T\u00e4iendav kahepoolne pol\u00fcmeerkate annab konstruktsioonile elegantse musta v\u00e4rvi.<br \/>\n<\/span><span style=\"font-weight: 400;\">Ecoslideri tugevdatud patenteeritud fermid jaotavad lumekoormuse \u00fchtlaselt ning lisavad konstruktsioonile j\u00e4ikust. Kasvuhoone on projekteeritud taluma tuult kuni 38 m\/s (90 kg\/m\u00b2) ja lumekoormust kuni 958 kg\/m\u00b2, mist\u00f5ttu sobib see h\u00e4sti kasutamiseks P\u00f5hja-Euroopa kliimas.<\/span><\/p>\n<p><b>Karastatud klaasist kate<\/b><\/p>\n<p><span style=\"font-weight: 400;\">Selle mudeli peamine erip\u00e4ra on 4 mm l\u00e4bipaistev karastatud klaas. Selle eelised on:<\/span><\/p>\n<ul>\n<li style=\"font-weight: 400;\"><span style=\"font-weight: 400;\">k\u00f5rge l\u00f6\u00f6gikindlus v\u00f5rreldes orgaanilise klaasiga;<\/span><\/li>\n<li style=\"font-weight: 400;\"><span style=\"font-weight: 400;\">vastupidavus temperatuurik\u00f5ikumistele;<\/span><\/li>\n<li style=\"font-weight: 400;\"><span style=\"font-weight: 400;\">ideaalne sile ja esteetiline pind;<\/span><\/li>\n<li style=\"font-weight: 400;\"><span style=\"font-weight: 400;\">k\u00f5rge valgusl\u00e4bilaskvus, t\u00e4nu millele saavad taimed maksimaalselt loomulikku valgust.<\/span><\/li>\n<\/ul>\n<p><span style=\"font-weight: 400;\">Karastatud klaas on kasutamisel ohutu: purunemise korral laguneb see v\u00e4ikesteks mitte-teravateks t\u00fckkideks. Iga klaaspaneel kinnitatakse tugeva kummitihendiga, mis v\u00e4hendab vibratsiooni ja kompenseerib materjali temperatuurilisi paisumisi.<\/span><\/p>\n<p><b>Integreeritud ventilatsioon<\/b><\/p>\n<p><b><\/b><span style=\"font-weight: 400;\">Kasvuhoonesse p\u00e4\u00e4seb l\u00e4bi otsaseinas asuva l\u00fckandukse. Ventilatsiooniks on ette n\u00e4htud 2 SmartVentori lamelltuulutusluuki, mis paiknevad m\u00f5lemas otsas ja aitavad hoida kasvuhoones meeldivat mikrokliimat.<\/span><\/p>\n<p><b>Kohaletoimetamine ja paigaldus<\/b><\/p>\n<p><b>Ecoslider House Lux Glass 2,5 m<\/b><span style=\"font-weight: 400;\"> tarnitakse eelkoostatud kujul: otsad on tehases juba kokku pandud ning klaas on paigaldatud otsadesse ja ustesse. T\u00e4nu sellele on paigaldusaeg l\u00fchem.<\/span><\/p>\n","protected":false},"excerpt":{"rendered":"<p>Ecoslider House Lux Glass 2,5 m on elegantne klaaskasvuhoone neile, kes hindavad lisaks praktilisusele ka kaunist arhitektuuri oma aias. T\u00e4nu l\u00e4bipaistvatele klaaspaneelidele n\u00e4eb kasvuhoone sisemus valgusk\u00fcllane v\u00e4lja ning kasvuhoone ise muutub mitte lihtsalt taimede kasvatamise kohaks, vaid aia harmooniliseks osaks. Tugev ja vastupidav karkass Kasvuhoone karkass on valmistatud tsingitud terasest, mille tsingikiht on 275 g\/m\u00b2, [&hellip;]<\/p>\n","protected":false},"featured_media":22327,"comment_status":"open","ping_status":"closed","template":"","meta":[],"product_brand":[597],"product_cat":[202,228,200,224],"product_tag":[256],"class_list":{"0":"post-22235","1":"product","2":"type-product","3":"status-publish","4":"has-post-thumbnail","6":"product_brand-ecoslider-brand","7":"product_cat-kasvuhooned-ecoslider","8":"product_cat-kasvuhoonete-konstruktor","9":"product_cat-kogu-kaup","10":"product_cat-viilkatusega-kasvuhooned-house-lux-glass","11":"product_tag-construtor-et","12":"pa_greenhouse-covering-karastatud-klaas-4mm","13":"pa_greenhouse-frame-teras","14":"pa_greenhouse-kits-konstruktor","15":"pa_greenhouse-shape-viilkatusega-majakatusega","16":"pa_greenhouse-type-hobikasvuhoone","17":"pa_greenhouse-width-filter-2-5m-et","18":"pa_product-type-ecoslideri-kasvuhooned","20":"first","21":"instock","22":"sale","23":"taxable","24":"shipping-taxable","25":"purchasable","26":"product-type-variable"},"_links":{"self":[{"href":"https:\/\/ecoslider.com\/et\/wp-json\/wp\/v2\/product\/22235","targetHints":{"allow":["GET"]}}],"collection":[{"href":"https:\/\/ecoslider.com\/et\/wp-json\/wp\/v2\/product"}],"about":[{"href":"https:\/\/ecoslider.com\/et\/wp-json\/wp\/v2\/types\/product"}],"replies":[{"embeddable":true,"href":"https:\/\/ecoslider.com\/et\/wp-json\/wp\/v2\/comments?post=22235"}],"wp:featuredmedia":[{"embeddable":true,"href":"https:\/\/ecoslider.com\/et\/wp-json\/wp\/v2\/media\/22327"}],"wp:attachment":[{"href":"https:\/\/ecoslider.com\/et\/wp-json\/wp\/v2\/media?parent=22235"}],"wp:term":[{"taxonomy":"product_brand","embeddable":true,"href":"https:\/\/ecoslider.com\/et\/wp-json\/wp\/v2\/product_brand?post=22235"},{"taxonomy":"product_cat","embeddable":true,"href":"https:\/\/ecoslider.com\/et\/wp-json\/wp\/v2\/product_cat?post=22235"},{"taxonomy":"product_tag","embeddable":true,"href":"https:\/\/ecoslider.com\/et\/wp-json\/wp\/v2\/product_tag?post=22235"}],"curies":[{"name":"wp","href":"https:\/\/api.w.org\/{rel}","templated":true}]}}