{"id":6234,"date":"2025-03-21T15:36:32","date_gmt":"2025-03-21T13:36:32","guid":{"rendered":"https:\/\/ecoslider.web-design.ee\/product\/ready-house-lux-monolithic-2-5x4-1m\/"},"modified":"2026-03-02T11:08:42","modified_gmt":"2026-03-02T09:08:42","slug":"komplekt-house-lux-monolithic-2-5x4-1m","status":"publish","type":"product","link":"https:\/\/ecoslider.com\/et\/shop\/kasvuhooned-ecoslider\/kasvuhoone-komplektid\/komplekt-house-lux-monolithic-2-5x4-1m\/","title":{"rendered":"Viilkatusega kasvuhoone Ecoslider House Lux Monolithic 2.5&#215;4.1m (10.25m\u00b2)"},"content":{"rendered":"<p><span style=\"font-weight: 400;\">Ecoslider House Lux Monolithic 2.5 \u00d7 4.1 on stiilne ja vastupidav premium-klassi kasvuhoone, millel on l\u00e4bipaistev ja l\u00f6\u00f6gikindel 4 mm monoliitsest pol\u00fckarbonaadist kate. Selle kasvuhoone erip\u00e4raks on kaasaegne v\u00e4limus (esmapilgul sarnaneb klaasiga), tugev konstruktsioon ja pikk kasutusiga. Sobib suurep\u00e4raselt nii k\u00f6\u00f6giviljade ja maitsetaimede kasvatamiseks kui ka hubase aia- v\u00f5i puhkenurga loomiseks.<\/span><\/p>\n<p><b><i>Peamised omadused:<\/i><\/b><\/p>\n<p><span style=\"font-weight: 400;\">Kasvuhoone pindala on 10,25 m\u00b2, mis v\u00f5imaldab sisepinda t\u00f5husalt \u00e4ra kasutada \u2014 paigutada peenraid, riiuleid ja riputatavaid lillepotte. Komplektis on taimede sidumise komplekt, mis koosneb metallprofiilidest ja konksudega liuguritest, mille k\u00fclge on mugav taimi siduda.<\/span><\/p>\n<p><b><i>Vastupidav konstruktsioon:<\/i><\/b><\/p>\n<p><span style=\"font-weight: 400;\">Kasvuhoone karkass on valmistatud kuumtsingitud terasest (275 g\/m\u00b2) ning tugevdatud patenteeritud fermlahendustega, mis taluvad tormituuli ja lumekoormust kuni 1050 kg\/m\u00b2.<\/span><span style=\"font-weight: 400;\"><br \/>\n<\/span><span style=\"font-weight: 400;\">See mudel sobib ideaalselt p\u00f5hjamaise kliimaga piirkondadesse \u2013 populaarne valik Eestis, Soomes, Norras ja Kanadas.<\/span><\/p>\n<p><b><i>Monoliitne kate:<\/i><\/b><\/p>\n<p><span style=\"font-weight: 400;\">Erinevalt tavap\u00e4rasest k\u00e4rgpol\u00fckarbonaadist meenutab 4 mm monoliitne pol\u00fckarbonaat v\u00e4limuselt klaasi, kuid on tunduvalt vastupidavam ja ohutum.<\/span><span style=\"font-weight: 400;\"><br \/>\n<\/span><span style=\"font-weight: 400;\">See laseb suurep\u00e4raselt l\u00e4bi valgust, on UV-kindel ega kaota aja jooksul oma l\u00e4bipaistvust.<\/span><span style=\"font-weight: 400;\"><br \/>\n<\/span><span style=\"font-weight: 400;\">Kattematerjal kinnitatakse tugeva kummitihendi abil.<\/span><\/p>\n<p><b><i>Ventilatsioon:<\/i><\/b><\/p>\n<p><span style=\"font-weight: 400;\">\u00d5huringluse tagamiseks on p\u00f5hikomplektis ette n\u00e4htud:<\/span><\/p>\n<ul>\n<li style=\"font-weight: 400;\"><span style=\"font-weight: 400;\">Smartventor tuulutusavad ustest k\u00f5rgemal otsaseintes<\/span><\/li>\n<li style=\"font-weight: 400;\"><span style=\"font-weight: 400;\">2 k\u00e4sitsi avatavat tuulutusakent<\/span><\/li>\n<li style=\"font-weight: 400;\"><span style=\"font-weight: 400;\">Aknaavad m\u00f5lemas uksepoolel<\/span><\/li>\n<\/ul>\n<p><span style=\"font-weight: 400;\">T\u00e4iendava mugavuse huvides saab tellida automaatse katuseluuki, mis t\u00f6\u00f6tab Univent-automaatika alusel.<\/span><span style=\"font-weight: 400;\"><br \/>\n<\/span><span style=\"font-weight: 400;\">Sooja v\u00f5i jaheda \u00f5hu m\u00f5jul avaneb ja sulgub luuk iseseisvalt \u2013 elektri\u00fchendust ei ole vaja.<\/span><\/p>\n<p><b><i>Kohaletoimetamine ja paigaldus<\/i><\/b><\/p>\n<p><span style=\"font-weight: 400;\">Kasvuhoone tarnitakse kompaktses pakendis \u2013 detailid ei ole eelnevalt suurteks segmentideks kokku pandud, mis teeb transpordi lihtsamaks ja mugavamaks.<\/span><\/p>\n<p><span style=\"font-weight: 400;\">Kasvuhoone saab ise kokku panna kaasasoleva juhendi j\u00e4rgi, kuid soovi korral on v\u00f5imalik tellida ka professionaalne paigaldus meie spetsialistidelt.<\/span><\/p>\n<p><span style=\"font-weight: 400;\">Ecoslider House Lux Monolithic 2,5 \u00d7 4,1 on vastupidav, valgusk\u00fcllane ja turvaline kasvuhoone, mis kaunistab teie aeda ja loob taimedele mugavad kasvutingimused aastateks.<\/span><\/p>\n","protected":false},"excerpt":{"rendered":"<p>Ecoslider House Lux Monolithic 2.5 \u00d7 4.1 on stiilne ja vastupidav premium-klassi kasvuhoone, millel on l\u00e4bipaistev ja l\u00f6\u00f6gikindel 4 mm monoliitsest pol\u00fckarbonaadist kate. Selle kasvuhoone erip\u00e4raks on kaasaegne v\u00e4limus (esmapilgul sarnaneb klaasiga), tugev konstruktsioon ja pikk kasutusiga. Sobib suurep\u00e4raselt nii k\u00f6\u00f6giviljade ja maitsetaimede kasvatamiseks kui ka hubase aia- v\u00f5i puhkenurga loomiseks. Peamised omadused: Kasvuhoone pindala [&hellip;]<\/p>\n","protected":false},"featured_media":21363,"comment_status":"open","ping_status":"closed","template":"","meta":[],"product_brand":[],"product_cat":[214,202,200,226],"product_tag":[],"class_list":{"0":"post-6234","1":"product","2":"type-product","3":"status-publish","4":"has-post-thumbnail","6":"product_cat-kasvuhoone-komplektid","7":"product_cat-kasvuhooned-ecoslider","8":"product_cat-kogu-kaup","9":"product_cat-viilkatusega-kasvuhooned-house-lux-monolithic","10":"pa_greenhouse-covering-monoliitne-polykarbonaat-4mm","11":"pa_greenhouse-frame-teras","12":"pa_greenhouse-kits-valmiskomplektid","13":"pa_greenhouse-shape-viilkatusega-majakatusega","14":"pa_greenhouse-type-hobikasvuhoone","15":"pa_greenhouse-width-filter-2-5m-et","16":"pa_product-type-ecoslideri-kasvuhooned","18":"first","19":"instock","20":"taxable","21":"shipping-taxable","22":"purchasable","23":"product-type-variable","24":"has-default-attributes"},"_links":{"self":[{"href":"https:\/\/ecoslider.com\/et\/wp-json\/wp\/v2\/product\/6234","targetHints":{"allow":["GET"]}}],"collection":[{"href":"https:\/\/ecoslider.com\/et\/wp-json\/wp\/v2\/product"}],"about":[{"href":"https:\/\/ecoslider.com\/et\/wp-json\/wp\/v2\/types\/product"}],"replies":[{"embeddable":true,"href":"https:\/\/ecoslider.com\/et\/wp-json\/wp\/v2\/comments?post=6234"}],"wp:featuredmedia":[{"embeddable":true,"href":"https:\/\/ecoslider.com\/et\/wp-json\/wp\/v2\/media\/21363"}],"wp:attachment":[{"href":"https:\/\/ecoslider.com\/et\/wp-json\/wp\/v2\/media?parent=6234"}],"wp:term":[{"taxonomy":"product_brand","embeddable":true,"href":"https:\/\/ecoslider.com\/et\/wp-json\/wp\/v2\/product_brand?post=6234"},{"taxonomy":"product_cat","embeddable":true,"href":"https:\/\/ecoslider.com\/et\/wp-json\/wp\/v2\/product_cat?post=6234"},{"taxonomy":"product_tag","embeddable":true,"href":"https:\/\/ecoslider.com\/et\/wp-json\/wp\/v2\/product_tag?post=6234"}],"curies":[{"name":"wp","href":"https:\/\/api.w.org\/{rel}","templated":true}]}}