{"id":6242,"date":"2025-03-20T15:17:30","date_gmt":"2025-03-20T13:17:30","guid":{"rendered":"https:\/\/ecoslider.web-design.ee\/product\/end-shelf-kit-coated\/"},"modified":"2026-03-13T16:21:37","modified_gmt":"2026-03-13T14:21:37","slug":"otsariiuli-komplekt-hobedane","status":"publish","type":"product","link":"https:\/\/ecoslider.com\/et\/shop\/kasvuhooned-ecoslider\/kasvuhoone-tarvikud\/lisatooted\/otsariiuli-komplekt-hobedane\/","title":{"rendered":"Otsariiuli komplekt Ecoslider, h\u00f5bedane"},"content":{"rendered":"<p><b>Korraldage kasvuhoone ruum targalt ja mugavalt!<\/b><\/p>\n<p><span style=\"font-weight: 400;\">Ecoslideri otsariiulite komplekt on praktiline lahendus aiat\u00f6\u00f6riistade, istikute ja v\u00e4ikeste pottide hoidmiseks otse kasvuhoones. Riiulid paigaldatakse otsaseina \u00e4\u00e4rde \u2013 need ei sega liikumist ning aitavad samal ajal maksimaalselt \u00e4ra kasutada iga ruutmeetrit.<\/span><\/p>\n<p><span style=\"font-weight: 400;\">Komplekt on valmistatud vastupidavast terasest, millel on korrosioonikindel kate, mist\u00f5ttu need ei vaja v\u00e4rvimist. Riiulid sobivad nii kaarkasvuhoonetele Slider kui ka viilkatusega kasvuhoonetele House, kinnituvad kergesti karkassi k\u00fclge ja taluvad igap\u00e4evast koormust t\u00f6\u00f6riistadest ja taimedest.<\/span><\/p>\n<p><b>Mugavus, kord ja funktsionaalsus \u2013 k\u00f5ik \u00fches komplektis!<\/b><\/p>\n","protected":false},"excerpt":{"rendered":"<p>Korraldage kasvuhoone ruum targalt ja mugavalt! Ecoslideri otsariiulite komplekt on praktiline lahendus aiat\u00f6\u00f6riistade, istikute ja v\u00e4ikeste pottide hoidmiseks otse kasvuhoones. Riiulid paigaldatakse otsaseina \u00e4\u00e4rde \u2013 need ei sega liikumist ning aitavad samal ajal maksimaalselt \u00e4ra kasutada iga ruutmeetrit. Komplekt on valmistatud vastupidavast terasest, millel on korrosioonikindel kate, mist\u00f5ttu need ei vaja v\u00e4rvimist. Riiulid sobivad nii [&hellip;]<\/p>\n","protected":false},"featured_media":9261,"comment_status":"closed","ping_status":"closed","template":"","meta":[],"product_brand":[597],"product_cat":[202,205,200,206],"product_tag":[],"class_list":{"0":"post-6242","1":"product","2":"type-product","3":"status-publish","4":"has-post-thumbnail","6":"product_brand-ecoslider-brand","7":"product_cat-kasvuhooned-ecoslider","8":"product_cat-kasvuhoone-tarvikud","9":"product_cat-kogu-kaup","10":"product_cat-lisatooted","11":"pa_greenhouse-accessories-type-kasvuhoone-sisustus","12":"pa_product-type-kasvuhoonete-aksessuaarid-ja-varuosad","14":"first","15":"instock","16":"taxable","17":"shipping-taxable","18":"purchasable","19":"product-type-variable"},"_links":{"self":[{"href":"https:\/\/ecoslider.com\/et\/wp-json\/wp\/v2\/product\/6242","targetHints":{"allow":["GET"]}}],"collection":[{"href":"https:\/\/ecoslider.com\/et\/wp-json\/wp\/v2\/product"}],"about":[{"href":"https:\/\/ecoslider.com\/et\/wp-json\/wp\/v2\/types\/product"}],"replies":[{"embeddable":true,"href":"https:\/\/ecoslider.com\/et\/wp-json\/wp\/v2\/comments?post=6242"}],"wp:featuredmedia":[{"embeddable":true,"href":"https:\/\/ecoslider.com\/et\/wp-json\/wp\/v2\/media\/9261"}],"wp:attachment":[{"href":"https:\/\/ecoslider.com\/et\/wp-json\/wp\/v2\/media?parent=6242"}],"wp:term":[{"taxonomy":"product_brand","embeddable":true,"href":"https:\/\/ecoslider.com\/et\/wp-json\/wp\/v2\/product_brand?post=6242"},{"taxonomy":"product_cat","embeddable":true,"href":"https:\/\/ecoslider.com\/et\/wp-json\/wp\/v2\/product_cat?post=6242"},{"taxonomy":"product_tag","embeddable":true,"href":"https:\/\/ecoslider.com\/et\/wp-json\/wp\/v2\/product_tag?post=6242"}],"curies":[{"name":"wp","href":"https:\/\/api.w.org\/{rel}","templated":true}]}}