{"id":6314,"date":"2025-03-13T13:43:53","date_gmt":"2025-03-13T11:43:53","guid":{"rendered":"https:\/\/ecoslider.web-design.ee\/product\/configurator-house-lux-the-width-4m\/"},"modified":"2026-03-20T22:11:17","modified_gmt":"2026-03-20T20:11:17","slug":"konstruktor-house-lux-laius-4m-6mm","status":"publish","type":"product","link":"https:\/\/ecoslider.com\/et\/shop\/kasvuhooned-ecoslider\/viilkatusega-kasvuhooned-house-lux\/konstruktor-house-lux-laius-4m-6mm\/","title":{"rendered":"Ecoslider House Lux viilkatusega kasvuhoone, laius 4m, 6mm"},"content":{"rendered":"<p><span style=\"font-weight: 400;\">Ecoslider House Lux 4 meetri laiune kasvuhoone \u2014 suurep\u00e4rane investeering oma aiamaja ideedesse.<\/span><\/p>\n<p><span style=\"font-weight: 400;\">Avatud ja funktsionaalne ruum annab piiritud v\u00f5imalused nii erinevate kultuuride kasvatamiseks kui ka hubase aiamaja loomiseks, kus saab puhata ja tegeleda hobidega. K\u00f5rged seinad v\u00f5imaldavad kasvatada viinamarju ning paigaldada k\u00f5rgeid peenraid s\u00fcgava juurestikuga taimedele. Kasvuhoone fermid pakuvad lisav\u00f5imalusi ruumi maksimaalseks kasutamiseks \u2014 sinna saab riputada lillepotte, paigaldada k\u00fclgriiuleid v\u00f5i taimede sidumiseks m\u00f5eldud liiste.<\/span><\/p>\n<p><b>Vastupidav konstruktsioon<\/b><\/p>\n<p><span style=\"font-weight: 400;\">Ecoslider House Lux kasvuhoone pikaealisuse saladus peitub selle l\u00e4bim\u00f5eldud teraskonstruktsioonis:<\/span><\/p>\n<ul>\n<li style=\"font-weight: 400;\"><span style=\"font-weight: 400;\">Karkass on valmistatud patenteeritud fermidest, mis on toodetud kvaliteetsest tsingitud metallist ja kaetud korrosioonikaitsega.<\/span><\/li>\n<li style=\"font-weight: 400;\"><span style=\"font-weight: 400;\">Metallist vundamendiraam v\u00f5imaldab kasvuhoonet paigaldada igale tasasele pinnale (muld, muru, betoon, puitterrass), s\u00e4ilitades selle geomeetria ja tagades tiheda sobivuse maapinnaga.<\/span><\/li>\n<li style=\"font-weight: 400;\"><span style=\"font-weight: 400;\">Otsad ja uksed on konstrueeritud kasutades patenteeritud G-kujulist kinnist profiili.<\/span><\/li>\n<\/ul>\n<p><b>Soojusisolatsioon<\/b><\/p>\n<p><span style=\"font-weight: 400;\">Mugava kasvuhoone mikrokliima loomiseks kasutame 6 mm k\u00e4rgpol\u00fckarbonaati. \u00dcldjuhul piisab sellest kattepaksusest, et hajutada p\u00e4evavalgust ja hoida taimedele sobiv temperatuurire\u017eiim. Kui soovite kasvuhoone soojustusv\u00f5imet t\u00f5sta, soovitame valida paksema katte: 8 mm v\u00f5i 10 mm. See on eriti oluline k\u00fclmemates piirkondades, kus tuleb taimi kaitsta j\u00e4rskude temperatuurik\u00f5ikumiste eest.<\/span><span style=\"font-weight: 400;\"><br \/>\n<\/span><span style=\"font-weight: 400;\"> Pol\u00fckarbonaadi servad on kaitstud spetsiaalse membraanteibiga, mis hoiab \u00e4ra niiskuse, mustuse ja putukate sattumise pol\u00fckarbonaadi k\u00e4rgedesse.<\/span><\/p>\n<p><b>T\u00f5hus ventilatsioon<\/b><\/p>\n<p><span style=\"font-weight: 400;\">Ecoslider House Lux p\u00f5hiversioon sisaldab:<\/span><\/p>\n<ul>\n<li style=\"font-weight: 400;\"><span style=\"font-weight: 400;\">2 l\u00e4bivat ust, mida saab soovi korral asendada tiibv\u00e4ravatega;<\/span><\/li>\n<li><span style=\"font-weight: 400;\">aknad igas ukseosas;<\/span><\/li>\n<li><span style=\"font-weight: 400;\">2 Smartventor tuulutusakent ukse kohal otsaseintes.<\/span><\/li>\n<\/ul>\n<p><span style=\"font-weight: 400;\">Vajad rohkem ventilatsiooni? Selleks pakume k\u00e4sitsi v\u00f5i automaatselt avatavaid katuseluuke.<\/span><\/p>\n<p><b>Transport ja paigaldus<\/b><\/p>\n<ul>\n<li style=\"font-weight: 400;\"><span style=\"font-weight: 400;\">Ise j\u00e4reletulemine, iseseisev paigaldus<\/span><\/li>\n<li style=\"font-weight: 400;\"><span style=\"font-weight: 400;\">Heikkinen O\u00dc paigaldusspetsialistid t\u00f6\u00f6tavad \u00fcle kogu Eesti.<\/span><\/li>\n<li style=\"font-weight: 400;\"><span style=\"font-weight: 400;\">Kui soovite tellida meie kasvuhooneid v\u00e4ljapoole Eestit, kirjutage meile ja edastame teie p\u00e4ringu piirkondlikule esindajale.<\/span><\/li>\n<\/ul>\n<p><span style=\"font-weight: 400;\"><b>Ecoslider House Lux 4\u043c <\/b><b>funktsionaalsus<\/b><\/span><\/p>\n<p><span style=\"font-weight: 400;\">Ecoslideri viilkatusega kasvuhoonemudelile House Lux oleme teie mugavuse huvides v\u00e4lja t\u00f6\u00f6tanud mitmesuguseid lisatarvikuid. Veebikonstruktoris saab lisaks valida:<\/span><\/p>\n<ul>\n<li style=\"font-weight: 400;\"><span style=\"font-weight: 400;\">Klassikaliste uste asemel v\u00e4ravad<\/span><\/li>\n<li style=\"font-weight: 400;\"><span style=\"font-weight: 400;\">House Lux k\u00e4sitsi avatavad katuseluugid<\/span><\/li>\n<li style=\"font-weight: 400;\"><span style=\"font-weight: 400;\">House Lux automaatselt avatavad katuseluugid<\/span><\/li>\n<li style=\"font-weight: 400;\"><span style=\"font-weight: 400;\">Univent \u2013 automaatne mehhanism katuseluugi juhtimiseks<\/span><\/li>\n<li style=\"font-weight: 400;\"><span style=\"font-weight: 400;\">Automaatika Smartventor katuseluukidele<\/span><\/li>\n<li style=\"font-weight: 400;\"><span style=\"font-weight: 400;\">Vundamendivaiad<\/span><\/li>\n<li style=\"font-weight: 400;\"><span style=\"font-weight: 400;\">Soojustusega vundament<\/span><\/li>\n<li style=\"font-weight: 400;\"><span style=\"font-weight: 400;\">House Lux vihmaveerennide komplekt katuse jaoks<\/span><\/li>\n<li style=\"font-weight: 400;\"><span style=\"font-weight: 400;\">47-liitrine vihmavee kogumise paak<\/span><\/li>\n<li style=\"font-weight: 400;\"><span style=\"font-weight: 400;\">4 t\u00fc\u00fcpi peenraid: II, U, IOI ja E<\/span><\/li>\n<li style=\"font-weight: 400;\"><span style=\"font-weight: 400;\">Autonoomne kastmiss\u00fcsteem Ecoslider Micro-Drip 15 (15 taime kastmiseks)<\/span><\/li>\n<li style=\"font-weight: 400;\"><span style=\"font-weight: 400;\">Voolikute ja liitmike komplekt lisataimede kastmiseks<\/span><\/li>\n<li style=\"font-weight: 400;\"><span style=\"font-weight: 400;\">Electro&amp;Water \u2013 moodul kahe elektripistiku ja \u00fche veepistikuga<\/span><\/li>\n<li style=\"font-weight: 400;\"><span style=\"font-weight: 400;\">House Lux otsariiulite komplekt<\/span><\/li>\n<li style=\"font-weight: 400;\"><span style=\"font-weight: 400;\">House Lux pikisuunaliste riiulite komplekt<\/span><\/li>\n<li style=\"font-weight: 400;\"><span style=\"font-weight: 400;\">House Lux taimede sidumise komplekt<\/span><\/li>\n<\/ul>\n","protected":false},"excerpt":{"rendered":"<p>Ecoslider House Lux 4 meetri laiune kasvuhoone \u2014 suurep\u00e4rane investeering oma aiamaja ideedesse. Avatud ja funktsionaalne ruum annab piiritud v\u00f5imalused nii erinevate kultuuride kasvatamiseks kui ka hubase aiamaja loomiseks, kus saab puhata ja tegeleda hobidega. K\u00f5rged seinad v\u00f5imaldavad kasvatada viinamarju ning paigaldada k\u00f5rgeid peenraid s\u00fcgava juurestikuga taimedele. Kasvuhoone fermid pakuvad lisav\u00f5imalusi ruumi maksimaalseks kasutamiseks \u2014 [&hellip;]<\/p>\n","protected":false},"featured_media":6315,"comment_status":"open","ping_status":"closed","template":"","meta":[],"product_brand":[597],"product_cat":[202,228,200,222],"product_tag":[256],"class_list":{"0":"post-6314","1":"product","2":"type-product","3":"status-publish","4":"has-post-thumbnail","6":"product_brand-ecoslider-brand","7":"product_cat-kasvuhooned-ecoslider","8":"product_cat-kasvuhoonete-konstruktor","9":"product_cat-kogu-kaup","10":"product_cat-viilkatusega-kasvuhooned-house-lux","11":"product_tag-construtor-et","12":"pa_greenhouse-covering-kargpolykarbonaat","13":"pa_greenhouse-frame-teras","14":"pa_greenhouse-kits-konstruktor","15":"pa_greenhouse-shape-viilkatusega-majakatusega","16":"pa_greenhouse-type-hobikasvuhoone","17":"pa_greenhouse-width-filter-4m-et","18":"pa_product-type-ecoslideri-kasvuhooned","20":"first","21":"instock","22":"taxable","23":"shipping-taxable","24":"purchasable","25":"product-type-variable"},"_links":{"self":[{"href":"https:\/\/ecoslider.com\/et\/wp-json\/wp\/v2\/product\/6314","targetHints":{"allow":["GET"]}}],"collection":[{"href":"https:\/\/ecoslider.com\/et\/wp-json\/wp\/v2\/product"}],"about":[{"href":"https:\/\/ecoslider.com\/et\/wp-json\/wp\/v2\/types\/product"}],"replies":[{"embeddable":true,"href":"https:\/\/ecoslider.com\/et\/wp-json\/wp\/v2\/comments?post=6314"}],"wp:featuredmedia":[{"embeddable":true,"href":"https:\/\/ecoslider.com\/et\/wp-json\/wp\/v2\/media\/6315"}],"wp:attachment":[{"href":"https:\/\/ecoslider.com\/et\/wp-json\/wp\/v2\/media?parent=6314"}],"wp:term":[{"taxonomy":"product_brand","embeddable":true,"href":"https:\/\/ecoslider.com\/et\/wp-json\/wp\/v2\/product_brand?post=6314"},{"taxonomy":"product_cat","embeddable":true,"href":"https:\/\/ecoslider.com\/et\/wp-json\/wp\/v2\/product_cat?post=6314"},{"taxonomy":"product_tag","embeddable":true,"href":"https:\/\/ecoslider.com\/et\/wp-json\/wp\/v2\/product_tag?post=6314"}],"curies":[{"name":"wp","href":"https:\/\/api.w.org\/{rel}","templated":true}]}}