{"id":6322,"date":"2025-03-13T13:37:52","date_gmt":"2025-03-13T11:37:52","guid":{"rendered":"https:\/\/ecoslider.web-design.ee\/product\/configurator-house-lux-the-width-3m\/"},"modified":"2026-03-20T14:57:31","modified_gmt":"2026-03-20T12:57:31","slug":"konstruktor-house-lux-laius-3m-6mm","status":"publish","type":"product","link":"https:\/\/ecoslider.com\/et\/shop\/kasvuhooned-ecoslider\/viilkatusega-kasvuhooned-house-lux\/konstruktor-house-lux-laius-3m-6mm\/","title":{"rendered":"Ecoslider House Lux viilkatusega kasvuhoone, laius 3m, 6mm"},"content":{"rendered":"<p><span style=\"font-weight: 400\">Viilkatusega Ecoslider House Lux 3 meetri laiune musta v\u00e4rvi kasvuhoone.<\/span><\/p>\n<p><span style=\"font-weight: 400\">Suurep\u00e4rane valik <\/span>aiamajaks <span style=\"font-weight: 400\">\u2014 ruum loominguliseks aianduseks ja m\u00f5nusaks puhkealaks.<\/span><\/p>\n<p><span style=\"font-weight: 400\">Vali oma unistuste kasvuhoone ja naudi v\u00e4rskeid k\u00f6\u00f6givilju terrassil teetassi k\u00f5rval istudes.<\/span><\/p>\n<p><b>Konstruktsioon<\/b><\/p>\n<ul>\n<li style=\"font-weight: 400\"><span style=\"font-weight: 400\">Musta v\u00e4rvi teraskarkass on tugevdatud fermidega, t\u00e4nu millele peab kasvuhoone vastu lumekoormusele kuni 800 kg\/m\u00b2. Katust ei ole vaja lumest puhastada.<\/span><\/li>\n<li style=\"font-weight: 400\"><span style=\"font-weight: 400\">Kvaliteetne teras ja korrosioonivastane kate muudavad kasvuhoone pikaajaliselt vastupidavaks. Konstruktsioonile kehtib 10-aastane garantii korrosiooni vastu.<\/span><\/li>\n<li style=\"font-weight: 400\"><span style=\"font-weight: 400\">Metallist alusraam ja selle tugev kinnitus pinnasesse tagavad kogu karkassi ideaalse geomeetria ning annavad kindlustunde ka tormituulte korral.<\/span><\/li>\n<li style=\"font-weight: 400\"><span style=\"font-weight: 400\">Uksed sulguvad tihedalt t\u00e4nu suletud profiilile (meie patenteeritud tehnoloogia), mis teeb kasvuhoone vastupidavaks igap\u00e4evasele kasutusele paljude aastate jooksul.<\/span><\/li>\n<\/ul>\n<p><b>Kattematerjal<\/b><b><br \/>\n<\/b><span style=\"font-weight: 400\">Kasvuhoone katmiseks kasutame Euroopast tarnitud k\u00e4rgpol\u00fckarbonaati, millele kehtib tootjapoolne 10-aastane garantii. Klassikalises komplektis kasutatakse 6 mm paksust pol\u00fckarbonaati: otsades, katusel ja seintel. Soovi korral on v\u00f5imalik valida ka paksem kate \u2014 8 mm v\u00f5i 10 mm. Mida paksem on kate, seda paremini p\u00fcsib soojus ning seel\u00e4bi pikeneb taimede kasvatamise hooaeg.<\/span><\/p>\n<p><span style=\"font-weight: 400\">Pol\u00fckarbonaadi kaitse kuulub kasvuhoone baashinna sisse. Pol\u00fckarbonaadi servad on tihedalt suletud membraanteibiga, mis juhib v\u00e4lja k\u00e4rgedesse kogunenud kondensaadi ja takistab hallituse, putukate ning tolmu sattumist materjali sisse.<\/span><\/p>\n<p><b>Kasvuhoone ventilatsioon<\/b><b><br \/>\n<\/b><span style=\"font-weight: 400\">K\u00f5ikides Ecoslideri mudelites on ette n\u00e4htud baastuuletus, mis tagab kasvuhoonele t\u00f5husa \u00f5huvahetuse.<\/span><\/p>\n<p><span style=\"font-weight: 400\">Ecoslider House Lux 3 m sisaldab:<\/span><\/p>\n<ul>\n<li style=\"font-weight: 400\"><span style=\"font-weight: 400\">2 ust otstes vastastikku;<\/span><\/li>\n<li style=\"font-weight: 400\"><span style=\"font-weight: 400\">2 akent ustes;<\/span><\/li>\n<li style=\"font-weight: 400\"><span style=\"font-weight: 400\">2 Smartventor tuulutusakent igas otsaseinas;<\/span><\/li>\n<\/ul>\n<p><span style=\"font-weight: 400\">Taimede mugava kasvu tagamiseks on vajalik katuseakende paigaldamine \u2014 \u00fcks katuseluuk iga 2 meetri kasvuhoone kohta. Parema sisekliima kontrolli jaoks, ka siis kui te ise kodus ei ole, soovitame automaatseid katuseluuke. Need t\u00f6\u00f6tavad vastavalt v\u00e4lis\u00f5hu temperatuuri muutustele ega vaja elektri\u00fchendust.<\/span><\/p>\n<p><b>Kohaletoimetamine ja paigaldus<\/b><\/p>\n<p><span style=\"font-weight: 400\">V\u00f5imalik on ise j\u00e4rele tulla ja kasvuhoone iseseisvalt paigaldada.<\/span><\/p>\n<p><span style=\"font-weight: 400\">Pakume transporti \u00fcle kogu Eesti, samuti paigaldusteenust ja vana kasvuhoone demontaa\u017ei.<\/span><\/p>\n<p><span style=\"font-weight: 400\">Eesti piiridest v\u00e4ljaspool t\u00f6\u00f6tame koos esindajate ja partneritega.<\/span><\/p>\n<p><b>Ecoslider House Lux 3m mudeli juurde on v\u00f5imalik t\u00e4iendavalt tellida:<\/b><\/p>\n<ul>\n<li style=\"font-weight: 400\"><span style=\"font-weight: 400\">House Lux k\u00e4sitsi avatavad katuseluugid<\/span><\/li>\n<li style=\"font-weight: 400\"><span style=\"font-weight: 400\">House Lux automaatselt avatavad katuseluugid<\/span><\/li>\n<li style=\"font-weight: 400\"><span style=\"font-weight: 400\">Univent \u2013 automaatne mehhanism katuseluugi juhtimiseks<\/span><\/li>\n<li style=\"font-weight: 400\"><span style=\"font-weight: 400\">Automaatika Smartventor katuseluukidele<\/span><\/li>\n<li style=\"font-weight: 400\"><span style=\"font-weight: 400\">Vundamendivaiad<\/span><\/li>\n<li style=\"font-weight: 400\"><span style=\"font-weight: 400\">Soojustusega vundament<\/span><\/li>\n<li style=\"font-weight: 400\"><span style=\"font-weight: 400\">House Lux vihmaveerennide komplekt katuse jaoks<\/span><\/li>\n<li style=\"font-weight: 400\"><span style=\"font-weight: 400\">47-liitrine vihmavee kogumise paak<\/span><\/li>\n<li style=\"font-weight: 400\"><span style=\"font-weight: 400\">4 t\u00fc\u00fcpi peenraid: II, U, IOI ja E<\/span><\/li>\n<li style=\"font-weight: 400\"><span style=\"font-weight: 400\">Autonoomne kastmiss\u00fcsteem Ecoslider Micro-Drip 15 (15 taime kastmiseks)<\/span><\/li>\n<li style=\"font-weight: 400\"><span style=\"font-weight: 400\">Voolikute ja liitmike komplekt lisataimede kastmiseks<\/span><\/li>\n<li style=\"font-weight: 400\"><span style=\"font-weight: 400\">Electro&amp;Water \u2013 moodul kahe elektripistiku ja \u00fche veepistikuga<\/span><\/li>\n<li style=\"font-weight: 400\"><span style=\"font-weight: 400\">House Lux otsariiulite komplekt<\/span><\/li>\n<li style=\"font-weight: 400\"><span style=\"font-weight: 400\">House Lux pikisuunaliste riiulite komplekt<\/span><\/li>\n<li style=\"font-weight: 400\"><span style=\"font-weight: 400\">House Lux taimede sidumise komplekt<\/span><\/li>\n<\/ul>\n","protected":false},"excerpt":{"rendered":"<p>Viilkatusega Ecoslider House Lux 3 meetri laiune musta v\u00e4rvi kasvuhoone. Suurep\u00e4rane valik aiamajaks \u2014 ruum loominguliseks aianduseks ja m\u00f5nusaks puhkealaks. Vali oma unistuste kasvuhoone ja naudi v\u00e4rskeid k\u00f6\u00f6givilju terrassil teetassi k\u00f5rval istudes. Konstruktsioon Musta v\u00e4rvi teraskarkass on tugevdatud fermidega, t\u00e4nu millele peab kasvuhoone vastu lumekoormusele kuni 800 kg\/m\u00b2. Katust ei ole vaja lumest puhastada. Kvaliteetne [&hellip;]<\/p>\n","protected":false},"featured_media":8494,"comment_status":"open","ping_status":"closed","template":"","meta":[],"product_brand":[597],"product_cat":[202,228,200,222],"product_tag":[256],"class_list":{"0":"post-6322","1":"product","2":"type-product","3":"status-publish","4":"has-post-thumbnail","6":"product_brand-ecoslider-brand","7":"product_cat-kasvuhooned-ecoslider","8":"product_cat-kasvuhoonete-konstruktor","9":"product_cat-kogu-kaup","10":"product_cat-viilkatusega-kasvuhooned-house-lux","11":"product_tag-construtor-et","12":"pa_greenhouse-covering-kargpolykarbonaat","13":"pa_greenhouse-frame-teras","14":"pa_greenhouse-kits-konstruktor","15":"pa_greenhouse-shape-viilkatusega-majakatusega","16":"pa_greenhouse-type-hobikasvuhoone","17":"pa_greenhouse-width-filter-3m-et","18":"pa_product-type-ecoslideri-kasvuhooned","20":"first","21":"instock","22":"taxable","23":"shipping-taxable","24":"purchasable","25":"product-type-variable"},"_links":{"self":[{"href":"https:\/\/ecoslider.com\/et\/wp-json\/wp\/v2\/product\/6322","targetHints":{"allow":["GET"]}}],"collection":[{"href":"https:\/\/ecoslider.com\/et\/wp-json\/wp\/v2\/product"}],"about":[{"href":"https:\/\/ecoslider.com\/et\/wp-json\/wp\/v2\/types\/product"}],"replies":[{"embeddable":true,"href":"https:\/\/ecoslider.com\/et\/wp-json\/wp\/v2\/comments?post=6322"}],"wp:featuredmedia":[{"embeddable":true,"href":"https:\/\/ecoslider.com\/et\/wp-json\/wp\/v2\/media\/8494"}],"wp:attachment":[{"href":"https:\/\/ecoslider.com\/et\/wp-json\/wp\/v2\/media?parent=6322"}],"wp:term":[{"taxonomy":"product_brand","embeddable":true,"href":"https:\/\/ecoslider.com\/et\/wp-json\/wp\/v2\/product_brand?post=6322"},{"taxonomy":"product_cat","embeddable":true,"href":"https:\/\/ecoslider.com\/et\/wp-json\/wp\/v2\/product_cat?post=6322"},{"taxonomy":"product_tag","embeddable":true,"href":"https:\/\/ecoslider.com\/et\/wp-json\/wp\/v2\/product_tag?post=6322"}],"curies":[{"name":"wp","href":"https:\/\/api.w.org\/{rel}","templated":true}]}}