{"id":6326,"date":"2025-03-13T13:28:43","date_gmt":"2025-03-13T11:28:43","guid":{"rendered":"https:\/\/ecoslider.web-design.ee\/product\/configurator-house-lux-the-width-2-5m\/"},"modified":"2026-04-17T11:30:56","modified_gmt":"2026-04-17T08:30:56","slug":"konstruktor-house-lux-laius-2-5m-6mm","status":"publish","type":"product","link":"https:\/\/ecoslider.com\/et\/shop\/kasvuhooned-ecoslider\/viilkatusega-kasvuhooned-house-lux\/konstruktor-house-lux-laius-2-5m-6mm\/","title":{"rendered":"Ecoslider House Lux viilkatusega kasvuhoone, laius 2.5m, 6mm"},"content":{"rendered":"<p><span style=\"font-weight: 400;\">Must viilkatusega kasvuhoone Ecoslider House Lux 2,5 m muudab aianduse t\u00f5eliseks naudinguks.<\/span><\/p>\n<p><span style=\"font-weight: 400;\">See on \u00fchtaegu usaldusv\u00e4\u00e4rne abiline aias ja hobimaja kogu perele \u2013 moodne ja k\u00e4ttesaadav lahendus.<\/span><\/p>\n<p><b>Konstruktsioon<\/b><\/p>\n<p><span style=\"font-weight: 400;\">Ecoslider kasvuhoonete vastupidavuse aluseks on sisemiste p\u00f5imitistega terasfermid, t\u00e4nu millele talub kasvuhoone lumekoormust (1050 kg\/m\u00b2) ja tuulekoormust (kuni 90 km\/t), samuti vundamendiraam ja tugevdatud otsaseinad. Katust ei ole vaja lumest puhastada. Oluline on vaid kasvuhoone kindel kinnitamine pinnasele v\u00f5i vundamendile. Konstruktsioonil on korrosioonivastane kaitsekiht ja see on v\u00e4rvitud mustaks.<\/span><\/p>\n<p><b>Katematerjal<\/b><\/p>\n<p><span style=\"font-weight: 400;\">Kasutame kvaliteetset Euroopa pol\u00fckarbonaati. Tootjapoolne garantii on 10 aastat. P\u00f5hikomplekti katte paksus on 6 mm. Kui soovite pikendada k\u00f6\u00f6giviljade kasvatamise hooaega, valige paksem pol\u00fckarbonaat \u2014 8 mm \/ 10 mm.<\/span><\/p>\n<p><span style=\"font-weight: 400;\">Spetsiaalne furnituur kinnitab pol\u00fckarbonaadilehed kindlalt, samas kui kaitsev membraanteip sulgeb pol\u00fckarbonaadi k\u00e4rjed tihedalt, takistades tolmu, niiskuse ja putukate sattumist sisse.<\/span><\/p>\n<p><b>Ventilatsioon<\/b><b><br \/>\n<\/b><span style=\"font-weight: 400;\"> T\u00f5hustatud ventilatsioon saavutatakse t\u00e4nu l\u00e4bim\u00f5eldud lahendustele:<\/span><\/p>\n<ul>\n<li><span style=\"font-weight: 400;\">2 ust otstes vastastikku;<\/span><\/li>\n<li><span style=\"font-weight: 400;\">2 akent ustes;<\/span><\/li>\n<li><span style=\"font-weight: 400;\">2 Smartventor tuulutusakent igas otsaseinas;<\/span><\/li>\n<\/ul>\n<p><span style=\"font-weight: 400;\">lisaks v\u00f5imalik tellida katusekatuseluuke (manuaalse v\u00f5i automaatse juhtimisega) ning automaatikat Smartventorile.<\/span><\/p>\n<p><b>Kohaletoimetamine ja paigaldus<\/b><\/p>\n<p><span style=\"font-weight: 400;\">Pakume kohaletoimetamist \u00fcle kogu Eesti. Tarned teistesse riikidesse toimuvad rahvusvahelise transpordi kaudu koost\u00f6\u00f6s meie piirkondlike esindajatega.<\/span><\/p>\n<p><span style=\"font-weight: 400;\">Kasvuhoone saab vastavalt juhendile ise kokku panna v\u00f5i kutsuda appi meie ettev\u00f5tte Heikkinen O\u00dc spetsialistid, kes teevad t\u00f6\u00f6 kiiresti ja professionaalselt.<\/span><\/p>\n<p><span style=\"font-weight: 400;\">Samuti on v\u00f5imalik kasvuhoone transport ja paigaldus teostada iseseisvalt.<\/span><\/p>\n<p><b>Ecoslider House Lux 2,5 m kasvuhoonele saab lisaks tellida:<\/b><\/p>\n<ul>\n<li style=\"font-weight: 400;\"><span style=\"font-weight: 400;\">House Lux k\u00e4sitsi avatavad katuseluugid<\/span><\/li>\n<li style=\"font-weight: 400;\"><span style=\"font-weight: 400;\">House Lux automaatselt avatavad katuseluugid<\/span><\/li>\n<li style=\"font-weight: 400;\"><span style=\"font-weight: 400;\">Univent \u2013 automaatne mehhanism katuseluugi juhtimiseks<\/span><\/li>\n<li style=\"font-weight: 400;\"><span style=\"font-weight: 400;\">Automaatika Smartventor katuseluukidele<\/span><\/li>\n<li style=\"font-weight: 400;\"><span style=\"font-weight: 400;\">Vundamendivaiad<\/span><\/li>\n<li style=\"font-weight: 400;\"><span style=\"font-weight: 400;\">Soojustusega vundament<\/span><\/li>\n<li style=\"font-weight: 400;\"><span style=\"font-weight: 400;\">House Lux vihmaveerennide komplekt katuse jaoks<\/span><\/li>\n<li style=\"font-weight: 400;\"><span style=\"font-weight: 400;\">2 t\u00fc\u00fcpi peenraid: II ja U<\/span><\/li>\n<li style=\"font-weight: 400;\"><span style=\"font-weight: 400;\">Autonoomne kastmiss\u00fcsteem Ecoslider Micro-Drip 15 (15 taime kastmiseks)<\/span><\/li>\n<li style=\"font-weight: 400;\"><span style=\"font-weight: 400;\">Voolikute ja liitmike komplekt lisataimede kastmiseks<\/span><\/li>\n<li style=\"font-weight: 400;\"><span style=\"font-weight: 400;\">Electro&amp;Water \u2013 moodul kahe elektripistiku ja \u00fche veepistikuga<\/span><\/li>\n<li style=\"font-weight: 400;\"><span style=\"font-weight: 400;\">House Lux otsariiulite komplekt<\/span><\/li>\n<li style=\"font-weight: 400;\"><span style=\"font-weight: 400;\">House Lux pikisuunaliste riiulite komplekt<\/span><\/li>\n<li style=\"font-weight: 400;\"><span style=\"font-weight: 400;\">House Lux taimede sidumise komplekt<\/span><\/li>\n<\/ul>\n","protected":false},"excerpt":{"rendered":"<p>Must viilkatusega kasvuhoone Ecoslider House Lux 2,5 m muudab aianduse t\u00f5eliseks naudinguks. See on \u00fchtaegu usaldusv\u00e4\u00e4rne abiline aias ja hobimaja kogu perele \u2013 moodne ja k\u00e4ttesaadav lahendus. Konstruktsioon Ecoslider kasvuhoonete vastupidavuse aluseks on sisemiste p\u00f5imitistega terasfermid, t\u00e4nu millele talub kasvuhoone lumekoormust (1050 kg\/m\u00b2) ja tuulekoormust (kuni 90 km\/t), samuti vundamendiraam ja tugevdatud otsaseinad. Katust ei [&hellip;]<\/p>\n","protected":false},"featured_media":21394,"comment_status":"open","ping_status":"closed","template":"","meta":[],"product_brand":[597],"product_cat":[202,228,200,222],"product_tag":[256],"class_list":{"0":"post-6326","1":"product","2":"type-product","3":"status-publish","4":"has-post-thumbnail","6":"product_brand-ecoslider-brand","7":"product_cat-kasvuhooned-ecoslider","8":"product_cat-kasvuhoonete-konstruktor","9":"product_cat-kogu-kaup","10":"product_cat-viilkatusega-kasvuhooned-house-lux","11":"product_tag-construtor-et","12":"pa_greenhouse-covering-kargpolykarbonaat","13":"pa_greenhouse-frame-teras","14":"pa_greenhouse-kits-konstruktor","15":"pa_greenhouse-shape-viilkatusega-majakatusega","16":"pa_greenhouse-type-hobikasvuhoone","17":"pa_greenhouse-width-filter-2-5m-et","18":"pa_product-type-ecoslideri-kasvuhooned","20":"first","21":"instock","22":"taxable","23":"shipping-taxable","24":"purchasable","25":"product-type-variable"},"_links":{"self":[{"href":"https:\/\/ecoslider.com\/et\/wp-json\/wp\/v2\/product\/6326","targetHints":{"allow":["GET"]}}],"collection":[{"href":"https:\/\/ecoslider.com\/et\/wp-json\/wp\/v2\/product"}],"about":[{"href":"https:\/\/ecoslider.com\/et\/wp-json\/wp\/v2\/types\/product"}],"replies":[{"embeddable":true,"href":"https:\/\/ecoslider.com\/et\/wp-json\/wp\/v2\/comments?post=6326"}],"wp:featuredmedia":[{"embeddable":true,"href":"https:\/\/ecoslider.com\/et\/wp-json\/wp\/v2\/media\/21394"}],"wp:attachment":[{"href":"https:\/\/ecoslider.com\/et\/wp-json\/wp\/v2\/media?parent=6326"}],"wp:term":[{"taxonomy":"product_brand","embeddable":true,"href":"https:\/\/ecoslider.com\/et\/wp-json\/wp\/v2\/product_brand?post=6326"},{"taxonomy":"product_cat","embeddable":true,"href":"https:\/\/ecoslider.com\/et\/wp-json\/wp\/v2\/product_cat?post=6326"},{"taxonomy":"product_tag","embeddable":true,"href":"https:\/\/ecoslider.com\/et\/wp-json\/wp\/v2\/product_tag?post=6326"}],"curies":[{"name":"wp","href":"https:\/\/api.w.org\/{rel}","templated":true}]}}