{"id":6330,"date":"2025-03-13T13:13:10","date_gmt":"2025-03-13T11:13:10","guid":{"rendered":"https:\/\/ecoslider.web-design.ee\/product\/configurator-house-lux-the-width-2m\/"},"modified":"2026-04-17T11:24:36","modified_gmt":"2026-04-17T08:24:36","slug":"konstruktor-house-lux-laius-2m-6mm","status":"publish","type":"product","link":"https:\/\/ecoslider.com\/et\/shop\/kasvuhooned-ecoslider\/viilkatusega-kasvuhooned-house-lux\/konstruktor-house-lux-laius-2m-6mm\/","title":{"rendered":"Ecoslider House Lux viilkatusega kasvuhoone, laius 2m, 6mm"},"content":{"rendered":"<p><span style=\"font-weight: 400;\">See kasvuhoone saab sinu aia lemmikpaigaks.<\/span><\/p>\n<p><span style=\"font-weight: 400;\">Ecoslider House Lux 2 meetri laiuse kasvuhoone p\u00f5hikomplektist piisab, et tunda end mugavalt aiat\u00f6id tehes.<\/span><\/p>\n<p><span style=\"font-weight: 400;\">Lisa juurde katuseluugid, peenrad ja kastmiss\u00fcsteem ning kasvuhoone ongi valmis aias kasutamiseks.<\/span><\/p>\n<p><b>Konstruktsioon<\/b><\/p>\n<p><span style=\"font-weight: 400;\">Ecoslider House Lux 2 m viilkatusega kasvuhoone konstruktsioon on vastupidav nii tugevale tuulele kui ka rohkele lumele. Katust ei ole vaja p\u00e4rast igat lumesadu puhastada. Kogu konstruktsiooni stabiilsuse tagavad patenteeritud fermid, millest koosneb kogu kandev karkass. Karkass on korrosioonikaitseks kaetud spetsiaalse tsingikihiga ning v\u00e4rvitud mustaks.\u00a0<\/span><\/p>\n<p><b>Kate ja kaitse<\/b><\/p>\n<p><span style=\"font-weight: 400;\">P\u00f5hikomplektis on kasutusel 6 mm paksune k\u00e4rgpol\u00fckarbonaat. Soovi korral saate valida tugevama kattematerjali \u2014 konstruktoris on v\u00f5imalik valida 8 v\u00f5i 10 mm paksune pol\u00fckarbonaat. Pol\u00fckarbonaadi k\u00e4rgi kaitseb niiskuse ja tolmu eest U-profiil ning spetsiaalne membraanteip.<\/span><\/p>\n<p><b>Ventilatsioon<\/b><\/p>\n<p><span style=\"font-weight: 400;\">V\u00e4rske \u00f5hk j\u00f5uab taimedeni l\u00e4bi avatud uste v\u00f5i otsaseintes olevate akende. Lisaventilatsiooniks on olemas Smartventor-tuulutusaknad (samuti meie enda arendus), mida saab avada k\u00e4sitsi v\u00f5i automaatselt. Soovi korral saab kasvuhoonet t\u00e4iendada katusele paigaldatavate lisakatuseluukidega, mille avamine toimub automaatselt v\u00f5i k\u00e4sitsi.<\/span><\/p>\n<p><b>Kohaletoimetamine ja paigaldus<\/b><\/p>\n<p><span style=\"font-weight: 400;\">Kohaletoimetamine ja paigaldus toimub \u00fcle kogu Eesti. Teistes riikides tegutsevad piirkondlikud esindajad. V\u00f5imalik on ka ise j\u00e4rele tulla ja kasvuhoone iseseisvalt paigaldada.\u00a0<\/span><\/p>\n<p><span style=\"font-weight: 400;\">Kasvuhoonele <\/span><b>Ecoslider House Lux 2 m<\/b><span style=\"font-weight: 400;\"> on v\u00f5imalik juurde tellida:<\/span><\/p>\n<ul>\n<li style=\"font-weight: 400;\"><span style=\"font-weight: 400;\">House Lux k\u00e4sitsi avatavad katuseluugid<\/span><\/li>\n<li style=\"font-weight: 400;\"><span style=\"font-weight: 400;\">House Lux automaatselt avatavad katuseluugid<\/span><\/li>\n<li style=\"font-weight: 400;\">Univent<span style=\"font-weight: 400;\"> \u2013 automaatne mehhanism katuseluugi avamiseks ja sulgemiseks<\/span><\/li>\n<li style=\"font-weight: 400;\"><span style=\"font-weight: 400;\">Smartventori luugi automaatika<\/span><\/li>\n<li style=\"font-weight: 400;\"><span style=\"font-weight: 400;\">Vundamendivaiad<\/span><\/li>\n<li style=\"font-weight: 400;\"><span style=\"font-weight: 400;\">Soojustusega vundament<\/span><\/li>\n<li style=\"font-weight: 400;\"><span style=\"font-weight: 400;\">House Lux vihmaveerennide komplekt katuse jaoks<\/span><\/li>\n<li style=\"font-weight: 400;\"><span style=\"font-weight: 400;\">2 t\u00fc\u00fcpi peenraid: <\/span><b>II<\/b><span style=\"font-weight: 400;\"> ja <\/span><b>U<\/b><\/li>\n<li style=\"font-weight: 400;\"><span style=\"font-weight: 400;\">Autonoomne kastmiss\u00fcsteem <\/span><b>Ecoslider Micro-Drip 15<\/b><span style=\"font-weight: 400;\"> 15 taime kastmiseks<\/span><\/li>\n<li style=\"font-weight: 400;\"><span style=\"font-weight: 400;\">Voolikute ja liitmike komplekt lisataimede kastmiseks<\/span><\/li>\n<li style=\"font-weight: 400;\"><span style=\"font-weight: 400;\">Electro&amp;Water \u2013 moodul kahe elektripistiku ja \u00fche veepistikuga<\/span><\/li>\n<li style=\"font-weight: 400;\"><span style=\"font-weight: 400;\">House Lux otsariiulite komplekt<\/span><\/li>\n<li style=\"font-weight: 400;\"><span style=\"font-weight: 400;\">House Lux riiulid pikisuunalised<\/span><\/li>\n<li style=\"font-weight: 400;\"><span style=\"font-weight: 400;\">House Lux taimede sidumise komplekt<\/span><\/li>\n<\/ul>\n","protected":false},"excerpt":{"rendered":"<p>See kasvuhoone saab sinu aia lemmikpaigaks. Ecoslider House Lux 2 meetri laiuse kasvuhoone p\u00f5hikomplektist piisab, et tunda end mugavalt aiat\u00f6id tehes. Lisa juurde katuseluugid, peenrad ja kastmiss\u00fcsteem ning kasvuhoone ongi valmis aias kasutamiseks. Konstruktsioon Ecoslider House Lux 2 m viilkatusega kasvuhoone konstruktsioon on vastupidav nii tugevale tuulele kui ka rohkele lumele. Katust ei ole vaja [&hellip;]<\/p>\n","protected":false},"featured_media":14118,"comment_status":"open","ping_status":"closed","template":"","meta":[],"product_brand":[597],"product_cat":[202,228,200,222],"product_tag":[256],"class_list":{"0":"post-6330","1":"product","2":"type-product","3":"status-publish","4":"has-post-thumbnail","6":"product_brand-ecoslider-brand","7":"product_cat-kasvuhooned-ecoslider","8":"product_cat-kasvuhoonete-konstruktor","9":"product_cat-kogu-kaup","10":"product_cat-viilkatusega-kasvuhooned-house-lux","11":"product_tag-construtor-et","12":"pa_greenhouse-covering-kargpolykarbonaat","13":"pa_greenhouse-frame-teras","14":"pa_greenhouse-kits-konstruktor","15":"pa_greenhouse-shape-viilkatusega-majakatusega","16":"pa_greenhouse-type-hobikasvuhoone","17":"pa_greenhouse-width-filter-2m-et","18":"pa_product-type-ecoslideri-kasvuhooned","20":"first","21":"instock","22":"taxable","23":"shipping-taxable","24":"purchasable","25":"product-type-variable"},"_links":{"self":[{"href":"https:\/\/ecoslider.com\/et\/wp-json\/wp\/v2\/product\/6330","targetHints":{"allow":["GET"]}}],"collection":[{"href":"https:\/\/ecoslider.com\/et\/wp-json\/wp\/v2\/product"}],"about":[{"href":"https:\/\/ecoslider.com\/et\/wp-json\/wp\/v2\/types\/product"}],"replies":[{"embeddable":true,"href":"https:\/\/ecoslider.com\/et\/wp-json\/wp\/v2\/comments?post=6330"}],"wp:featuredmedia":[{"embeddable":true,"href":"https:\/\/ecoslider.com\/et\/wp-json\/wp\/v2\/media\/14118"}],"wp:attachment":[{"href":"https:\/\/ecoslider.com\/et\/wp-json\/wp\/v2\/media?parent=6330"}],"wp:term":[{"taxonomy":"product_brand","embeddable":true,"href":"https:\/\/ecoslider.com\/et\/wp-json\/wp\/v2\/product_brand?post=6330"},{"taxonomy":"product_cat","embeddable":true,"href":"https:\/\/ecoslider.com\/et\/wp-json\/wp\/v2\/product_cat?post=6330"},{"taxonomy":"product_tag","embeddable":true,"href":"https:\/\/ecoslider.com\/et\/wp-json\/wp\/v2\/product_tag?post=6330"}],"curies":[{"name":"wp","href":"https:\/\/api.w.org\/{rel}","templated":true}]}}