{"id":6334,"date":"2025-03-13T12:48:36","date_gmt":"2025-03-13T10:48:36","guid":{"rendered":"https:\/\/ecoslider.web-design.ee\/product\/configurator-house-the-width-4m\/"},"modified":"2026-04-17T10:17:05","modified_gmt":"2026-04-17T07:17:05","slug":"konstruktor-house-laius-4m-6mm","status":"publish","type":"product","link":"https:\/\/ecoslider.com\/et\/shop\/kasvuhooned-ecoslider\/viilkatusega-kasvuhooned-house\/konstruktor-house-laius-4m-6mm\/","title":{"rendered":"Ecoslider House viilkatusega kasvuhoone, laius 4m, 6mm"},"content":{"rendered":"<p><span style=\"font-weight: 400;\">4 meetri laiune Ecoslider House kasvuhoone on \u00fcks populaarseim mudel meie tootevalikus. Klassikaline viilkatus annab maksimaalse vabaduse ruumi korraldamisel, v\u00f5imaldades kasutada erinevaid peenraid, ots- ja pikihoidlaid. Meie kliendid armastavad seda kasvuhoonet oma funktsionaalsuse ja mugavuse p\u00e4rast. Selle sees luuakse sageli hubaseid istumiskohti teejoomise ja aiandusraamatute lugemise jaoks.<\/span><\/p>\n<p><span style=\"font-weight: 400;\">Kui olete valmis aianduses uuendusi tegema, on 4 meetri laiune House viilkatusega kasvuhoone teie j\u00e4rgmine samm. See on avar ja funktsionaalne ning pakub l\u00f5putuid v\u00f5imalusi mitmesuguste kultuuride kasvatamiseks. K\u00f5rged seinad v\u00f5imaldavad istutada viinamarju ja paigaldada s\u00fcgavad peenrad arenenud juurestikuga taimede jaoks. Kasutades tugifermid, seovad paljud kliendid lillepotid v\u00f5i istutuskastid palgipuude k\u00fclge, suurendades nii kasutatavat ruumi.<\/span><\/p>\n<p><span style=\"font-weight: 400;\">House kasvuhoone on projekteeritud t\u00e4iustatud tehnoloogia abil, v\u00f5ttes arvesse k\u00f5iki taimede vajadusi, alates kastmisest kuni mulla s\u00fcgavuse ja vahekauguseni. Looge oma kultuuridele optimaalne mikrokliima. Ja t\u00e4nu v\u00f5imalusele paigutada lillepotte ja lillepeenraid, saate kasvuhoonele anda ainulaadse ja esteetilise v\u00e4limuse. House kasvuhoone ei t\u00e4henda ainult funktsionaalsust, vaid ka teie aia revolutsioonilist muutmist ja uute saavutuste inspireerimist.<\/span><\/p>\n<p><b>Vastupidav konstruktsioon<\/b><\/p>\n<p><span style=\"font-weight: 400;\">Ecoslider House&#8217;i vastupidavuse saladus peitub selle nutikas teraskonstruktsioonis:<\/span><\/p>\n<ul>\n<li style=\"font-weight: 400;\"><b>Raam<\/b><span style=\"font-weight: 400;\"> on valmistatud patenteeritud fermidest, mis on valmistatud korrosioonivastase kattega kvaliteetsest tsingitud metallist.<\/span><\/li>\n<li style=\"font-weight: 400;\"><b>Metallist alusraam<\/b><span style=\"font-weight: 400;\"> v\u00f5imaldab kasvuhoonet paigaldada mis tahes tasasele pinnale (maa, muru, betoon, puitterrass), s\u00e4ilitades selle geomeetria ja tagades tiheda sobivuse maapinnaga.<\/span><\/li>\n<li style=\"font-weight: 400;\"><b>Otsad ja uksed<\/b><span style=\"font-weight: 400;\"> on projekteeritud patenteeritud G-kujulise suletud profiiliga.<\/span><\/li>\n<\/ul>\n<p><b>Soojusisolatsioon<\/b><\/p>\n<p><span style=\"font-weight: 400;\">Mugava kasvuhoone mikrokliima loomiseks kasutame 6 mm kihilist pol\u00fckarbonaati. Reeglina on see paksus piisav, et hajutada p\u00e4evavalgust ja s\u00e4ilitada taimede jaoks meeldiv temperatuurire\u017eiim. Kasvuhoone soojusisolatsiooniomaduste parandamiseks soovitame valida paksema katte: 8 mm, 10 mm v\u00f5i isegi 16 mm. See on eriti oluline k\u00fclmades piirkondades, et kaitsta taimi j\u00e4rskude temperatuurimuutuste eest.<\/span><\/p>\n<p><span style=\"font-weight: 400;\">Pol\u00fckarbonaadi servad on kaitstud profiili ja spetsiaalse membraanilindiga, mis takistab niiskuse, mustuse ja putukate sattumist pol\u00fckarbonaadist kihtidesse.<\/span><\/p>\n<p><b>T\u00f5hus ventilatsioon<\/b><\/p>\n<p><span style=\"font-weight: 400;\">Ecoslider House&#8217;i baasversioon sisaldab:<\/span><\/p>\n<ul>\n<li style=\"font-weight: 400;\"><span style=\"font-weight: 400;\">2 l\u00e4bivat ust, mida saab asendada lengv\u00e4ravatega;<\/span><\/li>\n<li style=\"font-weight: 400;\"><span style=\"font-weight: 400;\">aknad iga ukse juures;<\/span><\/li>\n<li style=\"font-weight: 400;\"><span style=\"font-weight: 400;\">2 Smartventor-\u00f5huakent uste kohal asuvates otstes.<\/span><\/li>\n<\/ul>\n<p><span style=\"font-weight: 400;\">Kas vajate rohkem ventilatsiooni? Selleks on meil olemas k\u00e4sitsi ja automaatselt juhitavad \u00f5huaknad, mis paigaldatakse katuse peale.<\/span><\/p>\n<p><b>Lihtne kokkupanek<\/b><\/p>\n<p><span style=\"font-weight: 400;\">4 meetri laiune Ecoslider House pannakse kokku 4 \u2013 7 tunniga \u00fche p\u00e4eva jooksul. Piisab vundamendikarkassi paigaldamisest ja eelnevalt kokkupandud kasvuhoone segmentide kinnitamisest sellele.<\/span><\/p>\n<p><span style=\"font-weight: 400;\">Kokkupaneku on lihtne, kuna fermid, otsad ja uksed on tehases eelnevalt kokku pandud.<\/span><\/p>\n<p><b>K\u00e4ttetoimetamine ja paigaldus<\/b><\/p>\n<ul>\n<li style=\"font-weight: 400;\"><span style=\"font-weight: 400;\">Saab ise tarnida ja paigaldada<\/span><\/li>\n<li style=\"font-weight: 400;\"><span style=\"font-weight: 400;\">Heikkineni paigaldusspetsialistid on saadaval \u00fcle Eesti.<\/span><\/li>\n<li style=\"font-weight: 400;\"><span style=\"font-weight: 400;\">Kui soovite tellida meie kasvuhooneid v\u00e4ljaspool Eestit, v\u00f5tke meiega \u00fchendust ja me edastame teie p\u00e4ringu piirkondlikule esindajale.<\/span><\/li>\n<\/ul>\n<p><b>Funktsionaalsus<\/b><\/p>\n<p><span style=\"font-weight: 400;\">Ecoslideri viilkatusega kasvuhoonemudelile House oleme teie mugavuse huvides v\u00e4lja t\u00f6\u00f6tanud mitmesuguseid lisatarvikuid. Veebikonstruktoris saab lisaks valida:<\/span><\/p>\n<ul>\n<li style=\"font-weight: 400;\"><span style=\"font-weight: 400;\">P\u00f6\u00f6rlevad uksed klassikaliste uste asemel<\/span><\/li>\n<li style=\"font-weight: 400;\"><span style=\"font-weight: 400;\">House Lux k\u00e4sitsi<\/span><span style=\"font-weight: 400;\"> juhitavad \u00f5huaknad\u00a0<\/span><\/li>\n<li style=\"font-weight: 400;\"><span style=\"font-weight: 400;\">Univent <\/span><span style=\"font-weight: 400;\">\u2014 automaatne mehhanism katusejuhtimiseks<\/span><\/li>\n<li style=\"font-weight: 400;\"><span style=\"font-weight: 400;\">Erinevat t\u00fc\u00fcpi uksesulgemine (parem \/ vasakpoolne uks)<\/span><\/li>\n<li style=\"font-weight: 400;\"><span style=\"font-weight: 400;\">Vundamendipostid<\/span><\/li>\n<li style=\"font-weight: 400;\"><span style=\"font-weight: 400;\">Soojusisolatsiooniga vundamendid<\/span><\/li>\n<li style=\"font-weight: 400;\"><span style=\"font-weight: 400;\">Katuselt vee kogumiseks m\u00f5eldud rennide komplekt House<\/span><\/li>\n<li style=\"font-weight: 400;\"><span style=\"font-weight: 400;\">4 t\u00fc\u00fcpi peenraid: II, U, IOI ja E<\/span><\/li>\n<li style=\"font-weight: 400;\"><span style=\"font-weight: 400;\">Ecoslider Microdrip 15<\/span><span style=\"font-weight: 400;\"> iseseisev kastmiss\u00fcsteem 15 taime kastmiseks<\/span><\/li>\n<li style=\"font-weight: 400;\"><span style=\"font-weight: 400;\">Voolikute ja liitmike komplekt t\u00e4iendavate taimede jaoks<\/span><\/li>\n<li style=\"font-weight: 400;\"><span style=\"font-weight: 400;\">Electro&amp;Water<\/span><span style=\"font-weight: 400;\"> \u2014 moodul kahe elektripistiku ja \u00fche veepistikutega<\/span><\/li>\n<li style=\"font-weight: 400;\"><span style=\"font-weight: 400;\">Otsariiuli komplekt House Lux (3 riiulist koosnev komplekt)<\/span><\/li>\n<li style=\"font-weight: 400;\"><span style=\"font-weight: 400;\">Riiulid pikisuunalised House Lux (3 riiulist koosnev komplekt)<\/span><\/li>\n<li style=\"font-weight: 400;\"><span style=\"font-weight: 400;\">House Lux taimede sidumise komplekt<\/span><\/li>\n<\/ul>\n","protected":false},"excerpt":{"rendered":"<p>4 meetri laiune Ecoslider House kasvuhoone on \u00fcks populaarseim mudel meie tootevalikus. Klassikaline viilkatus annab maksimaalse vabaduse ruumi korraldamisel, v\u00f5imaldades kasutada erinevaid peenraid, ots- ja pikihoidlaid. Meie kliendid armastavad seda kasvuhoonet oma funktsionaalsuse ja mugavuse p\u00e4rast. Selle sees luuakse sageli hubaseid istumiskohti teejoomise ja aiandusraamatute lugemise jaoks. Kui olete valmis aianduses uuendusi tegema, on 4 [&hellip;]<\/p>\n","protected":false},"featured_media":8527,"comment_status":"closed","ping_status":"closed","template":"","meta":[],"product_brand":[597],"product_cat":[202,228,200,220],"product_tag":[256],"class_list":{"0":"post-6334","1":"product","2":"type-product","3":"status-publish","4":"has-post-thumbnail","6":"product_brand-ecoslider-brand","7":"product_cat-kasvuhooned-ecoslider","8":"product_cat-kasvuhoonete-konstruktor","9":"product_cat-kogu-kaup","10":"product_cat-viilkatusega-kasvuhooned-house","11":"product_tag-construtor-et","12":"pa_greenhouse-covering-kargpolykarbonaat","13":"pa_greenhouse-frame-teras","14":"pa_greenhouse-kits-konstruktor","15":"pa_greenhouse-shape-viilkatusega-majakatusega","16":"pa_greenhouse-type-hobikasvuhoone","17":"pa_greenhouse-width-filter-4m-et","18":"pa_product-type-ecoslideri-kasvuhooned","20":"first","21":"instock","22":"taxable","23":"shipping-taxable","24":"purchasable","25":"product-type-variable"},"_links":{"self":[{"href":"https:\/\/ecoslider.com\/et\/wp-json\/wp\/v2\/product\/6334","targetHints":{"allow":["GET"]}}],"collection":[{"href":"https:\/\/ecoslider.com\/et\/wp-json\/wp\/v2\/product"}],"about":[{"href":"https:\/\/ecoslider.com\/et\/wp-json\/wp\/v2\/types\/product"}],"replies":[{"embeddable":true,"href":"https:\/\/ecoslider.com\/et\/wp-json\/wp\/v2\/comments?post=6334"}],"wp:featuredmedia":[{"embeddable":true,"href":"https:\/\/ecoslider.com\/et\/wp-json\/wp\/v2\/media\/8527"}],"wp:attachment":[{"href":"https:\/\/ecoslider.com\/et\/wp-json\/wp\/v2\/media?parent=6334"}],"wp:term":[{"taxonomy":"product_brand","embeddable":true,"href":"https:\/\/ecoslider.com\/et\/wp-json\/wp\/v2\/product_brand?post=6334"},{"taxonomy":"product_cat","embeddable":true,"href":"https:\/\/ecoslider.com\/et\/wp-json\/wp\/v2\/product_cat?post=6334"},{"taxonomy":"product_tag","embeddable":true,"href":"https:\/\/ecoslider.com\/et\/wp-json\/wp\/v2\/product_tag?post=6334"}],"curies":[{"name":"wp","href":"https:\/\/api.w.org\/{rel}","templated":true}]}}