{"id":6336,"date":"2025-03-13T12:30:55","date_gmt":"2025-03-13T10:30:55","guid":{"rendered":"https:\/\/ecoslider.web-design.ee\/product\/configurator-house-the-width-3-5m\/"},"modified":"2026-04-17T10:11:10","modified_gmt":"2026-04-17T07:11:10","slug":"konstruktor-house-laius-3-5m-6mm","status":"publish","type":"product","link":"https:\/\/ecoslider.com\/et\/shop\/kasvuhooned-ecoslider\/viilkatusega-kasvuhooned-house\/konstruktor-house-laius-3-5m-6mm\/","title":{"rendered":"Ecoslider House viilkatusega kasvuhoone, laius 3.5m, 6mm"},"content":{"rendered":"<p><span style=\"font-weight: 400;\">Ecoslider House 3.5 m kasvuhoone on teie aia p\u00e4rl. Avar, praktiline, elegantne. 3,5 meetri laiuse viilkatusega kasvuhoone kvaliteet ja funktsionaalsus ei j\u00e4ta kedagi \u00fcksk\u00f5ikseks.<\/span><\/p>\n<p><span style=\"font-weight: 400;\">3.5 meetri laiune Ecoslider House on ideaalne lahendus koduseks aianduseks, sest hobi v\u00f5ib muutuda millekski enamaks. Kas kavatsete kasvatada samas ruumis kurke, suvek\u00f5rvitsaid, tomateid, paprikat, rediseid, maasikaid, lilli, maitsetaimi, v\u00fcrtse ja isegi viinamarju, unustamata seejuures puhkeruumi? Ecoslider kasvuhoone saab selle \u00fclesandega hakkama! L\u00f5ppude l\u00f5puks on v\u00f5imalik k\u00f5ike seda mahutada nii laia kasvuhoonesse, korraldades voodeid ja kastmisv\u00f6\u00f6ndeid!<\/span><\/p>\n<p><span style=\"font-weight: 400;\">T\u00e4nu oma esteetilisele disainile sobib kasvuhoone suurep\u00e4raselt igasse aiamaastikku. House kasvuhoone oma viilkatusega annab aiale ilusa v\u00e4ljan\u00e4gemise ja hubasuse.<\/span><\/p>\n<p><b>Konstruktsioon\u00a0<\/b><\/p>\n<p><span style=\"font-weight: 400;\">R\u00e4\u00e4gime meie kasvuhoone teraskonstruktsiooni t\u00f6\u00f6kindlusest. Selle aluses on alati metallist vundamendiraam, mis tagab kogu konstruktsiooni stabiilsuse aastateks ja s\u00e4ilitab kasvuhoone geomeetria. Kuid k\u00f5ige olulisemad on patenteeritud sisemiste p\u00f5imingutega fermid, mis moodustavad p\u00f5hiraami. Need annavad kasvuhoonele uskumatu tugevuse ja v\u00f5ime taluda \u00e4\u00e4rmuslikke ilmastikutingimusi.<\/span><\/p>\n<p><span style=\"font-weight: 400;\">Ecoslideri kasvuhooned ei vaja talvel lume eemaldamist katuselt. Samuti ei pea muretsema tormituulte p\u00e4rast, sest kasvuhoone otstele on p\u00f6\u00f6ratud erilist t\u00e4helepanu. Need on \u00fcmbritsetud tugevdatud G-kujulisest patenteeritud profiilist valmistatud raamiga. Tormide ja tugeva tuule korral kannatavad ju kasvuhoone otsad k\u00f5ige rohkem ning kui tuul neid kahjustab, on t\u00f5en\u00e4osus, et kasvuhoone variseb t\u00e4ielikult kokku, \u00fcsna suur.<\/span><\/p>\n<p><b>Kate<\/b><\/p>\n<p><span style=\"font-weight: 400;\">L\u00e4bipaistev kihiline pol\u00fckarbonaat on suurep\u00e4rane lahendus kasvuhoone katmiseks. 6 mm on pol\u00fckarbonaadi p\u00f5hipaksus, millega k\u00f5ik Ecoslideri kasvuhooned tarnitakse. Kui soovite kasvuhoone hooaega pikendada v\u00f5i kui teie piirkonnas on hiline kevad ja varajane talv, siis valige 8 mm, 10 mm v\u00f5i 16 mm paksus.<\/span><\/p>\n<p><span style=\"font-weight: 400;\">Pol\u00fckarbonaadi servad on kaitstud nii U-profiili kui ka spetsiaalse membraanlindiga. Selline l\u00e4henemine takistab pol\u00fckarbonaadi saastumist kihtide sees ja hallituse tekkimist, kaitseb putukate sissetungi eest.<\/span><\/p>\n<p><b>Ventilatsioon<\/b><\/p>\n<p><span style=\"font-weight: 400;\">Ecoslider House 3.5 m kasvuhoone baasversioon sisaldab 3 t\u00f5husat ventilatsiooniv\u00f5imalust:<\/span><\/p>\n<ul>\n<li style=\"font-weight: 400;\"><span style=\"font-weight: 400;\">2 l\u00e4bivat ust, mida saab kuumadel p\u00e4evadel lahti j\u00e4tta.<\/span><\/li>\n<li style=\"font-weight: 400;\"><span style=\"font-weight: 400;\">\u00dcks aken m\u00f5lemal uksel, mida saab k\u00e4sitsi avada ja sulgeda.<\/span><\/li>\n<li style=\"font-weight: 400;\"><span style=\"font-weight: 400;\">Smartventor-\u00f5huaknad uste kohal. Samuti k\u00e4sitsi v\u00f5i automaatselt juhitavad.<\/span><\/li>\n<\/ul>\n<p><span style=\"font-weight: 400;\">Suurte kasvuhoonete puhul soovitame t\u00e4iendavalt kasutada katusel asuvaid katuseluuke. Viilkatusega kasvuhoone mudeli puhul soovitame paigaldada katuseluugid iga 2 meetri tagant.<\/span><\/p>\n<p><span style=\"font-weight: 400;\">Kui teil puudub soov v\u00f5i v\u00f5imalus ventilatsiooni k\u00e4sitsi reguleerida, siis saate veebikonstruktoris valida automaatsed \u00f5huaknad. Nad t\u00f6\u00f6tavad Univent-mehhanismi p\u00f5hjal, mis reageerib \u00f5hutemperatuuri muutustele, st avab ja sulgeb aknaluugid iseseisvalt, ilma et neid oleks vaja elektriga \u00fchendada.<\/span><\/p>\n<p><b>Kokkupanek<\/b><\/p>\n<p><span style=\"font-weight: 400;\">V\u00f5rreldes House Lux viilkatusega mudeliga House kasvuhoone segmendid pannakse kokku tehases ja tarnitakse eelnevalt kokkupanduna. See t\u00e4hendab, et teie ise v\u00f5i meie spetsialistid lihtsalt \u00fchendavad suured elemendid paigalduskohas terviklikuks konstruktsiooniks.<\/span><\/p>\n<p><b>K\u00e4ttetoimetamine ja paigaldus<\/b><\/p>\n<p><span style=\"font-weight: 400;\">Kas soovite oma kasvuhoone ise kokku koguda ja kokku panna? Suurep\u00e4rane! Te saate seda teha 4 kuni 6 tunniga vastavalt juhistele.<\/span><\/p>\n<p><span style=\"font-weight: 400;\">Kas vajate abi? Meie spetsialistid tarnivad ja paigaldavad. Kui asute v\u00e4ljaspool Eestit, saatke meile p\u00e4ring ja me paneme teid \u00fchendust piirkondliku esindajaga.<\/span><\/p>\n<p><b>Ecoslider House 3.5m mudeli juurde on v\u00f5imalik t\u00e4iendavalt tellida:<\/b><\/p>\n<ul>\n<li style=\"font-weight: 400;\"><span style=\"font-weight: 400;\">House k\u00e4sitsi<\/span><span style=\"font-weight: 400;\"> juhitavad \u00f5huaknad\u00a0<\/span><\/li>\n<li style=\"font-weight: 400;\"><span style=\"font-weight: 400;\">Megavent <\/span><span style=\"font-weight: 400;\">\u2014 automaatne mehhanism katusejuhtimiseks<\/span><\/li>\n<li style=\"font-weight: 400;\"><span style=\"font-weight: 400;\">Erinevat t\u00fc\u00fcpi uksesulgemine (parem \/ vasakpoolne uks)<\/span><\/li>\n<li style=\"font-weight: 400;\"><span style=\"font-weight: 400;\">Vundamendipostid<\/span><\/li>\n<li style=\"font-weight: 400;\"><span style=\"font-weight: 400;\">Soojusisolatsiooniga vundamendid<\/span><\/li>\n<li style=\"font-weight: 400;\"><span style=\"font-weight: 400;\">Katuselt vee kogumiseks m\u00f5eldud rennide komplekt House<\/span><\/li>\n<li style=\"font-weight: 400;\"><span style=\"font-weight: 400;\">4 t\u00fc\u00fcpi peenraid: II, U, IOI ja E<\/span><\/li>\n<li style=\"font-weight: 400;\"><span style=\"font-weight: 400;\">Ecoslider Microdrip 15<\/span><span style=\"font-weight: 400;\"> iseseisev kastmiss\u00fcsteem 15 taime kastmiseks<\/span><\/li>\n<li style=\"font-weight: 400;\"><span style=\"font-weight: 400;\">Voolikute ja liitmike komplekt t\u00e4iendavate taimede jaoks<\/span><\/li>\n<li style=\"font-weight: 400;\"><span style=\"font-weight: 400;\">Electro&amp;Water<\/span><span style=\"font-weight: 400;\"> \u2014 moodul kahe elektripistiku ja \u00fche veepistikutega<\/span><\/li>\n<li style=\"font-weight: 400;\"><span style=\"font-weight: 400;\">Otsariiuli komplekt House<\/span><\/li>\n<li style=\"font-weight: 400;\"><span style=\"font-weight: 400;\">Riiulid pikisuunalised House<\/span><\/li>\n<li style=\"font-weight: 400;\"><span style=\"font-weight: 400;\">House taimede sidumise komplekt<\/span><\/li>\n<\/ul>\n","protected":false},"excerpt":{"rendered":"<p>Ecoslider House 3.5 m kasvuhoone on teie aia p\u00e4rl. Avar, praktiline, elegantne. 3,5 meetri laiuse viilkatusega kasvuhoone kvaliteet ja funktsionaalsus ei j\u00e4ta kedagi \u00fcksk\u00f5ikseks. 3.5 meetri laiune Ecoslider House on ideaalne lahendus koduseks aianduseks, sest hobi v\u00f5ib muutuda millekski enamaks. Kas kavatsete kasvatada samas ruumis kurke, suvek\u00f5rvitsaid, tomateid, paprikat, rediseid, maasikaid, lilli, maitsetaimi, v\u00fcrtse ja [&hellip;]<\/p>\n","protected":false},"featured_media":8536,"comment_status":"closed","ping_status":"closed","template":"","meta":[],"product_brand":[597],"product_cat":[202,228,200,220],"product_tag":[256],"class_list":{"0":"post-6336","1":"product","2":"type-product","3":"status-publish","4":"has-post-thumbnail","6":"product_brand-ecoslider-brand","7":"product_cat-kasvuhooned-ecoslider","8":"product_cat-kasvuhoonete-konstruktor","9":"product_cat-kogu-kaup","10":"product_cat-viilkatusega-kasvuhooned-house","11":"product_tag-construtor-et","12":"pa_greenhouse-covering-kargpolykarbonaat","13":"pa_greenhouse-frame-teras","14":"pa_greenhouse-kits-konstruktor","15":"pa_greenhouse-shape-viilkatusega-majakatusega","16":"pa_greenhouse-type-hobikasvuhoone","17":"pa_greenhouse-width-filter-3-5m-et","18":"pa_product-type-ecoslideri-kasvuhooned","20":"first","21":"instock","22":"taxable","23":"shipping-taxable","24":"purchasable","25":"product-type-variable"},"_links":{"self":[{"href":"https:\/\/ecoslider.com\/et\/wp-json\/wp\/v2\/product\/6336","targetHints":{"allow":["GET"]}}],"collection":[{"href":"https:\/\/ecoslider.com\/et\/wp-json\/wp\/v2\/product"}],"about":[{"href":"https:\/\/ecoslider.com\/et\/wp-json\/wp\/v2\/types\/product"}],"replies":[{"embeddable":true,"href":"https:\/\/ecoslider.com\/et\/wp-json\/wp\/v2\/comments?post=6336"}],"wp:featuredmedia":[{"embeddable":true,"href":"https:\/\/ecoslider.com\/et\/wp-json\/wp\/v2\/media\/8536"}],"wp:attachment":[{"href":"https:\/\/ecoslider.com\/et\/wp-json\/wp\/v2\/media?parent=6336"}],"wp:term":[{"taxonomy":"product_brand","embeddable":true,"href":"https:\/\/ecoslider.com\/et\/wp-json\/wp\/v2\/product_brand?post=6336"},{"taxonomy":"product_cat","embeddable":true,"href":"https:\/\/ecoslider.com\/et\/wp-json\/wp\/v2\/product_cat?post=6336"},{"taxonomy":"product_tag","embeddable":true,"href":"https:\/\/ecoslider.com\/et\/wp-json\/wp\/v2\/product_tag?post=6336"}],"curies":[{"name":"wp","href":"https:\/\/api.w.org\/{rel}","templated":true}]}}