{"id":6340,"date":"2025-03-13T12:19:15","date_gmt":"2025-03-13T10:19:15","guid":{"rendered":"https:\/\/ecoslider.web-design.ee\/product\/configurator-house-the-width-3m\/"},"modified":"2026-04-17T10:09:10","modified_gmt":"2026-04-17T07:09:10","slug":"konstruktor-house-laius-3m-6mm","status":"publish","type":"product","link":"https:\/\/ecoslider.com\/et\/shop\/kasvuhooned-ecoslider\/viilkatusega-kasvuhooned-house\/konstruktor-house-laius-3m-6mm\/","title":{"rendered":"Ecoslider House viilkatusega kasvuhoone, laius 3m, 6mm"},"content":{"rendered":"<p><span style=\"font-weight: 400;\">Ecoslider House 3 meetri laiune viilkatusega kasvuhoone on meie bestseller! Selles on palju ruumi k\u00f6\u00f6giviljade, maitsetaimede, roheliste ja lillede kasvatamiseks. Isegi 3x4m kasvuhoonet saab korraldada kasvatus- ja puhkealana. Valige oma unistuste kasvuhoone ja nautige v\u00e4rsket ja rikkalikku saaki otse oma aiast.<\/span><\/p>\n<p><span style=\"font-weight: 400;\">Meie klientide seas on k\u00f5ige populaarsemad kasvuhoone suurused 12 \/ 18 \/ 24 ruutmeetrit (3x4m, 3x6m, 3x8m). Nimetatud m\u00f5\u00f5dud sobivad ideaalselt koduseks kasvatamiseks kodu l\u00e4hedal.<\/span><\/p>\n<p><b>Konstruktsioon<\/b><\/p>\n<ul>\n<li style=\"font-weight: 400;\"><span style=\"font-weight: 400;\">Teraskarkass on tugevdatud kaarekujulise patenteeritud fermidega, nii et kasvuhoone peab vastu kuni 800 kg\/m\u00b2 suurusele lumekoormusele. Seet\u00f5ttu ei ole vaja lund kasvuhoone pinnalt eemaldada ega tugeva tuule p\u00e4rast muretseda. Peaasi, et see kinnitatakse kindlalt pinnase v\u00f5i vundamendi k\u00fclge.<\/span><\/li>\n<li style=\"font-weight: 400;\"><span style=\"font-weight: 400;\">Terase kvaliteet ja korrosioonivastane kattekiht muudavad kasvuhoone kasutuskindlaks. Konstruktsioonile on tagatud 10-aastane korrosioonivastane garantii.\u00a0<\/span><\/li>\n<li style=\"font-weight: 400;\"><span style=\"font-weight: 400;\">Metallist alusraam ja vundamendiraami j\u00e4ik kinnitus pungile tagavad kogu raami t\u00e4iusliku geomeetria, mis annab lisakindlust tormituulte korral.<\/span><\/li>\n<li style=\"font-weight: 400;\"><span style=\"font-weight: 400;\">Otsad on tugevdatud kinnise profiiliga. Uksed sulguvad tihedalt t\u00e4nu keerukale t\u00fc\u00fcbiprofiilile. See muudab kasvuhoone heaks ja mugavaks igap\u00e4evaseks kasutamiseks aastateks.<\/span><\/li>\n<\/ul>\n<p><b>Kate<\/b><\/p>\n<p><span style=\"font-weight: 400;\">Kasvuhoone katmiseks kasutame Euroopas toodud l\u00e4bipaistvat pol\u00fckarbonaati. Tootja garantii on 10 aastat. Kasvuhoone baaskonfiguratsioonis kasutame 6 mm paksust pol\u00fckarbonaati: otstes, katusel ja seintel. Soovi korral saate paigaldada paksema katte 8 mm, 10 mm ja 16 mm. Mida paksem on kate, seda kauem s\u00e4ilib soojus ja seega ka taimede kasvuperiood.<\/span><\/p>\n<p><span style=\"font-weight: 400;\">Pol\u00fckarbonaatkaitse kuulub kasvuhoone p\u00f5hihinna hulka. Pol\u00fckarbonaadi servad on tihedalt kaetud U-profiili ja membraanilindiga, et juhtida kihtides tekkivat kondensaati ja v\u00e4ltida seente, putukate ja tolmu levikut.<\/span><\/p>\n<p><b>Kasvuhoone ventilatsioon<\/b><\/p>\n<p><span style=\"font-weight: 400;\">K\u00f5ik Ecoslideri mudelid sisaldavad p\u00f5hilist ventilatsiooni, mis hoolitseb t\u00f5husalt ruumi ventilatsiooni eest.<\/span><\/p>\n<p><span style=\"font-weight: 400;\">Ecoslider House 3m sisaldab:<\/span><\/p>\n<ul>\n<li style=\"font-weight: 400;\"><span style=\"font-weight: 400;\">l\u00e4bivad uksed;<\/span><\/li>\n<li style=\"font-weight: 400;\"><span style=\"font-weight: 400;\">k\u00e4sitsi avatavad aknad, mis asuvad uste peal;<\/span><\/li>\n<li style=\"font-weight: 400;\"><span style=\"font-weight: 400;\">Smartventor-\u00f5huaknad, mis asuvad uste kohal asuvates otstes.<\/span><\/li>\n<\/ul>\n<p><span style=\"font-weight: 400;\">Kui teil on pikk kasvuhoone, soovitame lisada katusele t\u00e4iendavad k\u00e4sitsi v\u00f5i automaatselt avatavad \u00f5huaknaid. Kasvuhoone sisemise mikrokliima paremaks kontrollimiseks ka siis, kui te ei viibi kohapeal, soovitame k\u00e4sitsi v\u00f5i automaatselt avatavaid aknaluuke, mis t\u00f6\u00f6tavad, kui v\u00e4listemperatuur k\u00f5igub, ja mida ei ole vaja \u00fchendada elektriga.<\/span><\/p>\n<p><b>Kokkupanek<\/b><\/p>\n<p><span style=\"font-weight: 400;\">Veel \u00fcks suur eelis: Ecoslider House sarja kasvuhooned on valmistatud eelnevalt kokkupanduna. R\u00f5dud ja otsad pannakse kokku tehases, enne kui need kliendile v\u00e4lja saadetakse. Pol\u00fckarbonaat l\u00f5igatakse ja sisestatakse otsade ja uste raamidesse. Kasvuhoone tarnitakse kohale suurtes segmentides, mis tuleb lihtsalt \u00fcheks konstruktsiooniks \u00fchendada.<\/span><\/p>\n<p><b>K\u00e4ttetoimetamine ja paigaldus<\/b><\/p>\n<p><span style=\"font-weight: 400;\">V\u00f5imalik on ise tarnida ja paigaldada. Aga kui see ei ole v\u00f5imalik, saame seda teie eest ise teha. K\u00e4ttetoimetamine ja paigaldus \u00fcle Eesti. Meil on esindajad ja partnerid v\u00e4ljaspool Eestit.<\/span><\/p>\n<p><b>Ecoslider House 3m mudeli juurde on v\u00f5imalik t\u00e4iendavalt tellida:<\/b><\/p>\n<ul>\n<li style=\"font-weight: 400;\"><span style=\"font-weight: 400;\">House k\u00e4sitsi<\/span><span style=\"font-weight: 400;\"> juhitavad \u00f5huaknad\u00a0<\/span><\/li>\n<li style=\"font-weight: 400;\"><span style=\"font-weight: 400;\">Megavent <\/span><span style=\"font-weight: 400;\">\u2014 automaatne mehhanism katusejuhtimiseks<\/span><\/li>\n<li style=\"font-weight: 400;\"><span style=\"font-weight: 400;\">Erinevat t\u00fc\u00fcpi uksesulgemine (parem \/ vasakpoolne uks)<\/span><\/li>\n<li style=\"font-weight: 400;\"><span style=\"font-weight: 400;\">Vundamendipostid<\/span><\/li>\n<li style=\"font-weight: 400;\"><span style=\"font-weight: 400;\">Soojusisolatsiooniga vundamendid<\/span><\/li>\n<li style=\"font-weight: 400;\"><span style=\"font-weight: 400;\">Katuselt vee kogumiseks m\u00f5eldud rennide komplekt House<\/span><\/li>\n<li style=\"font-weight: 400;\"><span style=\"font-weight: 400;\">4 t\u00fc\u00fcpi peenraid: II, U, IOI ja E<\/span><\/li>\n<li style=\"font-weight: 400;\"><span style=\"font-weight: 400;\">Ecoslider Microdrip 15<\/span><span style=\"font-weight: 400;\"> iseseisev kastmiss\u00fcsteem 15 taime kastmiseks<\/span><\/li>\n<li style=\"font-weight: 400;\"><span style=\"font-weight: 400;\">Voolikute ja liitmike komplekt t\u00e4iendavate taimede jaoks<\/span><\/li>\n<li style=\"font-weight: 400;\"><span style=\"font-weight: 400;\">Electro&amp;Water<\/span><span style=\"font-weight: 400;\"> \u2014 moodul kahe elektripistiku ja \u00fche veepistikutega<\/span><\/li>\n<li style=\"font-weight: 400;\"><span style=\"font-weight: 400;\">Otsariiuli komplekt House<\/span><\/li>\n<li style=\"font-weight: 400;\"><span style=\"font-weight: 400;\">Riiulid pikisuunalised House<\/span><\/li>\n<li style=\"font-weight: 400;\"><span style=\"font-weight: 400;\">House taimede sidumise komplekt<\/span><\/li>\n<\/ul>\n","protected":false},"excerpt":{"rendered":"<p>Ecoslider House 3 meetri laiune viilkatusega kasvuhoone on meie bestseller! Selles on palju ruumi k\u00f6\u00f6giviljade, maitsetaimede, roheliste ja lillede kasvatamiseks. Isegi 3x4m kasvuhoonet saab korraldada kasvatus- ja puhkealana. Valige oma unistuste kasvuhoone ja nautige v\u00e4rsket ja rikkalikku saaki otse oma aiast. Meie klientide seas on k\u00f5ige populaarsemad kasvuhoone suurused 12 \/ 18 \/ 24 ruutmeetrit [&hellip;]<\/p>\n","protected":false},"featured_media":8560,"comment_status":"closed","ping_status":"closed","template":"","meta":[],"product_brand":[597],"product_cat":[202,228,200,220],"product_tag":[256],"class_list":{"0":"post-6340","1":"product","2":"type-product","3":"status-publish","4":"has-post-thumbnail","6":"product_brand-ecoslider-brand","7":"product_cat-kasvuhooned-ecoslider","8":"product_cat-kasvuhoonete-konstruktor","9":"product_cat-kogu-kaup","10":"product_cat-viilkatusega-kasvuhooned-house","11":"product_tag-construtor-et","12":"pa_greenhouse-covering-kargpolykarbonaat","13":"pa_greenhouse-frame-teras","14":"pa_greenhouse-kits-konstruktor","15":"pa_greenhouse-shape-viilkatusega-majakatusega","16":"pa_greenhouse-type-hobikasvuhoone","17":"pa_greenhouse-width-filter-3m-et","18":"pa_product-type-ecoslideri-kasvuhooned","20":"first","21":"instock","22":"taxable","23":"shipping-taxable","24":"purchasable","25":"product-type-variable"},"_links":{"self":[{"href":"https:\/\/ecoslider.com\/et\/wp-json\/wp\/v2\/product\/6340","targetHints":{"allow":["GET"]}}],"collection":[{"href":"https:\/\/ecoslider.com\/et\/wp-json\/wp\/v2\/product"}],"about":[{"href":"https:\/\/ecoslider.com\/et\/wp-json\/wp\/v2\/types\/product"}],"replies":[{"embeddable":true,"href":"https:\/\/ecoslider.com\/et\/wp-json\/wp\/v2\/comments?post=6340"}],"wp:featuredmedia":[{"embeddable":true,"href":"https:\/\/ecoslider.com\/et\/wp-json\/wp\/v2\/media\/8560"}],"wp:attachment":[{"href":"https:\/\/ecoslider.com\/et\/wp-json\/wp\/v2\/media?parent=6340"}],"wp:term":[{"taxonomy":"product_brand","embeddable":true,"href":"https:\/\/ecoslider.com\/et\/wp-json\/wp\/v2\/product_brand?post=6340"},{"taxonomy":"product_cat","embeddable":true,"href":"https:\/\/ecoslider.com\/et\/wp-json\/wp\/v2\/product_cat?post=6340"},{"taxonomy":"product_tag","embeddable":true,"href":"https:\/\/ecoslider.com\/et\/wp-json\/wp\/v2\/product_tag?post=6340"}],"curies":[{"name":"wp","href":"https:\/\/api.w.org\/{rel}","templated":true}]}}