{"id":6344,"date":"2025-03-13T12:09:28","date_gmt":"2025-03-13T10:09:28","guid":{"rendered":"https:\/\/ecoslider.web-design.ee\/product\/configurator-house-the-width-2-5m\/"},"modified":"2026-04-17T10:06:39","modified_gmt":"2026-04-17T07:06:39","slug":"konstruktor-house-laius-2-5m-6mm","status":"publish","type":"product","link":"https:\/\/ecoslider.com\/et\/shop\/kasvuhooned-ecoslider\/viilkatusega-kasvuhooned-house\/konstruktor-house-laius-2-5m-6mm\/","title":{"rendered":"Ecoslider House viilkatusega kasvuhoone, laius 2.5m, 6mm"},"content":{"rendered":"<p><span style=\"font-weight: 400;\">Ecoslideri viilkatusega kasvuhoone House 2.5 m muudab kasvatamise t\u00f5eliseks naudinguks. Meie veebikonstruktor aitab ehitada funktsionaalse kasvuhoone, mis v\u00f5imaldab teie ideid maksimaalselt ellu viia.<\/span><\/p>\n<p><span style=\"font-weight: 400;\">Kui aiandus ei ole pelgalt hobi, vaid peretraditsioon, on oluline, et kasvuhoone \u00fchendaks endas vastupidavuse, funktsionaalsuse ja esteetika. Ecoslideri kasvuhooned, mis said alguse 2011. aastal nagu pereettev\u00f5te, aitavad s\u00e4ilitada ja edasi anda traditsioone, muutes aiandusest lemmikajaviide.<\/span><\/p>\n<p><b>Konstruktsioon<\/b><\/p>\n<p><span style=\"font-weight: 400;\">Selle mudeli pindala on t\u00e4nu 2.5 meetri laiusele suurem. Seal on piisavalt ruumi l\u00f5hnavate roheliste kurkide, magusate paprikate, tomatite, v\u00fcrtsikate maitsetaimede ja isegi lillede kasvatamiseks. Viilkatusega on tagatud konstruktsiooni mugav k\u00f5rgus: seinte k\u00f5rgus on 1.55 m ja suureneb harjal 2.32 m-ni, mis on mugav pikkade inimeste jaoks. Kasvuhoone karkass on nii tugev, et selle k\u00fclge saab julgelt riputada lillede v\u00f5i maasikatega kastikesi.<\/span><\/p>\n<p><span style=\"font-weight: 400;\">Ecoslideri kasvuhoonete vastupidavus p\u00f5hineb sisemiste p\u00f5imingutega terasfermidel, t\u00e4nu millele peab kasvuhoone vastu uskumatule koormusele (1050 kg\/m\u00b2), samuti vundamendiraamil ja tugevdatud otstes. Ei ole vaja kulutada aega ja vaeva lume koristamisele kasvuhoone katuselt, sest patenteeritud terasfermid kui peamised kandurid jaotavad koormuse t\u00e4iuslikult kogu kasvuhoone pinnale. Teras on kaitstud korrosioonivastase kattega.<\/span><\/p>\n<p><b>Kate<\/b><\/p>\n<p><span style=\"font-weight: 400;\">Kasutame kvaliteetset Euroopa pol\u00fckarbonaati. Tootja garantii \u2014 10 aastat. Katte paksus p\u00f5hikonfiguratsioonis \u2014 6 mm. Kui soovite pikendada k\u00f6\u00f6giviljade kasvatamise hooaega, valige paksem pol\u00fckarbonaat \u2014 8 mm \/ 10 mm \/ 16 mm.<\/span><\/p>\n<p><span style=\"font-weight: 400;\">Spetsiaalsed tarvikud kinnitavad pol\u00fckarbonaatplaadid kindlalt ja kaitsev membraanlint katab tihedalt pol\u00fckarbonaatrakke ning takistab tolmu, niiskuse ja putukate levikut.<\/span><\/p>\n<p><b>Ventilatsioon<\/b><\/p>\n<p><span style=\"font-weight: 400;\">Parem ventilatsioon saavutatakse nutika ventilatsioonis\u00fcsteemi abil:<\/span><\/p>\n<ul>\n<li style=\"font-weight: 400;\"><span style=\"font-weight: 400;\">Kaks ust \u00fcksteise vastas olevates otstes<\/span><\/li>\n<li style=\"font-weight: 400;\"><span style=\"font-weight: 400;\">\u00dcks suur aken m\u00f5lemal pool<\/span><\/li>\n<li style=\"font-weight: 400;\"><span style=\"font-weight: 400;\">Smartventor \u00f5huaken m\u00f5lemas otsas ukse kohal<\/span><\/li>\n<li style=\"font-weight: 400;\"><span style=\"font-weight: 400;\">Lisavarustusena on v\u00f5imalik osta k\u00e4sitsi v\u00f5i automaatselt avatavad \u00f5huaknaid, mida saab paigaldada kasvuhoone katusele.<\/span><\/li>\n<\/ul>\n<p><b>Kokkupanek<\/b><\/p>\n<p><span style=\"font-weight: 400;\">Ecoslider House 2.5 m on saadaval eelnevalt kokkupanduna. Fermid, otsad ja uksed on juba tehases \u00fches t\u00fckis kokku pandud, samas kui seinte ja katuse pol\u00fckarbonaat on m\u00f5\u00f5tude j\u00e4rgi l\u00f5igatud.<\/span><\/p>\n<p><b>K\u00e4ttetoimetamine ja paigaldus<\/b><\/p>\n<p><span style=\"font-weight: 400;\">V\u00f5imalik on kohaletoimetamine Eesti piires. V\u00e4lisriikidesse toimub tarne rahvusvahelise kaubaveo kaudu meie piirkondlike esindajate abiga.<\/span><\/p>\n<p><span style=\"font-weight: 400;\">Kasvuhoone v\u00f5ite ise kokku panna vastavalt juhistele v\u00f5i kutsuda meie Heikkinen O\u00dc spetsialistid, kes teevad seda teie eest. Nad suudavad t\u00f6\u00f6 teha m\u00f5ne tunniga. On v\u00f5imalik ise tarnida ja paigaldada kasvuhoonet.<\/span><\/p>\n<p><b>Ecoslider House 2.5m mudeli juurde on v\u00f5imalik t\u00e4iendavalt tellida:<\/b><\/p>\n<ul>\n<li style=\"font-weight: 400;\"><span style=\"font-weight: 400;\">House k\u00e4sitsi<\/span><span style=\"font-weight: 400;\"> juhitavad \u00f5huaknad\u00a0<\/span><\/li>\n<li style=\"font-weight: 400;\"><span style=\"font-weight: 400;\">Megavent <\/span><span style=\"font-weight: 400;\">\u2014 automaatne mehhanism katusejuhtimiseks<\/span><\/li>\n<li style=\"font-weight: 400;\"><span style=\"font-weight: 400;\">Erinevat t\u00fc\u00fcpi uksesulgemine (parem \/ vasakpoolne uks)<\/span><\/li>\n<li style=\"font-weight: 400;\"><span style=\"font-weight: 400;\">Vundamendipostid<\/span><\/li>\n<li style=\"font-weight: 400;\"><span style=\"font-weight: 400;\">Soojusisolatsiooniga vundamendid<\/span><\/li>\n<li style=\"font-weight: 400;\"><span style=\"font-weight: 400;\">Katuselt vee kogumiseks m\u00f5eldud rennide komplekt House<\/span><\/li>\n<li style=\"font-weight: 400;\"><span style=\"font-weight: 400;\">2 t\u00fc\u00fcpi peenraid: II, U<\/span><\/li>\n<li style=\"font-weight: 400;\"><span style=\"font-weight: 400;\">Ecoslider Microdrip 15<\/span><span style=\"font-weight: 400;\"> iseseisev kastmiss\u00fcsteem 15 taime kastmiseks<\/span><\/li>\n<li style=\"font-weight: 400;\"><span style=\"font-weight: 400;\">Voolikute ja liitmike komplekt t\u00e4iendavate taimede jaoks<\/span><\/li>\n<li style=\"font-weight: 400;\"><span style=\"font-weight: 400;\">Electro&amp;Water<\/span><span style=\"font-weight: 400;\"> \u2014 moodul kahe elektripistiku ja \u00fche veepistikutega<\/span><\/li>\n<li style=\"font-weight: 400;\"><span style=\"font-weight: 400;\">Otsariiuli komplekt House<\/span><\/li>\n<li style=\"font-weight: 400;\"><span style=\"font-weight: 400;\">Riiulid pikisuunalised House<\/span><\/li>\n<li style=\"font-weight: 400;\"><span style=\"font-weight: 400;\">House taimede sidumise komplekt<\/span><\/li>\n<\/ul>\n","protected":false},"excerpt":{"rendered":"<p>Ecoslideri viilkatusega kasvuhoone House 2.5 m muudab kasvatamise t\u00f5eliseks naudinguks. Meie veebikonstruktor aitab ehitada funktsionaalse kasvuhoone, mis v\u00f5imaldab teie ideid maksimaalselt ellu viia. Kui aiandus ei ole pelgalt hobi, vaid peretraditsioon, on oluline, et kasvuhoone \u00fchendaks endas vastupidavuse, funktsionaalsuse ja esteetika. Ecoslideri kasvuhooned, mis said alguse 2011. aastal nagu pereettev\u00f5te, aitavad s\u00e4ilitada ja edasi anda [&hellip;]<\/p>\n","protected":false},"featured_media":8566,"comment_status":"closed","ping_status":"closed","template":"","meta":[],"product_brand":[597],"product_cat":[202,228,200,220],"product_tag":[256],"class_list":{"0":"post-6344","1":"product","2":"type-product","3":"status-publish","4":"has-post-thumbnail","6":"product_brand-ecoslider-brand","7":"product_cat-kasvuhooned-ecoslider","8":"product_cat-kasvuhoonete-konstruktor","9":"product_cat-kogu-kaup","10":"product_cat-viilkatusega-kasvuhooned-house","11":"product_tag-construtor-et","12":"pa_greenhouse-covering-kargpolykarbonaat","13":"pa_greenhouse-frame-teras","14":"pa_greenhouse-kits-konstruktor","15":"pa_greenhouse-shape-viilkatusega-majakatusega","16":"pa_greenhouse-type-hobikasvuhoone","17":"pa_greenhouse-width-filter-2-5m-et","18":"pa_product-type-ecoslideri-kasvuhooned","20":"first","21":"instock","22":"taxable","23":"shipping-taxable","24":"purchasable","25":"product-type-variable"},"_links":{"self":[{"href":"https:\/\/ecoslider.com\/et\/wp-json\/wp\/v2\/product\/6344","targetHints":{"allow":["GET"]}}],"collection":[{"href":"https:\/\/ecoslider.com\/et\/wp-json\/wp\/v2\/product"}],"about":[{"href":"https:\/\/ecoslider.com\/et\/wp-json\/wp\/v2\/types\/product"}],"replies":[{"embeddable":true,"href":"https:\/\/ecoslider.com\/et\/wp-json\/wp\/v2\/comments?post=6344"}],"wp:featuredmedia":[{"embeddable":true,"href":"https:\/\/ecoslider.com\/et\/wp-json\/wp\/v2\/media\/8566"}],"wp:attachment":[{"href":"https:\/\/ecoslider.com\/et\/wp-json\/wp\/v2\/media?parent=6344"}],"wp:term":[{"taxonomy":"product_brand","embeddable":true,"href":"https:\/\/ecoslider.com\/et\/wp-json\/wp\/v2\/product_brand?post=6344"},{"taxonomy":"product_cat","embeddable":true,"href":"https:\/\/ecoslider.com\/et\/wp-json\/wp\/v2\/product_cat?post=6344"},{"taxonomy":"product_tag","embeddable":true,"href":"https:\/\/ecoslider.com\/et\/wp-json\/wp\/v2\/product_tag?post=6344"}],"curies":[{"name":"wp","href":"https:\/\/api.w.org\/{rel}","templated":true}]}}