{"id":6346,"date":"2025-03-13T12:01:31","date_gmt":"2025-03-13T10:01:31","guid":{"rendered":"https:\/\/ecoslider.web-design.ee\/product\/configurator-house-the-width-2m\/"},"modified":"2026-04-17T10:04:05","modified_gmt":"2026-04-17T07:04:05","slug":"konstruktor-house-laius-2m-6mm","status":"publish","type":"product","link":"https:\/\/ecoslider.com\/et\/shop\/kasvuhooned-ecoslider\/viilkatusega-kasvuhooned-house\/konstruktor-house-laius-2m-6mm\/","title":{"rendered":"Ecoslider House viilkatusega kasvuhoone, laius 2m, 6mm"},"content":{"rendered":"<p><span style=\"font-weight: 400;\">Sellest kasvuhoonest saab teie lemmikpaik aias. Ecoslider House 2 meetri laiune p\u00f5hiline kasvuhoone on piisav, et hoida mugavalt tomateid, maasikaid, basiilikut, lilli ja muid p\u00f5llukultuure. Lisage \u00f5huakent, peenraid, kastmiss\u00fcsteem ja kasvuhoone on valmis aiat\u00f6\u00f6ks.<\/span><\/p>\n<p><span style=\"font-weight: 400;\">Aiat\u00f6\u00f6 ei t\u00e4henda ainult kasvatamist. See on hobi, huvi ja meditatsioon, kui n\u00e4ed, kuidas sinu istutatud ja hooldatud taimed kasvavad ning saad vastutasuks rikkaliku ja maitsva saagi.<\/span><\/p>\n<p><span style=\"font-weight: 400;\">Ecoslider House 2m viilkatusega kasvuhoone sobib ideaalselt aiandusega tutvumiseks. Selle kompaktne suurus v\u00f5imaldab teil paigutada kasvualad nii, et teil oleks mugav taimede eest hoolitseda: kultiveerige peenraid, v\u00e4etage mulda, kastke k\u00e4sitsi v\u00f5i \u00fchendage automaatne kastmiss\u00fcsteem ja koristage saaki.<\/span><\/p>\n<p><span style=\"font-weight: 400;\">Meie meeskond loob kasvuhooneid, mis teevad lihtsaks selle, mida te armastate teha.<\/span><\/p>\n<p><b>Konstruktsioon<\/b><\/p>\n<p><span style=\"font-weight: 400;\">Ecoslider House 2 m viilkatusega kasvuhoone konstruktsioon on vastupidav tormituule ja \u00e4\u00e4rmiselt suure lumesaju suhtes. Te ei pea katust p\u00e4rast iga lumesadu puhastama. Kogu konstruktsiooni stabiilsus on saavutatud patenteeritud fermide abil, mis moodustavad kogu karkassi kandva osa. Otsad ja uksed on konstrueeritud suletud t\u00fc\u00fcpi profiiliga (samuti patenteeritud tehnoloogia). Kogu raam on kaitstud korrosiooni eest spetsiaalse tsinkkattega.<\/span><\/p>\n<p><b>Kate ja kaitse<\/b><\/p>\n<p><span style=\"font-weight: 400;\">Kasvuhoone metallraam on kaetud kvaliteetse 6 mm paksuse mesilase pol\u00fckarbonaadiga. Katte tihedust saab suurendada &#8211; valige konstruktoris 8, 10 v\u00f5i 16 mm paksune pol\u00fckarbonaat. Mida suurem on pol\u00fckarbonaadi paksus, seda kauem kestab kasvuhoone hooaeg, sest pol\u00fckarbonaat hoiab h\u00e4sti soojust ja tagab t\u00e4nu otsese p\u00e4ikesevalguse hajutamisele soodsa mikrokliima kasvuhoone sees.<\/span><\/p>\n<p><span style=\"font-weight: 400;\">Pol\u00fckarbonaadist kihid on kaitstud U-profiili ja spetsiaalse membraanilindiga niiskuse ja tolmu eest.<\/span><\/p>\n<p><b>Ventilatsioon<\/b><\/p>\n<p><span style=\"font-weight: 400;\">V\u00e4rske \u00f5hk j\u00f5uab taimedesse avatud uste v\u00f5i akende kaudu. Kasvuhoone otstes on t\u00e4iendavad Smartventor ventilatsiooni v\u00e4ljalaskeavad (samuti meie arendus), mida saab avada k\u00e4sitsi v\u00f5i automaatselt. Soovi korral saab kasvuhoone varustada t\u00e4iendavate katusel asuvate automaatsete v\u00f5i k\u00e4sitsi juhitavate ventilatsiooni \u00f5huakentega.<\/span><\/p>\n<p><b>Kokkupanek<\/b><\/p>\n<p><span style=\"font-weight: 400;\">Ecoslider House 2 meetri pikkune viilkatusega kasvuhoone tarnitakse eelnevalt kokkupanduna. Otsad, uksed ja fermid on kokku pandud suurte segmentidena. Seinte ja katuse pol\u00fckarbonaat on tehases eelnevalt m\u00f5\u00f5tude j\u00e4rgi l\u00f5igatud.<\/span><\/p>\n<p><b>K\u00e4ttetoimetamine ja paigaldus<\/b><\/p>\n<p><span style=\"font-weight: 400;\">K\u00e4ttetoimetamine ja paigaldus turustatakse kogu Eestis. Teistes riikides on olemas piirkondlikud esindajad. Saate aga toode ise kohale tarnida ja paigaldada.<\/span><\/p>\n<p><b>Ecoslider House 2m mudeli juurde on v\u00f5imalik t\u00e4iendavalt tellida:<\/b><\/p>\n<ul>\n<li style=\"font-weight: 400;\"><span style=\"font-weight: 400;\">House k\u00e4sitsi<\/span><span style=\"font-weight: 400;\"> juhitavad \u00f5huaknad\u00a0<\/span><\/li>\n<li style=\"font-weight: 400;\"><span style=\"font-weight: 400;\">Megavent <\/span><span style=\"font-weight: 400;\">\u2014 automaatne mehhanism katusejuhtimiseks<\/span><\/li>\n<li style=\"font-weight: 400;\"><span style=\"font-weight: 400;\">Erinevat t\u00fc\u00fcpi uksesulgemine (parem \/ vasakpoolne uks)<\/span><\/li>\n<li style=\"font-weight: 400;\"><span style=\"font-weight: 400;\">Vundamendipostid<\/span><\/li>\n<li style=\"font-weight: 400;\"><span style=\"font-weight: 400;\">Soojusisolatsiooniga vundamendid<\/span><\/li>\n<li style=\"font-weight: 400;\"><span style=\"font-weight: 400;\">Katuselt vee kogumiseks m\u00f5eldud rennide komplekt House<\/span><\/li>\n<li style=\"font-weight: 400;\"><span style=\"font-weight: 400;\">2 t\u00fc\u00fcpi peenraid: II, U<\/span><\/li>\n<li style=\"font-weight: 400;\"><span style=\"font-weight: 400;\">Ecoslider Microdrip 15<\/span><span style=\"font-weight: 400;\"> iseseisev kastmiss\u00fcsteem 15 taime kastmiseks<\/span><\/li>\n<li style=\"font-weight: 400;\"><span style=\"font-weight: 400;\">Voolikute ja liitmike komplekt t\u00e4iendavate taimede jaoks<\/span><\/li>\n<li style=\"font-weight: 400;\"><span style=\"font-weight: 400;\">Electro&amp;Water<\/span><span style=\"font-weight: 400;\"> \u2014 moodul kahe elektripistiku ja \u00fche veepistikutega<\/span><\/li>\n<li style=\"font-weight: 400;\"><span style=\"font-weight: 400;\">Otsariiuli komplekt House<\/span><\/li>\n<li style=\"font-weight: 400;\"><span style=\"font-weight: 400;\">Riiulid pikisuunalised House<\/span><\/li>\n<li style=\"font-weight: 400;\"><span style=\"font-weight: 400;\">House taimede sidumise komplekt<\/span><\/li>\n<\/ul>\n","protected":false},"excerpt":{"rendered":"<p>Sellest kasvuhoonest saab teie lemmikpaik aias. Ecoslider House 2 meetri laiune p\u00f5hiline kasvuhoone on piisav, et hoida mugavalt tomateid, maasikaid, basiilikut, lilli ja muid p\u00f5llukultuure. Lisage \u00f5huakent, peenraid, kastmiss\u00fcsteem ja kasvuhoone on valmis aiat\u00f6\u00f6ks. Aiat\u00f6\u00f6 ei t\u00e4henda ainult kasvatamist. See on hobi, huvi ja meditatsioon, kui n\u00e4ed, kuidas sinu istutatud ja hooldatud taimed kasvavad ning [&hellip;]<\/p>\n","protected":false},"featured_media":8584,"comment_status":"closed","ping_status":"closed","template":"","meta":[],"product_brand":[597],"product_cat":[202,228,200,220],"product_tag":[256],"class_list":{"0":"post-6346","1":"product","2":"type-product","3":"status-publish","4":"has-post-thumbnail","6":"product_brand-ecoslider-brand","7":"product_cat-kasvuhooned-ecoslider","8":"product_cat-kasvuhoonete-konstruktor","9":"product_cat-kogu-kaup","10":"product_cat-viilkatusega-kasvuhooned-house","11":"product_tag-construtor-et","12":"pa_greenhouse-covering-kargpolykarbonaat","13":"pa_greenhouse-frame-teras","14":"pa_greenhouse-kits-konstruktor","15":"pa_greenhouse-shape-viilkatusega-majakatusega","16":"pa_greenhouse-type-hobikasvuhoone","17":"pa_greenhouse-width-filter-2m-et","18":"pa_product-type-ecoslideri-kasvuhooned","20":"first","21":"instock","22":"taxable","23":"shipping-taxable","24":"purchasable","25":"product-type-variable"},"_links":{"self":[{"href":"https:\/\/ecoslider.com\/et\/wp-json\/wp\/v2\/product\/6346","targetHints":{"allow":["GET"]}}],"collection":[{"href":"https:\/\/ecoslider.com\/et\/wp-json\/wp\/v2\/product"}],"about":[{"href":"https:\/\/ecoslider.com\/et\/wp-json\/wp\/v2\/types\/product"}],"replies":[{"embeddable":true,"href":"https:\/\/ecoslider.com\/et\/wp-json\/wp\/v2\/comments?post=6346"}],"wp:featuredmedia":[{"embeddable":true,"href":"https:\/\/ecoslider.com\/et\/wp-json\/wp\/v2\/media\/8584"}],"wp:attachment":[{"href":"https:\/\/ecoslider.com\/et\/wp-json\/wp\/v2\/media?parent=6346"}],"wp:term":[{"taxonomy":"product_brand","embeddable":true,"href":"https:\/\/ecoslider.com\/et\/wp-json\/wp\/v2\/product_brand?post=6346"},{"taxonomy":"product_cat","embeddable":true,"href":"https:\/\/ecoslider.com\/et\/wp-json\/wp\/v2\/product_cat?post=6346"},{"taxonomy":"product_tag","embeddable":true,"href":"https:\/\/ecoslider.com\/et\/wp-json\/wp\/v2\/product_tag?post=6346"}],"curies":[{"name":"wp","href":"https:\/\/api.w.org\/{rel}","templated":true}]}}