{"id":6348,"date":"2025-03-13T11:45:48","date_gmt":"2025-03-13T09:45:48","guid":{"rendered":"https:\/\/ecoslider.web-design.ee\/product\/configurator-slider-the-width-4m\/"},"modified":"2026-04-17T09:45:11","modified_gmt":"2026-04-17T06:45:11","slug":"konstruktor-slider-laius-4m-6mm","status":"publish","type":"product","link":"https:\/\/ecoslider.com\/et\/shop\/kasvuhooned-ecoslider\/kaarkasvuhooned-slider\/konstruktor-slider-laius-4m-6mm\/","title":{"rendered":"Ecoslider Slider kaarkasvuhoone, laius 4m, 6mm"},"content":{"rendered":"<p><span style=\"font-weight: 400;\">Ecoslider Slider 4m on avar ja funktsionaalne kasvuhoone. Siia saab paigutada peenrad ja taimepaigad ning luua hubase nurga koos laua ja toolidega, kus saab nautida aia rahu ja vaikust. 4 meetri laiuse kaarkasvuhoone kvaliteet, vastupidavus ja mugavus meeldivad teile kindlasti! Meie konstruktori abiga saate h\u00f5lpsasti varustada kasvuhoone k\u00f5igega, mida vajate, muutes selle v\u00f5imalikult funktsionaalseks ja mugavaks. Sellesse mudelisse on v\u00f5imalik paigaldada tiibv\u00e4rav.<\/span><\/p>\n<p><span style=\"font-weight: 400;\">4 meetri laiune kaarkasvuhoone Ecoslider Slider on populaarne nii harrastajate kui ka professionaalide seas. Meie rahulolevate klientide pildid r\u00e4\u00e4givad enda eest. 4 meetri laiune mudel on praktiline valik neile, kes soovivad aias mugavas keskkonnas teha seda, mida nad armastavad.<\/span><\/p>\n<p><b>Vastupidav konstruktsioon<\/b><\/p>\n<p><span style=\"font-weight: 400;\">Selle mudeli otstes on t\u00e4iendavad metallist sissekanded, mis tugevdavad konstruktsiooni veelgi. Kaarjas kuju ja ainulaadsed fermid muudavad kasvuhoone karkassi \u00e4\u00e4rmiselt tugevaks, taludes lumekoormust kuni 600 kg\/m\u00b2. K\u00f5rge tsingisisaldusega metall tagab vastupidavuse ja korrosioonikindluse. Te ei pea talvel muretsema lumekoormuse p\u00e4rast.<\/span><\/p>\n<p><b>Pol\u00fckarbonaatkate<\/b><\/p>\n<p><span style=\"font-weight: 400;\">Ecoslider Slider 4m puhul kasutatakse l\u00e4bipaistvat 6 mm \/ 8 mm \/ 10 mm paksust kihiline pol\u00fckarbonaat. Lehtede servad on kaitstud spetsiaalse membraanilindi ja U-profiiliga. See takistab patogeense mikrofloora arengut ja putukate tungimist soontesse. Selline kaitse tagab pol\u00fckarbonaadi vastupidavuse ja esteetilise v\u00e4limuse, v\u00e4listab kondenseerumise ja haljastumise.<\/span><\/p>\n<p><b>Efektiivne ventsilatsioon<\/b><\/p>\n<p><span style=\"font-weight: 400;\">Ecoslider Slider 4m p\u00f5hivarustusse kuuluvad m\u00f5lemas otsas laiade akendega uksed, mida saab h\u00f5lpsasti k\u00e4sitsi avada. T\u00f5husaks ventilatsiooniks on uste kohale paigaldatud k\u00e4sitsi juhitavad Smartventor-\u00f5huaknad (ainult uste peale, Smartventorit ei saa paigaldada v\u00e4ravate kohale). Samuti on v\u00f5imalik paigaldada \u00f5huaknaid koos Univenti automaatse ventilatsioonimehhanismiga. See tagab taimedele optimaalse mikrokliima ka siis, kui teil ei ole v\u00f5imalik k\u00e4sitsi avatavaid ja sulgevaid aknaluuke perioodiliselt avada ja sulgeda.<\/span><\/p>\n<p><span style=\"font-weight: 400;\">Soovitatav standard t\u00f5husa ventilatsiooni tagamiseks on \u00fcks ventilatsiooniava iga 2 meetri kasvuhoone pikkuse kohta.<\/span><\/p>\n<p><b>Lihtne kokkupanek<\/b><\/p>\n<p><span style=\"font-weight: 400;\">Ecoslideri kaarkasvuhooneid tarnitakse eelnevalt kokkupandud segmentidena, mis teeb paigaldamise kohapeal kiireks ja efektiivseks. Fermid, otsad, uksed koos akendega ja pol\u00fckarbonaat on paigaldamiseks valmis otse pakendist, nii et kohapeal tuleb vaid segmendid \u00fchendada. Otsade, uste ja akende puhul kasutatakse kinnist t\u00fc\u00fcpi profiili, mis lisab konstruktsioonile lisatugevust ja vastupidavust.<\/span><\/p>\n<p><span style=\"font-weight: 400;\">Kiire kokkupanek on eriti v\u00e4\u00e4rtuslik t\u00f6\u00f6aja kokkuhoiu t\u00f5ttu: kui teiste tootjate sarnaste kasvuhoonete paigaldamiseks kulub v\u00e4hemalt kaks p\u00e4eva, siis Ecoslideri kasvuhooneid saab kokku panna vaid m\u00f5ne tunniga. See v\u00e4hendab oluliselt kulusid, mis muudab investeeringu Ecosliderisse veelgi soodsamaks.<\/span><\/p>\n<p><b>Kohaletoimetamine ja paigaldamine<\/b><\/p>\n<p><span style=\"font-weight: 400;\">Me toimetame ja paigaldame \u00fcle Eesti. Kui aga eeldate ise tarnida ja paigaldada, valige konstruktoris vastavad parameetrid. Klientidele teistest riikidest, kus ei ole meie esindust, saab arvutada individuaalsed saatmiskulud.<\/span><\/p>\n<p><span style=\"font-weight: 400;\">Nautige v\u00e4rskeid k\u00f6\u00f6givilju otse oma ajast koos Ecoslider kasvuhoonega!<\/span><\/p>\n<p><b>Ecoslider Slider 4 m kasvuhoonet saab t\u00e4iendavalt varustada:<\/b><\/p>\n<ul>\n<li style=\"font-weight: 400;\"><span style=\"font-weight: 400;\">Slider k\u00e4sitsi juhitavad \u00f5huaknad<\/span><\/li>\n<li style=\"font-weight: 400;\"><span style=\"font-weight: 400;\">Univent \u2014 automaatne mehhanism katusejuhtimiseks.<\/span><\/li>\n<li style=\"font-weight: 400;\"><span style=\"font-weight: 400;\">Erinevad ukse sulgemise t\u00fc\u00fcbid (parem\/vasak uks \/ tiibv\u00e4rav)<\/span><\/li>\n<li style=\"font-weight: 400;\"><span style=\"font-weight: 400;\">Vundamendipostid<\/span><\/li>\n<li style=\"font-weight: 400;\"><span style=\"font-weight: 400;\">Soojusisolatsiooniga vundamendid<\/span><\/li>\n<li style=\"font-weight: 400;\"><span style=\"font-weight: 400;\">4 t\u00fc\u00fcpi peenraid: II, U, IOI ja E<\/span><\/li>\n<li style=\"font-weight: 400;\"><span style=\"font-weight: 400;\">Ecoslider Microdrip 15<\/span><span style=\"font-weight: 400;\"> iseseisev kastmiss\u00fcsteem 15 taime kastmiseks<\/span><\/li>\n<li style=\"font-weight: 400;\"><span style=\"font-weight: 400;\">Voolikute ja liitmike komplekt t\u00e4iendavate taimede jaoks<\/span><\/li>\n<li style=\"font-weight: 400;\"><span style=\"font-weight: 400;\">ElektroWater<\/span><span style=\"font-weight: 400;\"> \u2014 moodul kahe elektripistiku ja \u00fche veepistikutega<\/span><\/li>\n<li style=\"font-weight: 400;\"><span style=\"font-weight: 400;\">Otsariiuli komplekt Slider\u00a0<\/span><\/li>\n<li style=\"font-weight: 400;\"><span style=\"font-weight: 400;\">Juhikute komplekt Slider taimede kinnitamiseks<\/span><\/li>\n<\/ul>\n","protected":false},"excerpt":{"rendered":"<p>Ecoslider Slider 4m on avar ja funktsionaalne kasvuhoone. Siia saab paigutada peenrad ja taimepaigad ning luua hubase nurga koos laua ja toolidega, kus saab nautida aia rahu ja vaikust. 4 meetri laiuse kaarkasvuhoone kvaliteet, vastupidavus ja mugavus meeldivad teile kindlasti! Meie konstruktori abiga saate h\u00f5lpsasti varustada kasvuhoone k\u00f5igega, mida vajate, muutes selle v\u00f5imalikult funktsionaalseks ja [&hellip;]<\/p>\n","protected":false},"featured_media":19260,"comment_status":"closed","ping_status":"closed","template":"","meta":[],"product_brand":[597],"product_cat":[212,202,228,200],"product_tag":[256],"class_list":{"0":"post-6348","1":"product","2":"type-product","3":"status-publish","4":"has-post-thumbnail","6":"product_brand-ecoslider-brand","7":"product_cat-kaarkasvuhooned-slider","8":"product_cat-kasvuhooned-ecoslider","9":"product_cat-kasvuhoonete-konstruktor","10":"product_cat-kogu-kaup","11":"product_tag-construtor-et","12":"pa_greenhouse-covering-kargpolykarbonaat","13":"pa_greenhouse-frame-teras","14":"pa_greenhouse-kits-konstruktor","15":"pa_greenhouse-shape-kaar-poolymmargune","16":"pa_greenhouse-type-hobikasvuhoone","17":"pa_greenhouse-width-filter-4m-et","18":"pa_product-type-ecoslideri-kasvuhooned","20":"first","21":"instock","22":"taxable","23":"shipping-taxable","24":"purchasable","25":"product-type-variable"},"_links":{"self":[{"href":"https:\/\/ecoslider.com\/et\/wp-json\/wp\/v2\/product\/6348","targetHints":{"allow":["GET"]}}],"collection":[{"href":"https:\/\/ecoslider.com\/et\/wp-json\/wp\/v2\/product"}],"about":[{"href":"https:\/\/ecoslider.com\/et\/wp-json\/wp\/v2\/types\/product"}],"replies":[{"embeddable":true,"href":"https:\/\/ecoslider.com\/et\/wp-json\/wp\/v2\/comments?post=6348"}],"wp:featuredmedia":[{"embeddable":true,"href":"https:\/\/ecoslider.com\/et\/wp-json\/wp\/v2\/media\/19260"}],"wp:attachment":[{"href":"https:\/\/ecoslider.com\/et\/wp-json\/wp\/v2\/media?parent=6348"}],"wp:term":[{"taxonomy":"product_brand","embeddable":true,"href":"https:\/\/ecoslider.com\/et\/wp-json\/wp\/v2\/product_brand?post=6348"},{"taxonomy":"product_cat","embeddable":true,"href":"https:\/\/ecoslider.com\/et\/wp-json\/wp\/v2\/product_cat?post=6348"},{"taxonomy":"product_tag","embeddable":true,"href":"https:\/\/ecoslider.com\/et\/wp-json\/wp\/v2\/product_tag?post=6348"}],"curies":[{"name":"wp","href":"https:\/\/api.w.org\/{rel}","templated":true}]}}