{"id":6352,"date":"2025-03-13T11:33:10","date_gmt":"2025-03-13T09:33:10","guid":{"rendered":"https:\/\/ecoslider.web-design.ee\/product\/configurator-slider-the-width-3-5m\/"},"modified":"2026-04-17T09:41:28","modified_gmt":"2026-04-17T06:41:28","slug":"konstruktor-slider-laius-3-5m-6mm","status":"publish","type":"product","link":"https:\/\/ecoslider.com\/et\/shop\/kasvuhooned-ecoslider\/kaarkasvuhooned-slider\/konstruktor-slider-laius-3-5m-6mm\/","title":{"rendered":"Ecoslider Slider kaarkasvuhoone, laius 3.5m, 6mm"},"content":{"rendered":"<p><span style=\"font-weight: 400;\">Ecoslider Slider 3.5 meetri laiune kasvuhoone pakub avarat ja funktsionaalset ruumi, mis sobib ideaalselt erinevate taimede kasvatamiseks ja m\u00f5nusa ajaveetmiseks. Kaarja konstruktsiooni k\u00f5rge kvaliteet ja praktilisus ei j\u00e4ta teid \u00fcksk\u00f5ikseks, eriti p\u00e4rast seda, kui olete valinud endale meelep\u00e4rased konfiguratsiooni parameetrid. T\u00e4nu oma avaratele m\u00f5\u00f5tmetele saab seda kasvuhoonet varustada mitte ainult taimede jaoks m\u00f5eldud peenardega ja riiulitega, vaid ka toolidega ja lauaga, luues hubase koha, kus saab l\u00f5\u00f5gastuda ja vaikust nautida.<\/span><\/p>\n<p><span style=\"font-weight: 400;\">3.5m laiune Ecoslider Slider on praktiline valik neile, kes eelistavad teha seda, mida nad armastavad, mugavas keskkonnas. See on nii harrastajate kui ka professionaalsete aednike valitud kasvuhoone. Jah, 3.5 meetri laius v\u00f5imaldab teil rakendada tegevusi edasij\u00f5udnute tasemel. Meie klientide pildid r\u00e4\u00e4givad enda eest.<\/span><\/p>\n<p><b>Vastupidav konstruktsioon<\/b><\/p>\n<p><span style=\"font-weight: 400;\">Antud mudel erineb sarnasest v\u00e4iksema suurusega kaarkasvuhoonest selle poolest, et selle otstes on t\u00e4iendavad metallist sissekanded, mis tugevdavad ja laiendavad otsi. Kasvuhoone kaarjas kuju ja patenteeritud kaarekujulised trussid muudavad kasvuhoone metallkonstruktsiooni \u00e4\u00e4rmiselt tugevaks, mis peab vastu kuni 700 kg\/m\u00b2 suurusele lumekoormusele. Seet\u00f5ttu pole vaja talvel lund eemaldada. Ja k\u00f5rge kaitsva tsingisisaldusega metall tagab vastupidavuse ja korrosioonikindluse.<\/span><\/p>\n<p><b>Pol\u00fckarbonaatkate<\/b><\/p>\n<p><span style=\"font-weight: 400;\">Ecoslider 3.5m puhul kasutatakse 6mm \/ 8mm \/ 10mm paksust l\u00e4bipaistvat pol\u00fckarbonaati, kusjuures pol\u00fckarbonaadi sooned on usaldusv\u00e4\u00e4rselt kaitstud profiilide ja spetsiaalse membraanilindiga, mis takistab patogeensete mikroflooride ja putukate levikut. Need meetmed tagavad pol\u00fckarbonaadi kauakestva esteetilise v\u00e4limuse, v\u00e4listavad aastate jooksul haljastumise, kondensatsiooni tekkimise ja sellest tulenevalt seente ja hallituse tekkimise.<\/span><\/p>\n<p><b>Efektiivne ventilatsioon<\/b><\/p>\n<p><span style=\"font-weight: 400;\">Ecoslider Slider 3.5m baasversioon sisaldab uksi m\u00f5lemas otsas (m\u00f5lemal uksel on aken) ja t\u00e4iendavad Smartventor-\u00f5huaknaid m\u00f5lema ukse kohal.<\/span><\/p>\n<p><span style=\"font-weight: 400;\">Lisaks pakume v\u00f5imalust osta \u00f5huakna k\u00e4sitsi v\u00f5i automaatse ventilatsiooni mehhanismiga Univent, mis ei n\u00f5ua vooluv\u00f5rku \u00fchendamist, vaid t\u00f6\u00f6tab v\u00e4listemperatuuride erinevuse alusel. Kui l\u00e4heb v\u00e4ga kuumaks \u2014 aknaluugid avanevad ja kui temperatuur langeb \u2014 aknaluugid sulguvad. Nii saate kontrollida oma taimede mugavat mikrokliimat isegi siis, kui olete kasvuhoonest kaugel.<\/span><\/p>\n<p><b>Lihtne kokkupanek<\/b><\/p>\n<p><span style=\"font-weight: 400;\">Ecoslideri kaarkasvuhooneid valmistatakse eelnevalt kokkupanduna. See lihtsustab ja kiirendab paigaldusprotsessi kohapeal. Kasvuhoone tarnitakse suurte segmentidena: fermid, otsad ja uksed, mis pannakse tehases kokku suletud profiili t\u00fc\u00fcpi, otsadesse ja v\u00e4ljavooludesse sisestatakse pol\u00fckarbonaat ning kate valmistatakse ette soovitud suurusega lehtedena.<\/span><\/p>\n<p><b>Kohaletoimetamine ja paigaldamine<\/b><\/p>\n<p><span style=\"font-weight: 400;\">Me toimetame ja paigaldame \u00fcle Eesti. Kui aga eeldate ise tarnida ja paigaldada, valige konstruktoris vastavad parameetrid. Klientidele teistest riikidest, kus ei ole meie esindust, saab arvutada individuaalsed saatmiskulud.<\/span><\/p>\n<p><span style=\"font-weight: 400;\">Nautige v\u00e4rskeid k\u00f6\u00f6givilju otse oma ajast koos Ecoslider kasvuhoonega!<\/span><\/p>\n<p><b>Ecoslider Slider 3.5 m kasvuhoonet saab t\u00e4iendavalt varustada:<\/b><\/p>\n<ul>\n<li style=\"font-weight: 400;\"><span style=\"font-weight: 400;\">Slider k\u00e4sitsi juhitavad \u00f5huaknad<\/span><\/li>\n<li style=\"font-weight: 400;\"><span style=\"font-weight: 400;\">Univent \u2014 automaatne mehhanism katusejuhtimiseks.<\/span><\/li>\n<li style=\"font-weight: 400;\"><span style=\"font-weight: 400;\">Erinevat t\u00fc\u00fcpi uksesulgemine (parem\/vasakpoolne uks)<\/span><\/li>\n<li style=\"font-weight: 400;\"><span style=\"font-weight: 400;\">Vundamendipostid<\/span><\/li>\n<li style=\"font-weight: 400;\"><span style=\"font-weight: 400;\">Soojusisolatsiooniga vundamendid<\/span><\/li>\n<li style=\"font-weight: 400;\"><span style=\"font-weight: 400;\">4 t\u00fc\u00fcpi peenraid: II, U, IOI ja E<\/span><\/li>\n<li style=\"font-weight: 400;\"><span style=\"font-weight: 400;\">Ecoslider Microdrip 15<\/span><span style=\"font-weight: 400;\"> iseseisev kastmiss\u00fcsteem 15 taime kastmiseks<\/span><\/li>\n<li style=\"font-weight: 400;\"><span style=\"font-weight: 400;\">Voolikute ja liitmike komplekt t\u00e4iendavate taimede jaoks<\/span><\/li>\n<li style=\"font-weight: 400;\"><span style=\"font-weight: 400;\">ElektroWater<\/span><span style=\"font-weight: 400;\"> \u2014 moodul kahe elektripistiku ja \u00fche veepistikutega<\/span><\/li>\n<li style=\"font-weight: 400;\"><span style=\"font-weight: 400;\">Otsariiuli komplekt Slider\u00a0<\/span><\/li>\n<li style=\"font-weight: 400;\"><span style=\"font-weight: 400;\">Juhikute komplekt Slider taimede kinnitamiseks<\/span><\/li>\n<\/ul>\n","protected":false},"excerpt":{"rendered":"<p>Ecoslider Slider 3.5 meetri laiune kasvuhoone pakub avarat ja funktsionaalset ruumi, mis sobib ideaalselt erinevate taimede kasvatamiseks ja m\u00f5nusa ajaveetmiseks. Kaarja konstruktsiooni k\u00f5rge kvaliteet ja praktilisus ei j\u00e4ta teid \u00fcksk\u00f5ikseks, eriti p\u00e4rast seda, kui olete valinud endale meelep\u00e4rased konfiguratsiooni parameetrid. T\u00e4nu oma avaratele m\u00f5\u00f5tmetele saab seda kasvuhoonet varustada mitte ainult taimede jaoks m\u00f5eldud peenardega ja [&hellip;]<\/p>\n","protected":false},"featured_media":9198,"comment_status":"closed","ping_status":"closed","template":"","meta":[],"product_brand":[],"product_cat":[212,202,228,200],"product_tag":[256],"class_list":{"0":"post-6352","1":"product","2":"type-product","3":"status-publish","4":"has-post-thumbnail","6":"product_cat-kaarkasvuhooned-slider","7":"product_cat-kasvuhooned-ecoslider","8":"product_cat-kasvuhoonete-konstruktor","9":"product_cat-kogu-kaup","10":"product_tag-construtor-et","11":"pa_greenhouse-covering-kargpolykarbonaat","12":"pa_greenhouse-frame-teras","13":"pa_greenhouse-kits-konstruktor","14":"pa_greenhouse-shape-kaar-poolymmargune","15":"pa_greenhouse-type-hobikasvuhoone","16":"pa_greenhouse-width-filter-3-5m-et","17":"pa_product-type-ecoslideri-kasvuhooned","19":"first","20":"instock","21":"taxable","22":"shipping-taxable","23":"purchasable","24":"product-type-variable"},"_links":{"self":[{"href":"https:\/\/ecoslider.com\/et\/wp-json\/wp\/v2\/product\/6352","targetHints":{"allow":["GET"]}}],"collection":[{"href":"https:\/\/ecoslider.com\/et\/wp-json\/wp\/v2\/product"}],"about":[{"href":"https:\/\/ecoslider.com\/et\/wp-json\/wp\/v2\/types\/product"}],"replies":[{"embeddable":true,"href":"https:\/\/ecoslider.com\/et\/wp-json\/wp\/v2\/comments?post=6352"}],"wp:featuredmedia":[{"embeddable":true,"href":"https:\/\/ecoslider.com\/et\/wp-json\/wp\/v2\/media\/9198"}],"wp:attachment":[{"href":"https:\/\/ecoslider.com\/et\/wp-json\/wp\/v2\/media?parent=6352"}],"wp:term":[{"taxonomy":"product_brand","embeddable":true,"href":"https:\/\/ecoslider.com\/et\/wp-json\/wp\/v2\/product_brand?post=6352"},{"taxonomy":"product_cat","embeddable":true,"href":"https:\/\/ecoslider.com\/et\/wp-json\/wp\/v2\/product_cat?post=6352"},{"taxonomy":"product_tag","embeddable":true,"href":"https:\/\/ecoslider.com\/et\/wp-json\/wp\/v2\/product_tag?post=6352"}],"curies":[{"name":"wp","href":"https:\/\/api.w.org\/{rel}","templated":true}]}}