{"id":6360,"date":"2025-03-13T10:50:41","date_gmt":"2025-03-13T08:50:41","guid":{"rendered":"https:\/\/ecoslider.web-design.ee\/product\/configurator-slider-the-width-2-5m\/"},"modified":"2026-04-17T09:30:33","modified_gmt":"2026-04-17T06:30:33","slug":"konstruktor-slider-laius-2-5m-6mm","status":"publish","type":"product","link":"https:\/\/ecoslider.com\/et\/shop\/kasvuhooned-ecoslider\/kaarkasvuhooned-slider\/konstruktor-slider-laius-2-5m-6mm\/","title":{"rendered":"Ecoslider Slider kaarkasvuhoone, laius 2.5m, 6mm"},"content":{"rendered":"<p><span style=\"font-weight: 400;\">Ecoslider Slider 2.5 m laiune kaarkasvuhoone on m\u00f5eldud taimede mugavaks ja turvaliseks kasvatamiseks, pakkudes stabiilseid tingimusi tervislikuks kasvuks ja arenguks. T\u00e4iusliku kasvuhoone loomiseks valige konstruktoris vajalikud parameetrid.<\/span><\/p>\n<p><span style=\"font-weight: 400;\">Kui kasvatamine muutub mitte ainult harrastuseks, vaid peretraditsiooniks, mis h\u00f5lmab k\u00f5iki pereliikmeid, on oluline, et kasvuhoone oleks usaldusv\u00e4\u00e4rne ja mugav. Need on Ecoslideri kasvuhoone v\u00e4\u00e4rtused, mille isa ja poeg t\u00f6\u00f6tasid v\u00e4lja 2010. aastal. Meie kasvuhooned loovad ideaalse mikrokliima erinevatele taimedele ja on v\u00e4ga vastupidavad ilmastiku muutustele, mist\u00f5ttu on need suurep\u00e4rane valik peredele, kes soovivad s\u00e4ilitada ja p\u00f5lvest p\u00f5lve edasi anda aiandustraditsioone.<\/span><\/p>\n<p><b>Konstruktsioon<\/b><\/p>\n<p><span style=\"font-weight: 400;\">Ecoslider Slider 2.5 m laiune kaarkasvuhoone on stabiilsuse poolest oma segmendi parim mudel: see peab vastu \u00e4\u00e4rmuslikele lumekoormustele ja tuulepuhangutele, v\u00e4listades talvel katuse puhastamise vajadust (800 kg\/m\u00b2). Kasvuhoone t\u00f6\u00f6kindlust kinnitavad meie klientide pikaajalised kogemused, m\u00f5ned on kasutanud Ecoslideri kasvuhooneid juba \u00fcle k\u00fcmne aasta.<\/span><\/p>\n<p><span style=\"font-weight: 400;\">Konstruktsiooni tugevus tuleneb h\u00e4sti l\u00e4bim\u00f5eldud \u00fclesehitusest: kaarfermid jaotavad koormuse \u00fchtlaselt, fundamentaalne alusraam tagab t\u00e4pse geomeetria ja stabiilsuse, samas kui tehases kinnist t\u00fc\u00fcpi profiiliga kokku pandud ja t\u00e4iendavate lintidega tugevdatud otsad ja uksed lisavad kogu konstruktsioonile t\u00e4iendavat tugevust.<\/span><\/p>\n<p><b>Kate ja kaitse<\/b><\/p>\n<p><span style=\"font-weight: 400;\">Kate \u2014 Euroopas toodetud pol\u00fckarbonaat, mille otste ja katte puhul on v\u00f5imalik valida eri paksusi. Mida k\u00fclmem on kliima, seda paksem peaks olema pol\u00fckarbonaat.<\/span><\/p>\n<p><span style=\"font-weight: 400;\">Kaitseme pol\u00fckarbonaatplaatide servi spetsiaalse membraanilindiga (putukate leviku vastu pol\u00fckarbonaadi mesilase sees ja patogeense mikrofloora arengu vastu) ja U-profiiliga, et pikendada pol\u00fckarbonaadi kasutusiga.<\/span><\/p>\n<p><b>Ventilatsioon<\/b><\/p>\n<p><span style=\"font-weight: 400;\">P\u00f5hiline ventilatsioon:<\/span><\/p>\n<ul>\n<li style=\"font-weight: 400;\"><span style=\"font-weight: 400;\">Kaks ust lihtsa juurdep\u00e4\u00e4su ja t\u00f5husa ventilatsiooni tagamiseks.<\/span><\/li>\n<li style=\"font-weight: 400;\"><span style=\"font-weight: 400;\">M\u00f5lemale uksele on paigaldatud lai k\u00e4sitsi juhitav aken.<\/span><\/li>\n<li style=\"font-weight: 400;\"><span style=\"font-weight: 400;\">Smartventor aknad, mis on samuti k\u00e4sitsi juhitavad, on paigaldatud uste otste kohale.<\/span><\/li>\n<\/ul>\n<p><span style=\"font-weight: 400;\">Lisaks on v\u00f5imalik osta kasvuhoone katuseventilaator k\u00e4sitsi v\u00f5i automaatse ventilatsiooniga (Univent automaatika).<\/span><\/p>\n<p><b>Kokkupanek<\/b><\/p>\n<p><span style=\"font-weight: 400;\">Ecoslideri kaarkasvuhooned on saadaval eelnevalt kokkupanduna: fermid ja otsad, uksed ja aknad on suures osas kokku pandud ning pol\u00fckarbonaat on juba tehases raami sisse suletud. T\u00e4nu sellele on isegi kogemuseta kasutajad rahul monteerimise kiiruse ja lihtsusega.<\/span><\/p>\n<p><b>Kohaletoimetamine ja paigaldamine<\/b><\/p>\n<p><span style=\"font-weight: 400;\">Me toimetame ja paigaldame \u00fcle Eesti. V\u00f5imalik on ka isetarnimine ja paigaldamine. Selleks valige konstruktoris ja ostukorvis vastavad parameetrid.<\/span><\/p>\n<p><b>Ecoslider Slider 2.5 m kasvuhoonet saab t\u00e4iendavalt varustada:<\/b><\/p>\n<ul>\n<li style=\"font-weight: 400;\"><span style=\"font-weight: 400;\">Slider k\u00e4sitsi juhitavad \u00f5huaknad<\/span><\/li>\n<li style=\"font-weight: 400;\"><span style=\"font-weight: 400;\">Univent \u2014 automaatne mehhanism katusejuhtimiseks<\/span><\/li>\n<li style=\"font-weight: 400;\"><span style=\"font-weight: 400;\">Erinevat t\u00fc\u00fcpi uksesulgemine (parem\/vasakpoolne uks)<\/span><\/li>\n<li style=\"font-weight: 400;\"><span style=\"font-weight: 400;\">Vundamendipostid<\/span><\/li>\n<li style=\"font-weight: 400;\"><span style=\"font-weight: 400;\">Soojusisolatsiooniga vundamendid<\/span><\/li>\n<li style=\"font-weight: 400;\"><span style=\"font-weight: 400;\">2 t\u00fc\u00fcpi peenraid: II, U<\/span><\/li>\n<li style=\"font-weight: 400;\"><span style=\"font-weight: 400;\">Ecoslider Microdrip 15<\/span><span style=\"font-weight: 400;\"> iseseisev kastmiss\u00fcsteem 15 taime kastmiseks<\/span><\/li>\n<li style=\"font-weight: 400;\"><span style=\"font-weight: 400;\">Voolikute ja liitmike komplekt t\u00e4iendavate taimede jaoks<\/span><\/li>\n<li style=\"font-weight: 400;\"><span style=\"font-weight: 400;\">ElektroWater<\/span><span style=\"font-weight: 400;\"> \u2014 moodul kahe elektripistiku ja \u00fche veepistikutega<\/span><\/li>\n<li style=\"font-weight: 400;\">Otsariiuli komplekt Slider<\/li>\n<li style=\"font-weight: 400;\">Juhikute komplekt Slider taimede kinnitamiseks<\/li>\n<\/ul>\n","protected":false},"excerpt":{"rendered":"<p>Ecoslider Slider 2.5 m laiune kaarkasvuhoone on m\u00f5eldud taimede mugavaks ja turvaliseks kasvatamiseks, pakkudes stabiilseid tingimusi tervislikuks kasvuks ja arenguks. T\u00e4iusliku kasvuhoone loomiseks valige konstruktoris vajalikud parameetrid. Kui kasvatamine muutub mitte ainult harrastuseks, vaid peretraditsiooniks, mis h\u00f5lmab k\u00f5iki pereliikmeid, on oluline, et kasvuhoone oleks usaldusv\u00e4\u00e4rne ja mugav. Need on Ecoslideri kasvuhoone v\u00e4\u00e4rtused, mille isa ja [&hellip;]<\/p>\n","protected":false},"featured_media":7525,"comment_status":"closed","ping_status":"closed","template":"","meta":[],"product_brand":[597],"product_cat":[212,202,228,200],"product_tag":[256],"class_list":{"0":"post-6360","1":"product","2":"type-product","3":"status-publish","4":"has-post-thumbnail","6":"product_brand-ecoslider-brand","7":"product_cat-kaarkasvuhooned-slider","8":"product_cat-kasvuhooned-ecoslider","9":"product_cat-kasvuhoonete-konstruktor","10":"product_cat-kogu-kaup","11":"product_tag-construtor-et","12":"pa_greenhouse-covering-kargpolykarbonaat","13":"pa_greenhouse-frame-teras","14":"pa_greenhouse-kits-konstruktor","15":"pa_greenhouse-shape-kaar-poolymmargune","16":"pa_greenhouse-type-hobikasvuhoone","17":"pa_greenhouse-width-filter-2-5m-et","18":"pa_product-type-ecoslideri-kasvuhooned","20":"first","21":"instock","22":"taxable","23":"shipping-taxable","24":"purchasable","25":"product-type-variable"},"_links":{"self":[{"href":"https:\/\/ecoslider.com\/et\/wp-json\/wp\/v2\/product\/6360","targetHints":{"allow":["GET"]}}],"collection":[{"href":"https:\/\/ecoslider.com\/et\/wp-json\/wp\/v2\/product"}],"about":[{"href":"https:\/\/ecoslider.com\/et\/wp-json\/wp\/v2\/types\/product"}],"replies":[{"embeddable":true,"href":"https:\/\/ecoslider.com\/et\/wp-json\/wp\/v2\/comments?post=6360"}],"wp:featuredmedia":[{"embeddable":true,"href":"https:\/\/ecoslider.com\/et\/wp-json\/wp\/v2\/media\/7525"}],"wp:attachment":[{"href":"https:\/\/ecoslider.com\/et\/wp-json\/wp\/v2\/media?parent=6360"}],"wp:term":[{"taxonomy":"product_brand","embeddable":true,"href":"https:\/\/ecoslider.com\/et\/wp-json\/wp\/v2\/product_brand?post=6360"},{"taxonomy":"product_cat","embeddable":true,"href":"https:\/\/ecoslider.com\/et\/wp-json\/wp\/v2\/product_cat?post=6360"},{"taxonomy":"product_tag","embeddable":true,"href":"https:\/\/ecoslider.com\/et\/wp-json\/wp\/v2\/product_tag?post=6360"}],"curies":[{"name":"wp","href":"https:\/\/api.w.org\/{rel}","templated":true}]}}