{"id":6364,"date":"2025-03-13T10:43:12","date_gmt":"2025-03-13T08:43:12","guid":{"rendered":"https:\/\/ecoslider.web-design.ee\/product\/configurator-slider-the-width-2m\/"},"modified":"2026-04-17T09:21:38","modified_gmt":"2026-04-17T06:21:38","slug":"konstruktor-slider-laius-2m-6mm","status":"publish","type":"product","link":"https:\/\/ecoslider.com\/et\/shop\/kasvuhooned-ecoslider\/kaarkasvuhooned-slider\/konstruktor-slider-laius-2m-6mm\/","title":{"rendered":"Ecoslider Slider kaarkasvuhoone, laius 2m, 6mm"},"content":{"rendered":"<p><span style=\"font-weight: 400;\">Valige vajalik p\u00f5hikonfiguratsioon. Lisage t\u00e4iendavaid elemente, et t\u00e4iustada kasvuhoone siseruumi ja ventilatsiooni. Nautige mugavat, kompaktset ja vastupidavat Ecoslider Slider kaarkasvuhoonet.<\/span><\/p>\n<p><span style=\"font-weight: 400;\">Peamine asi, mida peate 2 meetri laiuse Ecoslider Slider kaarjas kasvuhoone kohta teadma, on see, et tegemist on kompaktse, tugeva ja mugava kasvuhoonega. Selle valivad oma suuruse t\u00f5ttu sageli algajad v\u00f5i kogenud kasutajad, kes kasvatavad v\u00e4ikseid koguseid k\u00f6\u00f6givilju ja lilli.<\/span><\/p>\n<p><b>Konstruktsioon\u00a0<\/b><\/p>\n<p><span style=\"font-weight: 400;\">Ecoslideri kaarkasvuhoone on stabiilne, vastupidav, talub tugevaid tuuli ja \u00e4\u00e4rmiselt suurt lumekoormust. <\/span><b>Talvel ei pea lund eemaldama<\/b><span style=\"font-weight: 400;\">. Teraskarkass on ehitatud kaarfermide alusel, mis jaotavad koormuse \u00fchtlaselt. Kasvuhoone seinad ja katus toetuvad lume ja tuule m\u00f5jul just v\u00f5restikele. Metallist vundamendiraam tagab kogu konstruktsiooni t\u00e4pse geomeetria ja kindla kinnitusviisi maapinnale, terrassile v\u00f5i vundamendile.<\/span><\/p>\n<p><span style=\"font-weight: 400;\">Otsad ja uksed on konstruktsiooniliselt tugevdatud metallisisenditega, iga element on kindlalt kinnitatud roostevabast terasest neetidega. Metall on kaitstud k\u00f5rge tsingisisaldusega (275 mg\/m\u00b2) korrosioonikindla kattega.<\/span><\/p>\n<p><b>Kate ja kaitse<\/b><\/p>\n<p><span style=\"font-weight: 400;\">Kvaliteetne Euroopas valmistatud k\u00e4rgpol\u00fckarbonaat kestab palju aastaid, seega on garantii 10 aastat. Pol\u00fckarbonaadi servad on kaitstud U-profiili ja membraaniga teip (kaitse putukate ja patogeense mikrofloora eest).<\/span><\/p>\n<p><b>Ventsilatsioon<\/b><\/p>\n<p><span style=\"font-weight: 400;\">Sisseehitatud ventsilatsioon:<\/span><\/p>\n<ul>\n<li style=\"font-weight: 400;\"><span style=\"font-weight: 400;\">Kaks ust, mis tagavad h\u00f5lpsa juurdep\u00e4\u00e4su kasvuhoonele ja ruumi ventilatsiooni.<\/span><\/li>\n<li style=\"font-weight: 400;\"><span style=\"font-weight: 400;\">M\u00f5lemal uksel on lai aken, mida saab k\u00e4sitsi avada.<\/span><\/li>\n<li style=\"font-weight: 400;\"><span style=\"font-weight: 400;\">Uste peal on m\u00f5lemale poole paigaldatud t\u00e4iendavad k\u00e4sitsi juhitavad Smartventor-\u00f5huaknad, mis suurendavad ventilatsiooni t\u00f5husust 20 protsendi v\u00f5rra.<\/span><\/li>\n<\/ul>\n<p><span style=\"font-weight: 400;\">Valikuliselt on saadaval ka manuaalsed v\u00f5i automaatsed katuse ventilaatorid.<\/span><\/p>\n<p><b>Kokkupanek<\/b><\/p>\n<p><span style=\"font-weight: 400;\">2 meetri laiune Ecoslider Slider kasvuhoone on saadaval kokkupanduna: femrid ja otsad pannakse kokku tehases, pol\u00fckarbonaat valmistatakse ette soovitud m\u00f5\u00f5tu ja paigaldatakse ustele, akendele ja otsadele. T\u00e4nu sellele on kokkupaneku aeg 2 \u2013 4 tundi.<\/span><\/p>\n<p><b>Kohaletoimetamine ja paigaldamine<\/b><\/p>\n<p><span style=\"font-weight: 400;\">Me tarnime ja paigaldame kasvuhoone \u00fcle Eesti. Me tarnime ja paigaldame kasvuhoone \u00fcle Eesti. Teiste riikide puhul kehtivad eraldi tingimused. V\u00f5imalik isetarnimine ja paigaldamine.<\/span><\/p>\n<p><b>Ecoslider Slider 2 m kasvuhoonet saab t\u00e4iendavalt varustada:<\/b><\/p>\n<ul>\n<li style=\"font-weight: 400;\"><span style=\"font-weight: 400;\">Slider k\u00e4sitsi juhitavad \u00f5huaknad<\/span><\/li>\n<li style=\"font-weight: 400;\"><span style=\"font-weight: 400;\">Univent \u2014 automaatne mehhanism katusejuhtimiseks<\/span><\/li>\n<li style=\"font-weight: 400;\"><span style=\"font-weight: 400;\">Erinevat t\u00fc\u00fcpi uksesulgemine (parem\/vasakpoolne uks)<\/span><\/li>\n<li style=\"font-weight: 400;\"><span style=\"font-weight: 400;\">Vundamendipostid<\/span><\/li>\n<li style=\"font-weight: 400;\"><span style=\"font-weight: 400;\">Soojusisolatsiooniga vundamendid<\/span><\/li>\n<li style=\"font-weight: 400;\"><span style=\"font-weight: 400;\">2 t\u00fc\u00fcpi peenraid: II, U<\/span><\/li>\n<li style=\"font-weight: 400;\"><span style=\"font-weight: 400;\">Ecoslider Microdrip 15<\/span><span style=\"font-weight: 400;\"> iseseisev kastmiss\u00fcsteem 15 taime kastmiseks<\/span><\/li>\n<li style=\"font-weight: 400;\"><span style=\"font-weight: 400;\">Voolikute ja liitmike komplekt t\u00e4iendavate taimede jaoks<\/span><\/li>\n<li style=\"font-weight: 400;\"><span style=\"font-weight: 400;\">ElektroWater<\/span><span style=\"font-weight: 400;\"> \u2014 moodul kahe elektripistiku ja \u00fche veepistikutega<\/span><\/li>\n<li style=\"font-weight: 400;\"><span style=\"font-weight: 400;\">Otsariiuli komplekt Slider<\/span><\/li>\n<li style=\"font-weight: 400;\"><span style=\"font-weight: 400;\">Juhikute komplekt Slider taimede kinnitamiseks<\/span><\/li>\n<\/ul>\n","protected":false},"excerpt":{"rendered":"<p>Valige vajalik p\u00f5hikonfiguratsioon. Lisage t\u00e4iendavaid elemente, et t\u00e4iustada kasvuhoone siseruumi ja ventilatsiooni. Nautige mugavat, kompaktset ja vastupidavat Ecoslider Slider kaarkasvuhoonet. Peamine asi, mida peate 2 meetri laiuse Ecoslider Slider kaarjas kasvuhoone kohta teadma, on see, et tegemist on kompaktse, tugeva ja mugava kasvuhoonega. Selle valivad oma suuruse t\u00f5ttu sageli algajad v\u00f5i kogenud kasutajad, kes kasvatavad [&hellip;]<\/p>\n","protected":false},"featured_media":8653,"comment_status":"closed","ping_status":"closed","template":"","meta":[],"product_brand":[597],"product_cat":[212,202,228,200],"product_tag":[256],"class_list":{"0":"post-6364","1":"product","2":"type-product","3":"status-publish","4":"has-post-thumbnail","6":"product_brand-ecoslider-brand","7":"product_cat-kaarkasvuhooned-slider","8":"product_cat-kasvuhooned-ecoslider","9":"product_cat-kasvuhoonete-konstruktor","10":"product_cat-kogu-kaup","11":"product_tag-construtor-et","12":"pa_greenhouse-covering-kargpolykarbonaat","13":"pa_greenhouse-frame-teras","14":"pa_greenhouse-kits-konstruktor","15":"pa_greenhouse-shape-kaar-poolymmargune","16":"pa_greenhouse-type-hobikasvuhoone","17":"pa_greenhouse-width-filter-2m-et","18":"pa_product-type-ecoslideri-kasvuhooned","20":"first","21":"instock","22":"taxable","23":"shipping-taxable","24":"purchasable","25":"product-type-variable"},"_links":{"self":[{"href":"https:\/\/ecoslider.com\/et\/wp-json\/wp\/v2\/product\/6364","targetHints":{"allow":["GET"]}}],"collection":[{"href":"https:\/\/ecoslider.com\/et\/wp-json\/wp\/v2\/product"}],"about":[{"href":"https:\/\/ecoslider.com\/et\/wp-json\/wp\/v2\/types\/product"}],"replies":[{"embeddable":true,"href":"https:\/\/ecoslider.com\/et\/wp-json\/wp\/v2\/comments?post=6364"}],"wp:featuredmedia":[{"embeddable":true,"href":"https:\/\/ecoslider.com\/et\/wp-json\/wp\/v2\/media\/8653"}],"wp:attachment":[{"href":"https:\/\/ecoslider.com\/et\/wp-json\/wp\/v2\/media?parent=6364"}],"wp:term":[{"taxonomy":"product_brand","embeddable":true,"href":"https:\/\/ecoslider.com\/et\/wp-json\/wp\/v2\/product_brand?post=6364"},{"taxonomy":"product_cat","embeddable":true,"href":"https:\/\/ecoslider.com\/et\/wp-json\/wp\/v2\/product_cat?post=6364"},{"taxonomy":"product_tag","embeddable":true,"href":"https:\/\/ecoslider.com\/et\/wp-json\/wp\/v2\/product_tag?post=6364"}],"curies":[{"name":"wp","href":"https:\/\/api.w.org\/{rel}","templated":true}]}}