{"id":6378,"date":"2025-03-11T13:38:03","date_gmt":"2025-03-11T13:38:03","guid":{"rendered":"https:\/\/ecoslider.web-design.ee\/product\/house-side-shelf-set-coated\/"},"modified":"2026-03-13T16:50:32","modified_gmt":"2026-03-13T14:50:32","slug":"kulgriiulite-komplekt-house-hobedane","status":"publish","type":"product","link":"https:\/\/ecoslider.com\/et\/shop\/kasvuhooned-ecoslider\/kasvuhoone-tarvikud\/lisatooted\/kulgriiulite-komplekt-house-hobedane\/","title":{"rendered":"K\u00fclgriiulite komplekt House, h\u00f5bedane"},"content":{"rendered":"<p><b>Rohkem mugavust kasvuhoones \u2013 k\u00f5ik on k\u00e4eulatuses!<\/b><\/p>\n<p><span style=\"font-weight: 400;\">Terasv\u00e4rvi k\u00fcljeriiulite komplekt on loodud viilkatusega House kasvuhoonete sisemuse praktiliseks ja ratsionaalseks kasutamiseks. Riiulid paigaldatakse m\u00f6\u00f6da k\u00fclgseina, segamata liikumist ega taimede eest hoolitsemist.<\/span><\/p>\n<p><strong>Komplekti kuulub 2 riiulit:<\/strong><\/p>\n<ul>\n<li style=\"font-weight: 400;\"><span style=\"font-weight: 400;\">1 kitsas riiul \u2013 sobib ideaalselt v\u00e4iksematele t\u00f6\u00f6riistadele, seemneanumatele v\u00f5i istikutele.<\/span><\/li>\n<li style=\"font-weight: 400;\"><span style=\"font-weight: 400;\">1 lai riiul \u2013 kannab lillepotte, kaste, v\u00e4etisepudeleid.<\/span><\/li>\n<\/ul>\n<p><span style=\"font-weight: 400;\">Riiulid on valmistatud vastupidavast v\u00e4rvimata terasest, millel on korrosioonikindel kate. Need on niiskuse- ja temperatuurikindlad. Lihtne kinnitusviis v\u00f5imaldab riiuleid paigaldada kiiresti ja vaevata.<\/span><\/p>\n<p><span style=\"font-weight: 400;\">T\u00e4iuslik lahendus korra ja mugavuse tagamiseks teie kasvuhoones!<\/span><\/p>\n","protected":false},"excerpt":{"rendered":"<p>Rohkem mugavust kasvuhoones \u2013 k\u00f5ik on k\u00e4eulatuses! Terasv\u00e4rvi k\u00fcljeriiulite komplekt on loodud viilkatusega House kasvuhoonete sisemuse praktiliseks ja ratsionaalseks kasutamiseks. Riiulid paigaldatakse m\u00f6\u00f6da k\u00fclgseina, segamata liikumist ega taimede eest hoolitsemist. Komplekti kuulub 2 riiulit: 1 kitsas riiul \u2013 sobib ideaalselt v\u00e4iksematele t\u00f6\u00f6riistadele, seemneanumatele v\u00f5i istikutele. 1 lai riiul \u2013 kannab lillepotte, kaste, v\u00e4etisepudeleid. Riiulid on [&hellip;]<\/p>\n","protected":false},"featured_media":10113,"comment_status":"closed","ping_status":"closed","template":"","meta":[],"product_brand":[],"product_cat":[202,205,200,206],"product_tag":[],"class_list":{"0":"post-6378","1":"product","2":"type-product","3":"status-publish","4":"has-post-thumbnail","6":"product_cat-kasvuhooned-ecoslider","7":"product_cat-kasvuhoone-tarvikud","8":"product_cat-kogu-kaup","9":"product_cat-lisatooted","10":"pa_greenhouse-accessories-type-kasvuhoone-sisustus","11":"pa_product-type-kasvuhoonete-aksessuaarid-ja-varuosad","13":"first","14":"instock","15":"taxable","16":"shipping-taxable","17":"purchasable","18":"product-type-variable"},"_links":{"self":[{"href":"https:\/\/ecoslider.com\/et\/wp-json\/wp\/v2\/product\/6378","targetHints":{"allow":["GET"]}}],"collection":[{"href":"https:\/\/ecoslider.com\/et\/wp-json\/wp\/v2\/product"}],"about":[{"href":"https:\/\/ecoslider.com\/et\/wp-json\/wp\/v2\/types\/product"}],"replies":[{"embeddable":true,"href":"https:\/\/ecoslider.com\/et\/wp-json\/wp\/v2\/comments?post=6378"}],"wp:featuredmedia":[{"embeddable":true,"href":"https:\/\/ecoslider.com\/et\/wp-json\/wp\/v2\/media\/10113"}],"wp:attachment":[{"href":"https:\/\/ecoslider.com\/et\/wp-json\/wp\/v2\/media?parent=6378"}],"wp:term":[{"taxonomy":"product_brand","embeddable":true,"href":"https:\/\/ecoslider.com\/et\/wp-json\/wp\/v2\/product_brand?post=6378"},{"taxonomy":"product_cat","embeddable":true,"href":"https:\/\/ecoslider.com\/et\/wp-json\/wp\/v2\/product_cat?post=6378"},{"taxonomy":"product_tag","embeddable":true,"href":"https:\/\/ecoslider.com\/et\/wp-json\/wp\/v2\/product_tag?post=6378"}],"curies":[{"name":"wp","href":"https:\/\/api.w.org\/{rel}","templated":true}]}}