{"id":6442,"date":"2025-03-10T12:46:11","date_gmt":"2025-03-10T12:46:11","guid":{"rendered":"https:\/\/ecoslider.web-design.ee\/product\/roof-window-for-house-lux-greenhouse\/"},"modified":"2025-10-29T10:29:53","modified_gmt":"2025-10-29T08:29:53","slug":"katuseluuk-house-lux-kasvuhoonele","status":"publish","type":"product","link":"https:\/\/ecoslider.com\/et\/shop\/kasvuhooned-ecoslider\/kasvuhoone-tarvikud\/ventilatsioon\/katuseluuk-house-lux-kasvuhoonele\/","title":{"rendered":"Katuseluuk House Lux viilkatusega kasvuhoonele"},"content":{"rendered":"<p><span style=\"font-weight: 400;\">Seda t\u00fc\u00fcpi \u00f5huaknad paigaldatakse kasvuhoone katusesse ja on m\u00f5eldud Ecoslider House Lux poolkaarja katusega kasvuhoonete \u00f5hutamiseks. \u00d5huaken on valmistatud Euroopas toodetud, k\u00f5rgema tsingi- ja pol\u00fcs\u00fcsinikusisaldusega ning UV-kindlatest terasprofiilidest (mis on kahest k\u00fcljest kaitstud tolmukindla teibiga), kasutades kummist profiile, mis tagavad eriti hea hermeetilisuse. \u00d5huaknad pannakse tehases l\u00f5puni kokku ja l\u00e4bivad seal ka kvaliteedikontrolli. Aknad tarnitakse kokkupandult pappkastis ja v\u00f5ivad olla varustatud automaatse v\u00f5i k\u00e4simehhanismiga nende avamiseks ja sulgemiseks. M\u00f5lemad mehhanismid on lihtsalt ja kiirelt paigaldatavad. Seda t\u00fc\u00fcpi \u00f5huaknad peavad vastu v\u00e4ga tugevatele tuulepuhangutele ja lumekoormustele.<\/span><\/p>\n","protected":false},"excerpt":{"rendered":"<p>Seda t\u00fc\u00fcpi \u00f5huaknad paigaldatakse kasvuhoone katusesse ja on m\u00f5eldud Ecoslider House Lux poolkaarja katusega kasvuhoonete \u00f5hutamiseks. \u00d5huaken on valmistatud Euroopas toodetud, k\u00f5rgema tsingi- ja pol\u00fcs\u00fcsinikusisaldusega ning UV-kindlatest terasprofiilidest (mis on kahest k\u00fcljest kaitstud tolmukindla teibiga), kasutades kummist profiile, mis tagavad eriti hea hermeetilisuse. \u00d5huaknad pannakse tehases l\u00f5puni kokku ja l\u00e4bivad seal ka kvaliteedikontrolli. Aknad tarnitakse [&hellip;]<\/p>\n","protected":false},"featured_media":21366,"comment_status":"closed","ping_status":"closed","template":"","meta":[],"product_brand":[],"product_cat":[202,205,200,208],"product_tag":[],"class_list":{"0":"post-6442","1":"product","2":"type-product","3":"status-publish","4":"has-post-thumbnail","6":"product_cat-kasvuhooned-ecoslider","7":"product_cat-kasvuhoone-tarvikud","8":"product_cat-kogu-kaup","9":"product_cat-ventilatsioon","10":"pa_greenhouse-accessories-type-kasvuhoone-ventilatsioon","11":"pa_product-type-kasvuhoonete-aksessuaarid-ja-varuosad","13":"first","14":"instock","15":"taxable","16":"shipping-taxable","17":"purchasable","18":"product-type-variable"},"_links":{"self":[{"href":"https:\/\/ecoslider.com\/et\/wp-json\/wp\/v2\/product\/6442","targetHints":{"allow":["GET"]}}],"collection":[{"href":"https:\/\/ecoslider.com\/et\/wp-json\/wp\/v2\/product"}],"about":[{"href":"https:\/\/ecoslider.com\/et\/wp-json\/wp\/v2\/types\/product"}],"replies":[{"embeddable":true,"href":"https:\/\/ecoslider.com\/et\/wp-json\/wp\/v2\/comments?post=6442"}],"wp:featuredmedia":[{"embeddable":true,"href":"https:\/\/ecoslider.com\/et\/wp-json\/wp\/v2\/media\/21366"}],"wp:attachment":[{"href":"https:\/\/ecoslider.com\/et\/wp-json\/wp\/v2\/media?parent=6442"}],"wp:term":[{"taxonomy":"product_brand","embeddable":true,"href":"https:\/\/ecoslider.com\/et\/wp-json\/wp\/v2\/product_brand?post=6442"},{"taxonomy":"product_cat","embeddable":true,"href":"https:\/\/ecoslider.com\/et\/wp-json\/wp\/v2\/product_cat?post=6442"},{"taxonomy":"product_tag","embeddable":true,"href":"https:\/\/ecoslider.com\/et\/wp-json\/wp\/v2\/product_tag?post=6442"}],"curies":[{"name":"wp","href":"https:\/\/api.w.org\/{rel}","templated":true}]}}