{"id":6514,"date":"2025-03-10T11:25:13","date_gmt":"2025-03-10T09:25:13","guid":{"rendered":"https:\/\/ecoslider.web-design.ee\/product\/ready-house-lux-glass-2-5x4-1m\/"},"modified":"2026-04-02T14:39:46","modified_gmt":"2026-04-02T11:39:46","slug":"konstruktor-house-lux-glass-laius-2m-4mm","status":"publish","type":"product","link":"https:\/\/ecoslider.com\/et\/shop\/kasvuhooned-ecoslider\/viilkatusega-kasvuhooned-house-lux-glass\/konstruktor-house-lux-glass-laius-2m-4mm\/","title":{"rendered":"Ecoslider House Lux Glass viilkatusega kasvuhoone, laius 2m, 4mm"},"content":{"rendered":"<p><span style=\"font-weight: 400\">Ecoslider House Lux Glass 2 m on stiilne kasvuhoone neile, kes otsivad oma aeda mitte ainult funktsionaalsust, vaid ka arhitektuurset elegantsi. L\u00e4bipaistvad klaaspaneelid loovad kerguse tunde, t\u00e4idavad kasvuhoone valgusega ja muudavad selle t\u00e4isv\u00e4\u00e4rtuslikuks aiaruumiks taimede kasvatamiseks.<\/span><\/p>\n<p><b>Tugevdatud konstruktsioon<\/b><\/p>\n<p><span style=\"font-weight: 400\">Karkass on valmistatud tsingitud terasest, mille tsingikiht on 275 g\/m\u00b2, mis kaitseb konstruktsiooni korrosiooni eest. Kahepoolne pol\u00fcmeerkate annab kasvuhoonele v\u00e4\u00e4rika musta v\u00e4rvi.<br \/>\n<\/span><span style=\"font-weight: 400\">Meie patenteeritud fermid jaotavad lumekoormuse \u00fchtlaselt ning annavad konstruktsioonile t\u00e4iendava j\u00e4ikuse. Kasvuhoone talub tuult kuni 38 m\/s (90 kg\/m\u00b2) ja lund kuni 945 kg\/m\u00b2. See teeb kasvuhoonest ideaalse valiku kasutamiseks P\u00f5hja-Euroopa kliimas.<\/span><\/p>\n<p><b>Karastatud klaasist kate<\/b><\/p>\n<p><span style=\"font-weight: 400\">Selle mudeli peamine erip\u00e4ra on 4 mm l\u00e4bipaistev karastatud klaas, millel on j\u00e4rgmised omadused:<\/span><\/p>\n<ul>\n<li style=\"font-weight: 400\"><span style=\"font-weight: 400\">k\u00f5rge l\u00f6\u00f6gikindlus v\u00f5rreldes orgaanilise klaasiga;<\/span><\/li>\n<li style=\"font-weight: 400\"><span style=\"font-weight: 400\">vastupidavus temperatuurik\u00f5ikumistele;<\/span><\/li>\n<li style=\"font-weight: 400\"><span style=\"font-weight: 400\">ideaalne sile ja esteetiline pind;<\/span><\/li>\n<li style=\"font-weight: 400\"><span style=\"font-weight: 400\">k\u00f5rge valgusl\u00e4bilaskvus \u2014 taimed saavad maksimaalselt loomulikku valgust.<\/span><\/li>\n<\/ul>\n<p><span style=\"font-weight: 400\">Klaas on kasutamisel ohutu. Vigastuse korral puruneb see v\u00e4ikesteks mitte-teravateks t\u00fckkideks. Iga klaaspaneel surutakse paika tugeva kummitihendiga, mis kaitseb konstruktsiooni vibratsiooni ja temperatuurimuutustest tingitud deformatsioonide eest.<\/span><\/p>\n<p><b>Integreeritud ventilatsioon<\/b><\/p>\n<p><span style=\"font-weight: 400\">Kasvuhoonesse p\u00e4\u00e4seb l\u00e4bi otsaseinas oleva l\u00fckandukse. Ventilatsiooniks on m\u00f5lemas otsas 2 SmartVentori lamelltuulutusluuki.<\/span><\/p>\n<p><b>Kohaletoimetamine ja paigaldus<\/b><\/p>\n<p><span style=\"font-weight: 400\">Ecoslider House Lux Glass 2 m tarnitakse eelkoostatud kujul: otsad on tehases juba kokku pandud ning klaas on paigaldatud otsadesse ja ustesse. T\u00e4nu sellele on paigaldusaeg l\u00fchem.<\/span><\/p>\n","protected":false},"excerpt":{"rendered":"<p>Ecoslider House Lux Glass 2 m on stiilne kasvuhoone neile, kes otsivad oma aeda mitte ainult funktsionaalsust, vaid ka arhitektuurset elegantsi. L\u00e4bipaistvad klaaspaneelid loovad kerguse tunde, t\u00e4idavad kasvuhoone valgusega ja muudavad selle t\u00e4isv\u00e4\u00e4rtuslikuks aiaruumiks taimede kasvatamiseks. Tugevdatud konstruktsioon Karkass on valmistatud tsingitud terasest, mille tsingikiht on 275 g\/m\u00b2, mis kaitseb konstruktsiooni korrosiooni eest. Kahepoolne pol\u00fcmeerkate [&hellip;]<\/p>\n","protected":false},"featured_media":22324,"comment_status":"open","ping_status":"closed","template":"","meta":[],"product_brand":[597],"product_cat":[202,228,200,224],"product_tag":[],"class_list":{"0":"post-6514","1":"product","2":"type-product","3":"status-publish","4":"has-post-thumbnail","6":"product_brand-ecoslider-brand","7":"product_cat-kasvuhooned-ecoslider","8":"product_cat-kasvuhoonete-konstruktor","9":"product_cat-kogu-kaup","10":"product_cat-viilkatusega-kasvuhooned-house-lux-glass","11":"pa_greenhouse-covering-karastatud-klaas-4mm","12":"pa_greenhouse-frame-teras","13":"pa_greenhouse-kits-konstruktor","14":"pa_greenhouse-shape-viilkatusega-majakatusega","15":"pa_greenhouse-type-hobikasvuhoone","16":"pa_greenhouse-width-filter-2m-et","17":"pa_product-type-ecoslideri-kasvuhooned","19":"first","20":"instock","21":"sale","22":"taxable","23":"shipping-taxable","24":"purchasable","25":"product-type-variable"},"_links":{"self":[{"href":"https:\/\/ecoslider.com\/et\/wp-json\/wp\/v2\/product\/6514","targetHints":{"allow":["GET"]}}],"collection":[{"href":"https:\/\/ecoslider.com\/et\/wp-json\/wp\/v2\/product"}],"about":[{"href":"https:\/\/ecoslider.com\/et\/wp-json\/wp\/v2\/types\/product"}],"replies":[{"embeddable":true,"href":"https:\/\/ecoslider.com\/et\/wp-json\/wp\/v2\/comments?post=6514"}],"wp:featuredmedia":[{"embeddable":true,"href":"https:\/\/ecoslider.com\/et\/wp-json\/wp\/v2\/media\/22324"}],"wp:attachment":[{"href":"https:\/\/ecoslider.com\/et\/wp-json\/wp\/v2\/media?parent=6514"}],"wp:term":[{"taxonomy":"product_brand","embeddable":true,"href":"https:\/\/ecoslider.com\/et\/wp-json\/wp\/v2\/product_brand?post=6514"},{"taxonomy":"product_cat","embeddable":true,"href":"https:\/\/ecoslider.com\/et\/wp-json\/wp\/v2\/product_cat?post=6514"},{"taxonomy":"product_tag","embeddable":true,"href":"https:\/\/ecoslider.com\/et\/wp-json\/wp\/v2\/product_tag?post=6514"}],"curies":[{"name":"wp","href":"https:\/\/api.w.org\/{rel}","templated":true}]}}