{"id":6540,"date":"2025-03-10T08:49:57","date_gmt":"2025-03-10T06:49:57","guid":{"rendered":"https:\/\/ecoslider.web-design.ee\/product\/h-profile-4-6-8-10-16mm\/"},"modified":"2026-05-05T15:41:44","modified_gmt":"2026-05-05T12:41:44","slug":"h-profiil-paksus-4-6-8-10-16mm","status":"publish","type":"product","link":"https:\/\/ecoslider.com\/et\/shop\/polykarbonaat\/polykarbonaadi-tarvikud\/h-profiil-paksus-4-6-8-10-16mm\/","title":{"rendered":"H-profiil, paksus 4 \/ 6 \/ 8 \/ 10 \/ 16 mm"},"content":{"rendered":"<p>\u00dchendav H-profiil paksusega 4 mm \/ 6 mm \/ 8 mm \/ 10 mm \/ 16 mm. Pikkus \u2014 6 meetrit.<br \/>\nH-profiil sobib 4 mm, 6 mm, 8 mm, 10 mm ja 16 mm paksustele <a href=\"https:\/\/ecoslider.com\/et\/epood\/product-type-polykarbonaat\/\">pol\u00fckarbonaatplaatidele<\/a>.<\/p>\n<p>\u00dchendav H-profiil on m\u00f5eldud sama paksusega pol\u00fckarbonaatplaatide \u00fchendamiseks. Profiil tagab paneelide tiheda liitumise: ei lase niiskust l\u00e4bi ning aitab v\u00e4ltida soojuskadu. Profiil kinnitatakse kandekarkassi k\u00fclge isekeermestavate kruvidega.<\/p>\n<p>Mugavaks transportimiseks saab profiili rulli keerata.<\/p>\n","protected":false},"excerpt":{"rendered":"<p>\u00dchendav H-profiil paksusega 4 mm \/ 6 mm \/ 8 mm \/ 10 mm \/ 16 mm. Pikkus \u2014 6 meetrit.<br \/>\nH-profiil sobib 4 mm, 6 mm, 8 mm, 10 mm ja 16 mm paksustele <a href=\"https:\/\/ecoslider.com\/et\/epood\/product-type-polykarbonaat\/\">pol\u00fckarbonaatplaatidele<\/a>.<\/p>\n","protected":false},"featured_media":6541,"comment_status":"closed","ping_status":"closed","template":"","meta":[],"product_brand":[],"product_cat":[200,234,232],"product_tag":[],"class_list":{"0":"post-6540","1":"product","2":"type-product","3":"status-publish","4":"has-post-thumbnail","6":"product_cat-kogu-kaup","7":"product_cat-polykarbonaadi-tarvikud","8":"product_cat-polykarbonaat","9":"pa_polycarbonate-accessories-profiilid","10":"pa_product-type-polykarbonaadi-aksessuaarid-ja-varuosad","12":"first","13":"instock","14":"taxable","15":"shipping-taxable","16":"purchasable","17":"product-type-variable"},"_links":{"self":[{"href":"https:\/\/ecoslider.com\/et\/wp-json\/wp\/v2\/product\/6540","targetHints":{"allow":["GET"]}}],"collection":[{"href":"https:\/\/ecoslider.com\/et\/wp-json\/wp\/v2\/product"}],"about":[{"href":"https:\/\/ecoslider.com\/et\/wp-json\/wp\/v2\/types\/product"}],"replies":[{"embeddable":true,"href":"https:\/\/ecoslider.com\/et\/wp-json\/wp\/v2\/comments?post=6540"}],"wp:featuredmedia":[{"embeddable":true,"href":"https:\/\/ecoslider.com\/et\/wp-json\/wp\/v2\/media\/6541"}],"wp:attachment":[{"href":"https:\/\/ecoslider.com\/et\/wp-json\/wp\/v2\/media?parent=6540"}],"wp:term":[{"taxonomy":"product_brand","embeddable":true,"href":"https:\/\/ecoslider.com\/et\/wp-json\/wp\/v2\/product_brand?post=6540"},{"taxonomy":"product_cat","embeddable":true,"href":"https:\/\/ecoslider.com\/et\/wp-json\/wp\/v2\/product_cat?post=6540"},{"taxonomy":"product_tag","embeddable":true,"href":"https:\/\/ecoslider.com\/et\/wp-json\/wp\/v2\/product_tag?post=6540"}],"curies":[{"name":"wp","href":"https:\/\/api.w.org\/{rel}","templated":true}]}}