{"id":6576,"date":"2025-03-10T07:34:03","date_gmt":"2025-03-10T07:34:03","guid":{"rendered":"https:\/\/ecoslider.web-design.ee\/product\/ready-arbovista-wooden-3x4-23m\/"},"modified":"2026-02-02T14:45:55","modified_gmt":"2026-02-02T12:45:55","slug":"komplekt-arbovista-wooden-3x4-03m","status":"publish","type":"product","link":"https:\/\/ecoslider.com\/et\/shop\/kasvuhooned-ecoslider\/kasvuhoone-komplektid\/komplekt-arbovista-wooden-3x4-03m\/","title":{"rendered":"Puidust viilkatusega kasvuhoone Ecoslider Arbovista Wooden 3&#215;4.03m"},"content":{"rendered":"<h3><strong>Tarvikud kingitusena (700 eurot), paigaldus \u221235%.<\/strong><\/h3>\n<p><span style=\"font-weight: 400;\">Kasvuhoone Arbovista on loodud nende jaoks, kes hindavad naturaalseid materjale, hubasust ja stiili. See ei ole lihtsalt konstruktsioon kasvatamiseks \u2014 see on teie aia kaunistus ja mugav ruum aianduseks.<br \/>\n<\/span><span style=\"font-weight: 400;\">Kas soovite kaunistada oma aeda, lisades sellele v\u00f5lu ja funktsionaalsust?<br \/>\n<\/span><span style=\"font-weight: 400;\">Valige puitkasvuhoone Ecoslider Arbovista pindalaga 12 m\u00b2.<\/span><\/p>\n<p><b>Karkass termot\u00f6\u00f6deldud p\u00f5hjamaise m\u00e4nnist:<\/b><\/p>\n<p><span style=\"font-weight: 400;\">Puit l\u00e4bib spetsiaalse termilise t\u00f6\u00f6tluse k\u00f5rgetel temperatuuridel, mis v\u00f5imaldab parandada materjali funktsionaalseid omadusi ja seega ka kasvuhoone vastupidavust. T\u00f6\u00f6deldud m\u00e4nd on kergem ja tihedam kui tavaline m\u00e4nd. See talub niiskust, k\u00fclma ja temperatuurik\u00f5ikumisi. Ei karda seeni ega parasiite. Ei pragune, ei m\u00e4dane, ei vaja pidevat hooldust. Samal ajal s\u00e4ilitab v\u00e4\u00e4rika ja esteetilise v\u00e4limuse.<\/span><\/p>\n<p><b>Kate \u2014 4 mm karastatud klaas:<\/b><\/p>\n<p><span style=\"font-weight: 400;\">Karastatud klaas on turvalisem ja tugevam kui tavaline klaas. See ei tuhmu aastatega, laseb h\u00e4sti l\u00e4bi p\u00e4evavalguse. N\u00e4eb v\u00e4lja stiilne, talub rahet, lund ja tugevat tuult. Tagab kasvuhoone k\u00f5rge esteetika, muutes selle mitte ainult kasvuhooneks, vaid ka paviljoniks.<\/span><\/p>\n<p><b>Kasvuhoone viimistlus:<\/b><\/p>\n<p><span style=\"font-weight: 400;\">Soome Tikkurila v\u00e4rv. Klassikaline valik: must (RAL 9005).<\/span><\/p>\n","protected":false},"excerpt":{"rendered":"<p>Tarvikud kingitusena (700 eurot), paigaldus \u221235%. Kasvuhoone Arbovista on loodud nende jaoks, kes hindavad naturaalseid materjale, hubasust ja stiili. See ei ole lihtsalt konstruktsioon kasvatamiseks \u2014 see on teie aia kaunistus ja mugav ruum aianduseks. Kas soovite kaunistada oma aeda, lisades sellele v\u00f5lu ja funktsionaalsust? Valige puitkasvuhoone Ecoslider Arbovista pindalaga 12 m\u00b2. Karkass termot\u00f6\u00f6deldud p\u00f5hjamaise [&hellip;]<\/p>\n","protected":false},"featured_media":15736,"comment_status":"open","ping_status":"closed","template":"","meta":[],"product_brand":[],"product_cat":[214,202,200,218],"product_tag":[],"class_list":{"0":"post-6576","1":"product","2":"type-product","3":"status-publish","4":"has-post-thumbnail","6":"product_cat-kasvuhoone-komplektid","7":"product_cat-kasvuhooned-ecoslider","8":"product_cat-kogu-kaup","9":"product_cat-viilkatusega-kasvuhooned-arbovista-wooden","10":"pa_greenhouse-covering-karastatud-klaas-4mm","11":"pa_greenhouse-frame-puit","12":"pa_greenhouse-kits-valmiskomplektid","13":"pa_greenhouse-shape-viilkatusega-majakatusega","14":"pa_greenhouse-type-hobikasvuhoone","15":"pa_greenhouse-width-filter-3m-et","16":"pa_product-type-ecoslideri-kasvuhooned","18":"first","19":"instock","20":"sale","21":"taxable","22":"shipping-taxable","23":"purchasable","24":"product-type-variable","25":"has-default-attributes"},"_links":{"self":[{"href":"https:\/\/ecoslider.com\/et\/wp-json\/wp\/v2\/product\/6576","targetHints":{"allow":["GET"]}}],"collection":[{"href":"https:\/\/ecoslider.com\/et\/wp-json\/wp\/v2\/product"}],"about":[{"href":"https:\/\/ecoslider.com\/et\/wp-json\/wp\/v2\/types\/product"}],"replies":[{"embeddable":true,"href":"https:\/\/ecoslider.com\/et\/wp-json\/wp\/v2\/comments?post=6576"}],"wp:featuredmedia":[{"embeddable":true,"href":"https:\/\/ecoslider.com\/et\/wp-json\/wp\/v2\/media\/15736"}],"wp:attachment":[{"href":"https:\/\/ecoslider.com\/et\/wp-json\/wp\/v2\/media?parent=6576"}],"wp:term":[{"taxonomy":"product_brand","embeddable":true,"href":"https:\/\/ecoslider.com\/et\/wp-json\/wp\/v2\/product_brand?post=6576"},{"taxonomy":"product_cat","embeddable":true,"href":"https:\/\/ecoslider.com\/et\/wp-json\/wp\/v2\/product_cat?post=6576"},{"taxonomy":"product_tag","embeddable":true,"href":"https:\/\/ecoslider.com\/et\/wp-json\/wp\/v2\/product_tag?post=6576"}],"curies":[{"name":"wp","href":"https:\/\/api.w.org\/{rel}","templated":true}]}}