{"id":6632,"date":"2025-02-28T13:04:10","date_gmt":"2025-02-28T13:04:10","guid":{"rendered":"https:\/\/ecoslider.web-design.ee\/product\/house-lux-side-shelf-set-black\/"},"modified":"2026-03-01T17:42:33","modified_gmt":"2026-03-01T15:42:33","slug":"kulgriiulite-komplekt-house-lux-must","status":"publish","type":"product","link":"https:\/\/ecoslider.com\/et\/shop\/kasvuhooned-ecoslider\/kasvuhoone-tarvikud\/lisatooted\/kulgriiulite-komplekt-house-lux-must\/","title":{"rendered":"K\u00fclgriiulite komplekt House Lux, must"},"content":{"rendered":"<p><span style=\"font-weight: 400;\">Rohkem mugavust kasvuhoones \u2013 k\u00f5ik on k\u00e4eulatuses!<\/span><\/p>\n<p><span style=\"font-weight: 400;\">Mustade k\u00fcljeriiulite komplekt on loodud k\u00f5igi viilkatusega House Lux kasvuhoonemudelite (katteks kas k\u00e4rgpol\u00fckarbonaat, monoliitne pol\u00fckarbonaat v\u00f5i karastatud klaas) sisemuse praktiliseks ja ratsionaalseks kasutamiseks. Riiulid paigaldatakse m\u00f6\u00f6da k\u00fclgseina, segamata liikumist ega taimede eest hoolitsemist.<\/span><\/p>\n<p><b>Komplekti kuulub 2 riiulit:<\/b><\/p>\n<ul>\n<li style=\"font-weight: 400;\"><span style=\"font-weight: 400;\">1 kitsas riiul \u2013 sobib ideaalselt v\u00e4iksematele t\u00f6\u00f6riistadele, seemneanumatele v\u00f5i istikutele.<\/span><\/li>\n<li style=\"font-weight: 400;\"><span style=\"font-weight: 400;\">1 lai riiul \u2013 kannab lillepotte, kaste, v\u00e4etisepudeleid.<\/span><\/li>\n<\/ul>\n<p><span style=\"font-weight: 400;\">Riiulid on valmistatud vastupidavast terasest, millel on must korrosioonikindel kate. Need on niiskuse- ja temperatuurikindlad. Lihtne kinnitusviis v\u00f5imaldab riiuleid paigaldada kiiresti ja vaevata.<\/span><\/p>\n<p><span style=\"font-weight: 400;\">T\u00e4iuslik lahendus korra ja mugavuse tagamiseks teie kasvuhoones!<\/span><\/p>\n","protected":false},"excerpt":{"rendered":"<p>Rohkem mugavust kasvuhoones \u2013 k\u00f5ik on k\u00e4eulatuses! Mustade k\u00fcljeriiulite komplekt on loodud k\u00f5igi viilkatusega House Lux kasvuhoonemudelite (katteks kas k\u00e4rgpol\u00fckarbonaat, monoliitne pol\u00fckarbonaat v\u00f5i karastatud klaas) sisemuse praktiliseks ja ratsionaalseks kasutamiseks. Riiulid paigaldatakse m\u00f6\u00f6da k\u00fclgseina, segamata liikumist ega taimede eest hoolitsemist. Komplekti kuulub 2 riiulit: 1 kitsas riiul \u2013 sobib ideaalselt v\u00e4iksematele t\u00f6\u00f6riistadele, seemneanumatele v\u00f5i istikutele. [&hellip;]<\/p>\n","protected":false},"featured_media":10113,"comment_status":"closed","ping_status":"closed","template":"","meta":[],"product_brand":[597],"product_cat":[202,205,200,206],"product_tag":[],"class_list":{"0":"post-6632","1":"product","2":"type-product","3":"status-publish","4":"has-post-thumbnail","6":"product_brand-ecoslider-brand","7":"product_cat-kasvuhooned-ecoslider","8":"product_cat-kasvuhoone-tarvikud","9":"product_cat-kogu-kaup","10":"product_cat-lisatooted","11":"pa_greenhouse-accessories-type-kasvuhoone-sisustus","12":"pa_product-type-kasvuhoonete-aksessuaarid-ja-varuosad","14":"first","15":"instock","16":"taxable","17":"shipping-taxable","18":"purchasable","19":"product-type-simple"},"_links":{"self":[{"href":"https:\/\/ecoslider.com\/et\/wp-json\/wp\/v2\/product\/6632","targetHints":{"allow":["GET"]}}],"collection":[{"href":"https:\/\/ecoslider.com\/et\/wp-json\/wp\/v2\/product"}],"about":[{"href":"https:\/\/ecoslider.com\/et\/wp-json\/wp\/v2\/types\/product"}],"replies":[{"embeddable":true,"href":"https:\/\/ecoslider.com\/et\/wp-json\/wp\/v2\/comments?post=6632"}],"wp:featuredmedia":[{"embeddable":true,"href":"https:\/\/ecoslider.com\/et\/wp-json\/wp\/v2\/media\/10113"}],"wp:attachment":[{"href":"https:\/\/ecoslider.com\/et\/wp-json\/wp\/v2\/media?parent=6632"}],"wp:term":[{"taxonomy":"product_brand","embeddable":true,"href":"https:\/\/ecoslider.com\/et\/wp-json\/wp\/v2\/product_brand?post=6632"},{"taxonomy":"product_cat","embeddable":true,"href":"https:\/\/ecoslider.com\/et\/wp-json\/wp\/v2\/product_cat?post=6632"},{"taxonomy":"product_tag","embeddable":true,"href":"https:\/\/ecoslider.com\/et\/wp-json\/wp\/v2\/product_tag?post=6632"}],"curies":[{"name":"wp","href":"https:\/\/api.w.org\/{rel}","templated":true}]}}