{"id":6638,"date":"2025-02-28T12:52:16","date_gmt":"2025-02-28T10:52:16","guid":{"rendered":"https:\/\/ecoslider.web-design.ee\/product\/house-lux-decorative-finials\/"},"modified":"2026-03-01T17:42:59","modified_gmt":"2026-03-01T15:42:59","slug":"dekoratiivsed-tipud-house-lux","status":"publish","type":"product","link":"https:\/\/ecoslider.com\/et\/shop\/kasvuhooned-ecoslider\/kasvuhoone-tarvikud\/lisatooted\/dekoratiivsed-tipud-house-lux\/","title":{"rendered":"Dekoratiivsed tipud House Lux"},"content":{"rendered":"<p><span style=\"font-weight: 400;\">Andke oma kasvuhoonele stiili dekoratiivsete House Lux tippude abil. Need peened elemendid lisavad aeda klassikalist stiili. Kergesti paigaldatavad ja erakordselt kaunid, need t\u00e4iendavad teie kasvuhoone v\u00e4limust, andes sellele erilise stiili ja t\u00e4iendades selle ainulaadsust.<br \/>\n<\/span><span style=\"font-weight: 400;\">Dekoratiivsed House Lux tippud on stiilne ja elegantne aksessuaar teie kasvuhoone katusele.<br \/>\n<\/span><span style=\"font-weight: 400;\">Dekoratsiooni <a href=\"https:\/\/ecoslider.com\/et\/tootekategooria\/kasvuhooned-ecoslider\/viilkatusega-kasvuhooned-house-lux\/\" target=\"_blank\" rel=\"noopener\"><u>viilkatusele House Lux<\/u><\/a> saab paigaldada erinevates kogustes: \u00fcks kaunistus \u00fchele otsale, kaunistada m\u00f5lemad otsad v\u00f5i paigutada tippud katuse \u00e4\u00e4rde, luues kammi efekti.<\/span><\/p>\n<p><b><i>Paigaldus:<\/i><\/b><\/p>\n<p><span style=\"font-weight: 400;\">Pikkude paigaldamine katuse otstesse on \u00e4\u00e4rmiselt lihtne: piisab, kui asetada aluspink ja pikk katuse nurka.<br \/>\n<\/span><span style=\"font-weight: 400;\">Dekoratsiooni paigaldamiseks katuse \u00e4\u00e4rde tuleb teha m\u00f5ned t\u00e4iendavad sammud \u2013 kasutada kinnitusmaterjalide ja redelit.<br \/>\n<\/span><span style=\"font-weight: 400;\">Looge oma kasvuhoones stiilne aktsent, kasutades dekoratiivseid House Lux tippe!<\/span><\/p>\n","protected":false},"excerpt":{"rendered":"<p>Andke oma kasvuhoonele stiili dekoratiivsete House Lux tippude abil. Need peened elemendid lisavad aeda klassikalist stiili. Kergesti paigaldatavad ja erakordselt kaunid, need t\u00e4iendavad teie kasvuhoone v\u00e4limust, andes sellele erilise stiili ja t\u00e4iendades selle ainulaadsust. Dekoratiivsed House Lux tippud on stiilne ja elegantne aksessuaar teie kasvuhoone katusele. Dekoratsiooni viilkatusele House Lux saab paigaldada erinevates kogustes: \u00fcks [&hellip;]<\/p>\n","protected":false},"featured_media":9334,"comment_status":"closed","ping_status":"closed","template":"","meta":[],"product_brand":[],"product_cat":[202,205,200,206],"product_tag":[],"class_list":{"0":"post-6638","1":"product","2":"type-product","3":"status-publish","4":"has-post-thumbnail","6":"product_cat-kasvuhooned-ecoslider","7":"product_cat-kasvuhoone-tarvikud","8":"product_cat-kogu-kaup","9":"product_cat-lisatooted","10":"pa_greenhouse-accessories-type-kasvuhoone-sisustus","11":"pa_product-type-kasvuhoonete-aksessuaarid-ja-varuosad","13":"first","14":"instock","15":"taxable","16":"shipping-taxable","17":"purchasable","18":"product-type-simple"},"_links":{"self":[{"href":"https:\/\/ecoslider.com\/et\/wp-json\/wp\/v2\/product\/6638","targetHints":{"allow":["GET"]}}],"collection":[{"href":"https:\/\/ecoslider.com\/et\/wp-json\/wp\/v2\/product"}],"about":[{"href":"https:\/\/ecoslider.com\/et\/wp-json\/wp\/v2\/types\/product"}],"replies":[{"embeddable":true,"href":"https:\/\/ecoslider.com\/et\/wp-json\/wp\/v2\/comments?post=6638"}],"wp:featuredmedia":[{"embeddable":true,"href":"https:\/\/ecoslider.com\/et\/wp-json\/wp\/v2\/media\/9334"}],"wp:attachment":[{"href":"https:\/\/ecoslider.com\/et\/wp-json\/wp\/v2\/media?parent=6638"}],"wp:term":[{"taxonomy":"product_brand","embeddable":true,"href":"https:\/\/ecoslider.com\/et\/wp-json\/wp\/v2\/product_brand?post=6638"},{"taxonomy":"product_cat","embeddable":true,"href":"https:\/\/ecoslider.com\/et\/wp-json\/wp\/v2\/product_cat?post=6638"},{"taxonomy":"product_tag","embeddable":true,"href":"https:\/\/ecoslider.com\/et\/wp-json\/wp\/v2\/product_tag?post=6638"}],"curies":[{"name":"wp","href":"https:\/\/api.w.org\/{rel}","templated":true}]}}