{"id":6664,"date":"2025-02-28T12:05:01","date_gmt":"2025-02-28T10:05:01","guid":{"rendered":"https:\/\/ecoslider.web-design.ee\/product\/tool-organizer\/"},"modified":"2026-03-13T15:40:55","modified_gmt":"2026-03-13T13:40:55","slug":"tooriistapaneel-ecoslider","status":"publish","type":"product","link":"https:\/\/ecoslider.com\/et\/shop\/kasvuhooned-ecoslider\/kasvuhoone-tarvikud\/lisatooted\/tooriistapaneel-ecoslider\/","title":{"rendered":"T\u00f6\u00f6riistapaneel Ecoslider"},"content":{"rendered":"<p><span style=\"font-weight: 400;\">Kompaktne ja mugav Ecoslideri t\u00f6\u00f6riistapaneel praktiline lahendus aiat\u00f6\u00f6riistade hoidmiseks kasvuhoones, s\u00e4\u00e4stes samal ajal v\u00e4\u00e4rtuslikku pinda. Metallist restpaneel koos konksudega v\u00f5imaldab riputada istutusk\u00fchvleid, kobesteid, k\u00e4\u00e4rid ja muid tarvikuid, tagades igale esemele kiire ligip\u00e4\u00e4su. <\/span><span style=\"font-weight: 400;\">Korraldaja alumine osa on varustatud vastupidava kastiga, kuhu saab panna pika varrega t\u00f6\u00f6riistu v\u00f5i v\u00e4iksemaid aiatarvikuid.<\/span><\/p>\n<p><em><b>Eelised:<\/b><\/em><\/p>\n<ul>\n<li style=\"font-weight: 400;\"><b>\u00dchilduvus Ecoslideri t\u00f6\u00f6riistakomplektiga <span style=\"font-weight: 400;\">\u2013<\/span><\/b><br \/>\n<span style=\"font-weight: 400;\">k\u00f5ik 5 t\u00f6\u00f6riista (istutuss\u00fcgavuse marker, klassikaline istutusk\u00fchvel, k\u00fchvel hammastega, teravdatud istutusk\u00fchvel, kobesti) saab mugavalt paigutada paneelile, hoides need korras ja k\u00e4eulatuses.<\/span><\/li>\n<li style=\"font-weight: 400;\"><b>Tugev materjal <span style=\"font-weight: 400;\">\u2013<\/span><\/b><br \/>\n<span style=\"font-weight: 400;\">valmistatud metallist, musta v\u00e4rvi korrosioonikindla kattega. Niiskuskindel, sobib kasutamiseks nii kasvuhoones kui ka \u00f5ues.<\/span><\/li>\n<li style=\"font-weight: 400;\"><b>Lihtne paigaldus kasvuhoone seinale <span style=\"font-weight: 400;\">\u2013<\/span><\/b><br \/>\n<span style=\"font-weight: 400;\">korraldaja on lihtsasti kinnitatav Ecoslideri kaar- v\u00f5i viilkasvuhoone siseseinale.<\/span><\/li>\n<li style=\"font-weight: 400;\"><b>Ruumi kokkuhoid ja mugavus <span style=\"font-weight: 400;\">\u2013<\/span><\/b><br \/>\n<span style=\"font-weight: 400;\">aitab hoida t\u00f6\u00f6koha korras ning tagab t\u00f6\u00f6riistade kiire leidmise.<\/span><\/li>\n<\/ul>\n<p><strong>NB! <span style=\"font-weight: 400;\">Fotodel kujutatud Ecoslideri t\u00f6\u00f6riistad on n\u00e4idised. M\u00fc\u00fcakse eraldi.<\/span><span style=\"font-weight: 400;\"><br \/>\n<\/span><span style=\"font-weight: 400;\">Korraldaja ja t\u00f6\u00f6riistakomplekti saab soovi korral osta eraldi v\u00f5i kombineerida t\u00e4iuslikuks hoolduskomplektiks.<\/span><\/strong><\/p>\n","protected":false},"excerpt":{"rendered":"<p>Kompaktne ja mugav Ecoslideri t\u00f6\u00f6riistapaneel praktiline lahendus aiat\u00f6\u00f6riistade hoidmiseks kasvuhoones, s\u00e4\u00e4stes samal ajal v\u00e4\u00e4rtuslikku pinda. Metallist restpaneel koos konksudega v\u00f5imaldab riputada istutusk\u00fchvleid, kobesteid, k\u00e4\u00e4rid ja muid tarvikuid, tagades igale esemele kiire ligip\u00e4\u00e4su. Korraldaja alumine osa on varustatud vastupidava kastiga, kuhu saab panna pika varrega t\u00f6\u00f6riistu v\u00f5i v\u00e4iksemaid aiatarvikuid. Eelised: \u00dchilduvus Ecoslideri t\u00f6\u00f6riistakomplektiga \u2013 k\u00f5ik 5 [&hellip;]<\/p>\n","protected":false},"featured_media":9641,"comment_status":"closed","ping_status":"closed","template":"","meta":[],"product_brand":[],"product_cat":[202,205,200,206],"product_tag":[],"class_list":{"0":"post-6664","1":"product","2":"type-product","3":"status-publish","4":"has-post-thumbnail","6":"product_cat-kasvuhooned-ecoslider","7":"product_cat-kasvuhoone-tarvikud","8":"product_cat-kogu-kaup","9":"product_cat-lisatooted","10":"pa_greenhouse-accessories-type-taimede-hooldus","11":"pa_product-type-kasvuhoonete-aksessuaarid-ja-varuosad","13":"first","14":"instock","15":"taxable","16":"shipping-taxable","17":"purchasable","18":"product-type-variable","19":"has-default-attributes"},"_links":{"self":[{"href":"https:\/\/ecoslider.com\/et\/wp-json\/wp\/v2\/product\/6664","targetHints":{"allow":["GET"]}}],"collection":[{"href":"https:\/\/ecoslider.com\/et\/wp-json\/wp\/v2\/product"}],"about":[{"href":"https:\/\/ecoslider.com\/et\/wp-json\/wp\/v2\/types\/product"}],"replies":[{"embeddable":true,"href":"https:\/\/ecoslider.com\/et\/wp-json\/wp\/v2\/comments?post=6664"}],"wp:featuredmedia":[{"embeddable":true,"href":"https:\/\/ecoslider.com\/et\/wp-json\/wp\/v2\/media\/9641"}],"wp:attachment":[{"href":"https:\/\/ecoslider.com\/et\/wp-json\/wp\/v2\/media?parent=6664"}],"wp:term":[{"taxonomy":"product_brand","embeddable":true,"href":"https:\/\/ecoslider.com\/et\/wp-json\/wp\/v2\/product_brand?post=6664"},{"taxonomy":"product_cat","embeddable":true,"href":"https:\/\/ecoslider.com\/et\/wp-json\/wp\/v2\/product_cat?post=6664"},{"taxonomy":"product_tag","embeddable":true,"href":"https:\/\/ecoslider.com\/et\/wp-json\/wp\/v2\/product_tag?post=6664"}],"curies":[{"name":"wp","href":"https:\/\/api.w.org\/{rel}","templated":true}]}}