{"id":6674,"date":"2025-02-28T11:26:34","date_gmt":"2025-02-28T11:26:34","guid":{"rendered":"https:\/\/ecoslider.web-design.ee\/product\/house-lux-plant-staking-kit\/"},"modified":"2026-03-01T17:44:29","modified_gmt":"2026-03-01T15:44:29","slug":"taimede-sidumise-komplekt-house-lux","status":"publish","type":"product","link":"https:\/\/ecoslider.com\/et\/shop\/kasvuhooned-ecoslider\/kasvuhoone-tarvikud\/lisatooted\/taimede-sidumise-komplekt-house-lux\/","title":{"rendered":"Taimede sidumise komplekt House Lux"},"content":{"rendered":"<p><span style=\"font-weight: 400;\">Taimede sidumise komplekt sobib viilkatusega kasvuhoonetesse ja <a href=\"https:\/\/ecoslider.com\/et\/tootekategooria\/kasvuhooned-ecoslider\/viilkatusega-kasvuhooned-house-lux\/\" target=\"_blank\" rel=\"noopener\"><u>House Lux<\/u><\/a>, <a href=\"https:\/\/ecoslider.com\/et\/tootekategooria\/kasvuhooned-ecoslider\/viilkatusega-kasvuhooned-house-lux-glass\/\" target=\"_blank\" rel=\"noopener\"><u>House Lux Glass<\/u><\/a>, <a href=\"https:\/\/ecoslider.com\/et\/tootekategooria\/kasvuhooned-ecoslider\/viilkatusega-kasvuhooned-house-lux-monolithic\/\" target=\"_blank\" rel=\"noopener\"><u>House Lux Monolithic<\/u><\/a> hobikasvuhoonetesse.<\/span><span style=\"font-weight: 400;\"> Mugav lahendus k\u00f5rgeid kultuure kasvatavatele aednikele.<\/span><\/p>\n<p><span style=\"font-weight: 400;\">Taimede sidumise komplekt on oluline atribuut neile, kes kasvatavad tomateid, viinamarju ja muid k\u00f5rgeid kultuure.<\/span><\/p>\n<p><span style=\"font-weight: 400;\">Komplekt koosneb kinnitusdetailidest ja varrastest, mida on lihtne Ecoslider kasvuhoonefermide k\u00fclge kinnitada. Varras ise on sidumiseks valmis lahendus. Lisaks komplektis on 12 konksudega jooksjad, mis v\u00f5imaldab laiendada metallsiinide kasutamise funktsionaalsust. Konksudele saate riputada vajalikud t\u00f6\u00f6riistad ja aedniku atribuudid, lambi v\u00f5i v\u00e4ikesed lillepotid.<\/span><\/p>\n<p><span style=\"font-weight: 400;\">V\u00e4ltige varraste servade tarbetut pinge.<\/span><\/p>\n","protected":false},"excerpt":{"rendered":"<p>Taimede sidumise komplekt sobib viilkatusega kasvuhoonetesse ja House Lux, House Lux Glass, House Lux Monolithic hobikasvuhoonetesse. Mugav lahendus k\u00f5rgeid kultuure kasvatavatele aednikele. Taimede sidumise komplekt on oluline atribuut neile, kes kasvatavad tomateid, viinamarju ja muid k\u00f5rgeid kultuure. Komplekt koosneb kinnitusdetailidest ja varrastest, mida on lihtne Ecoslider kasvuhoonefermide k\u00fclge kinnitada. Varras ise on sidumiseks valmis lahendus. [&hellip;]<\/p>\n","protected":false},"featured_media":14154,"comment_status":"closed","ping_status":"closed","template":"","meta":[],"product_brand":[],"product_cat":[202,205,200,206],"product_tag":[],"class_list":{"0":"post-6674","1":"product","2":"type-product","3":"status-publish","4":"has-post-thumbnail","6":"product_cat-kasvuhooned-ecoslider","7":"product_cat-kasvuhoone-tarvikud","8":"product_cat-kogu-kaup","9":"product_cat-lisatooted","10":"pa_greenhouse-accessories-type-taimede-hooldus","11":"pa_product-type-kasvuhoonete-aksessuaarid-ja-varuosad","13":"first","14":"instock","15":"taxable","16":"shipping-taxable","17":"purchasable","18":"product-type-variable"},"_links":{"self":[{"href":"https:\/\/ecoslider.com\/et\/wp-json\/wp\/v2\/product\/6674","targetHints":{"allow":["GET"]}}],"collection":[{"href":"https:\/\/ecoslider.com\/et\/wp-json\/wp\/v2\/product"}],"about":[{"href":"https:\/\/ecoslider.com\/et\/wp-json\/wp\/v2\/types\/product"}],"replies":[{"embeddable":true,"href":"https:\/\/ecoslider.com\/et\/wp-json\/wp\/v2\/comments?post=6674"}],"wp:featuredmedia":[{"embeddable":true,"href":"https:\/\/ecoslider.com\/et\/wp-json\/wp\/v2\/media\/14154"}],"wp:attachment":[{"href":"https:\/\/ecoslider.com\/et\/wp-json\/wp\/v2\/media?parent=6674"}],"wp:term":[{"taxonomy":"product_brand","embeddable":true,"href":"https:\/\/ecoslider.com\/et\/wp-json\/wp\/v2\/product_brand?post=6674"},{"taxonomy":"product_cat","embeddable":true,"href":"https:\/\/ecoslider.com\/et\/wp-json\/wp\/v2\/product_cat?post=6674"},{"taxonomy":"product_tag","embeddable":true,"href":"https:\/\/ecoslider.com\/et\/wp-json\/wp\/v2\/product_tag?post=6674"}],"curies":[{"name":"wp","href":"https:\/\/api.w.org\/{rel}","templated":true}]}}