{"id":6782,"date":"2025-02-27T13:56:49","date_gmt":"2025-02-27T13:56:49","guid":{"rendered":"https:\/\/ecoslider.web-design.ee\/product\/rain-gutter-kit-for-house\/"},"modified":"2026-03-13T11:20:22","modified_gmt":"2026-03-13T09:20:22","slug":"vihmaveesusteem-house","status":"publish","type":"product","link":"https:\/\/ecoslider.com\/et\/shop\/kasvuhooned-ecoslider\/kasvuhoone-tarvikud\/taimede-kastmine\/vihmaveesusteem-house\/","title":{"rendered":"Vihmavees\u00fcsteem House"},"content":{"rendered":"<p><span style=\"font-weight: 400;\">Viilkasvuhoone vihmaveerenitekomplekt <a href=\"https:\/\/ecoslider.com\/et\/tootekategooria\/kasvuhooned-ecoslider\/viilkatusega-kasvuhooned-house\/\" target=\"_blank\" rel=\"noopener\"><u>Ecoslider House<\/u><\/a> on mugav lahendus vihma- ja sulavee kogumiseks konteineritesse, et korraldada kasvuhoones taimede kastmist.<br \/>\n<\/span><span style=\"font-weight: 400;\">House vihmavees\u00fcsteem on vihma- v\u00f5i sulavee \u00e4rajuhtimise eesm\u00e4rgil viilkasvuhoone m\u00f5lemale seinale paigaldamiseks m\u00f5eldud rennide ja torude komplekt.<br \/>\n<\/span><span style=\"font-weight: 400;\">Vihmavees\u00fcsteemi paigaldamise eeliseks on see, et see v\u00f5imaldab loodusressursse ratsionaalselt kasutada.<br \/>\n<\/span><span style=\"font-weight: 400;\">Kuni 10 meetri pikkused vihmaveerennid paigaldatakse nurga all \u00fches suunas. Kaldenurk vastavalt soovile.<br \/>\n<\/span><span style=\"font-weight: 400;\">Kui kasvuhoone on \u00fcle 10 meetri pikk, siis vihmaveerennid kinnitatakse kasvuhoone keskele ja \u00e4ravoolud juhitakse m\u00f5lemas suunas.<br \/>\n<\/span><span style=\"font-weight: 400;\">Vihmaveetoru on teleskoopiline. Selle k\u00f5rgust saab reguleerida, v\u00f5ttes arvesse veekogumismahuti suurust. Minimaalne k\u00f5rgus maapinnast on 6 cm, maksimaalne k\u00f5rgus on 69 cm.<\/span><\/p>\n","protected":false},"excerpt":{"rendered":"<p>Viilkasvuhoone vihmaveerenitekomplekt Ecoslider House on mugav lahendus vihma- ja sulavee kogumiseks konteineritesse, et korraldada kasvuhoones taimede kastmist. House vihmavees\u00fcsteem on vihma- v\u00f5i sulavee \u00e4rajuhtimise eesm\u00e4rgil viilkasvuhoone m\u00f5lemale seinale paigaldamiseks m\u00f5eldud rennide ja torude komplekt. Vihmavees\u00fcsteemi paigaldamise eeliseks on see, et see v\u00f5imaldab loodusressursse ratsionaalselt kasutada. Kuni 10 meetri pikkused vihmaveerennid paigaldatakse nurga all \u00fches suunas. [&hellip;]<\/p>\n","protected":false},"featured_media":21375,"comment_status":"closed","ping_status":"closed","template":"","meta":[],"product_brand":[],"product_cat":[202,205,200,210],"product_tag":[],"class_list":{"0":"post-6782","1":"product","2":"type-product","3":"status-publish","4":"has-post-thumbnail","6":"product_cat-kasvuhooned-ecoslider","7":"product_cat-kasvuhoone-tarvikud","8":"product_cat-kogu-kaup","9":"product_cat-taimede-kastmine","10":"pa_greenhouse-accessories-type-taimede-kastmine","11":"pa_product-type-kasvuhoonete-aksessuaarid-ja-varuosad","13":"first","14":"instock","15":"taxable","16":"shipping-taxable","17":"purchasable","18":"product-type-variable"},"_links":{"self":[{"href":"https:\/\/ecoslider.com\/et\/wp-json\/wp\/v2\/product\/6782","targetHints":{"allow":["GET"]}}],"collection":[{"href":"https:\/\/ecoslider.com\/et\/wp-json\/wp\/v2\/product"}],"about":[{"href":"https:\/\/ecoslider.com\/et\/wp-json\/wp\/v2\/types\/product"}],"replies":[{"embeddable":true,"href":"https:\/\/ecoslider.com\/et\/wp-json\/wp\/v2\/comments?post=6782"}],"wp:featuredmedia":[{"embeddable":true,"href":"https:\/\/ecoslider.com\/et\/wp-json\/wp\/v2\/media\/21375"}],"wp:attachment":[{"href":"https:\/\/ecoslider.com\/et\/wp-json\/wp\/v2\/media?parent=6782"}],"wp:term":[{"taxonomy":"product_brand","embeddable":true,"href":"https:\/\/ecoslider.com\/et\/wp-json\/wp\/v2\/product_brand?post=6782"},{"taxonomy":"product_cat","embeddable":true,"href":"https:\/\/ecoslider.com\/et\/wp-json\/wp\/v2\/product_cat?post=6782"},{"taxonomy":"product_tag","embeddable":true,"href":"https:\/\/ecoslider.com\/et\/wp-json\/wp\/v2\/product_tag?post=6782"}],"curies":[{"name":"wp","href":"https:\/\/api.w.org\/{rel}","templated":true}]}}