{"id":6852,"date":"2025-02-27T11:56:21","date_gmt":"2025-02-27T09:56:21","guid":{"rendered":"https:\/\/ecoslider.web-design.ee\/product\/transparent-monolithic-polycarbonate-2050x3050mm\/"},"modified":"2026-05-05T16:50:29","modified_gmt":"2026-05-05T13:50:29","slug":"labipaistev-uv-kaitsega-monoliitne-polukarbonaat-2050x3050mm","status":"publish","type":"product","link":"https:\/\/ecoslider.com\/et\/shop\/polykarbonaat\/monoliitne\/labipaistev-uv-kaitsega-monoliitne-polukarbonaat-2050x3050mm\/","title":{"rendered":"L\u00e4bipaistev UV-kaitsega monoliitne pol\u00fckarbonaat 2050 x 3050 mm, paksus 2-15 mm"},"content":{"rendered":"<p>Monoliitne ehk valatud pol\u00fckarbonaat on l\u00e4bipaistev sisemiste t\u00fchimiketa plaat. V\u00e4limuselt meenutab see silikaatklaasi. Tegemist on \u00fche k\u00f5ige vastupidavama l\u00e4bipaistva plastmaterjaliga, mis talub h\u00e4sti k\u00f5rgeid temperatuure.<\/p>\n<p><strong>Peamised omadused:<\/strong><\/p>\n<ul>\n<li>esteetiline v\u00e4limus;<\/li>\n<li>l\u00e4bipaistvus nagu klaasil;<\/li>\n<li>200 korda tugevam kui tavaline klaas;<\/li>\n<li>10 korda tugevam kui pleksiklaas;<\/li>\n<li>tulekindlus;<\/li>\n<li>suurep\u00e4rane soojus- ja heliisolatsioon;<\/li>\n<li>kaitse UV-kiirguse eest;<\/li>\n<li>painduvus.<\/li>\n<\/ul>\n<p>2\u201315 mm paksune monoliitpol\u00fckarbonaat sobib kasvuhoonete, lehtlate, varikatuste ja terrasside katmiseks. Seda kasutatakse seal, kus on olulised tugevus, l\u00e4bipaistvus ja esteetiline v\u00e4limus.<\/p>\n","protected":false},"excerpt":{"rendered":"<p>L\u00e4bipaistev monoliitpol\u00fckarbonaat kahepoolse UV-kaitsega. Lehe m\u00f5\u00f5t: 2050 x 3050 mm. Paksus: 2 mm \/ 3 mm \/ 4 mm \/ 5 mm \/ 6 mm \/ 8 mm \/ 10 mm \/ 12 mm \/ 15 mm. Pol\u00fckarbonaati m\u00fc\u00fcakse t\u00e4islehtedena. Kui vajate teistsugust m\u00f5\u00f5tu, palun k\u00fcsige personaalset pakkumist.<\/p>\n","protected":false},"featured_media":6853,"comment_status":"closed","ping_status":"closed","template":"","meta":[],"product_brand":[],"product_cat":[200,236,232],"product_tag":[],"class_list":{"0":"post-6852","1":"product","2":"type-product","3":"status-publish","4":"has-post-thumbnail","6":"product_cat-kogu-kaup","7":"product_cat-monoliitne","8":"product_cat-polykarbonaat","9":"pa_polycarbonate-color-labipaistev","10":"pa_polycarbonate-size-w-l-2050-3050-et","11":"pa_polycarbonate-thickness-10mm-et","12":"pa_polycarbonate-thickness-12mm-et","13":"pa_polycarbonate-thickness-15mm-et","14":"pa_polycarbonate-thickness-2mm-et","15":"pa_polycarbonate-thickness-3mm-et","16":"pa_polycarbonate-thickness-4mm-et","17":"pa_polycarbonate-thickness-5mm-et","18":"pa_polycarbonate-thickness-6mm-et","19":"pa_polycarbonate-thickness-8mm-et","20":"pa_product-type-polykarbonaat","22":"first","23":"instock","24":"taxable","25":"shipping-taxable","26":"purchasable","27":"product-type-variable"},"_links":{"self":[{"href":"https:\/\/ecoslider.com\/et\/wp-json\/wp\/v2\/product\/6852","targetHints":{"allow":["GET"]}}],"collection":[{"href":"https:\/\/ecoslider.com\/et\/wp-json\/wp\/v2\/product"}],"about":[{"href":"https:\/\/ecoslider.com\/et\/wp-json\/wp\/v2\/types\/product"}],"replies":[{"embeddable":true,"href":"https:\/\/ecoslider.com\/et\/wp-json\/wp\/v2\/comments?post=6852"}],"wp:featuredmedia":[{"embeddable":true,"href":"https:\/\/ecoslider.com\/et\/wp-json\/wp\/v2\/media\/6853"}],"wp:attachment":[{"href":"https:\/\/ecoslider.com\/et\/wp-json\/wp\/v2\/media?parent=6852"}],"wp:term":[{"taxonomy":"product_brand","embeddable":true,"href":"https:\/\/ecoslider.com\/et\/wp-json\/wp\/v2\/product_brand?post=6852"},{"taxonomy":"product_cat","embeddable":true,"href":"https:\/\/ecoslider.com\/et\/wp-json\/wp\/v2\/product_cat?post=6852"},{"taxonomy":"product_tag","embeddable":true,"href":"https:\/\/ecoslider.com\/et\/wp-json\/wp\/v2\/product_tag?post=6852"}],"curies":[{"name":"wp","href":"https:\/\/api.w.org\/{rel}","templated":true}]}}