{"id":6970,"date":"2025-02-27T09:29:26","date_gmt":"2025-02-27T07:29:26","guid":{"rendered":"https:\/\/ecoslider.web-design.ee\/product\/transparent-multiwall-polycarbonate-2100x6000mm\/"},"modified":"2026-05-05T16:25:20","modified_gmt":"2026-05-05T13:25:20","slug":"labipaistev-uv-kaitsega-kihiline-polukarbonaat-2100x6000mm","status":"publish","type":"product","link":"https:\/\/ecoslider.com\/et\/shop\/polykarbonaat\/kihiline\/labipaistev-uv-kaitsega-kihiline-polukarbonaat-2100x6000mm\/","title":{"rendered":"L\u00e4bipaistev UV-kaitsega kihiline pol\u00fckarbonaat 2100 x 6000 mm, paksus 4-16 mm"},"content":{"rendered":"<p>K\u00e4rgpol\u00fckarbonaat on mugav ja praktiline materjal.<\/p>\n<p><strong>Peamised omadused:<\/strong><\/p>\n<ul>\n<li>l\u00e4bipaistvus;<\/li>\n<li>kerge kaal;<\/li>\n<li>vastupidavus;<\/li>\n<li>hea soojapidavus ja m\u00fcraisolatsioon;<\/li>\n<li>ilmastikukindlus.<\/li>\n<\/ul>\n<p>6\u20138 mm paksune k\u00e4rgpol\u00fckarbonaat sobib ideaalselt kasvuhoonete katmiseks.<\/p>\n","protected":false},"excerpt":{"rendered":"<p>L\u00e4bipaistev kihiline pol\u00fckarbonaat \u2014 4 mm \/ 6 mm \/ 8 mm \/ 10 mm \/ 16 mm. M\u00f5\u00f5t: 2100 \u00d7 6000 mm. Pol\u00fckarbonaati m\u00fc\u00fcakse t\u00e4islehtedena. Kui vajate teistsugust m\u00f5\u00f5tu, palun k\u00fcsige personaalset pakkumist.<\/p>\n","protected":false},"featured_media":6817,"comment_status":"closed","ping_status":"closed","template":"","meta":[],"product_brand":[],"product_cat":[238,200,232],"product_tag":[],"class_list":{"0":"post-6970","1":"product","2":"type-product","3":"status-publish","4":"has-post-thumbnail","6":"product_cat-kihiline","7":"product_cat-kogu-kaup","8":"product_cat-polykarbonaat","9":"pa_polycarbonate-color-labipaistev","10":"pa_polycarbonate-size-w-l-2100-6000mm-et","11":"pa_polycarbonate-thickness-10mm-et","12":"pa_polycarbonate-thickness-16mm-et","13":"pa_polycarbonate-thickness-4mm-et","14":"pa_polycarbonate-thickness-6mm-et","15":"pa_polycarbonate-thickness-8mm-et","16":"pa_product-type-polykarbonaat","18":"first","19":"instock","20":"taxable","21":"shipping-taxable","22":"purchasable","23":"product-type-variable"},"_links":{"self":[{"href":"https:\/\/ecoslider.com\/et\/wp-json\/wp\/v2\/product\/6970","targetHints":{"allow":["GET"]}}],"collection":[{"href":"https:\/\/ecoslider.com\/et\/wp-json\/wp\/v2\/product"}],"about":[{"href":"https:\/\/ecoslider.com\/et\/wp-json\/wp\/v2\/types\/product"}],"replies":[{"embeddable":true,"href":"https:\/\/ecoslider.com\/et\/wp-json\/wp\/v2\/comments?post=6970"}],"wp:featuredmedia":[{"embeddable":true,"href":"https:\/\/ecoslider.com\/et\/wp-json\/wp\/v2\/media\/6817"}],"wp:attachment":[{"href":"https:\/\/ecoslider.com\/et\/wp-json\/wp\/v2\/media?parent=6970"}],"wp:term":[{"taxonomy":"product_brand","embeddable":true,"href":"https:\/\/ecoslider.com\/et\/wp-json\/wp\/v2\/product_brand?post=6970"},{"taxonomy":"product_cat","embeddable":true,"href":"https:\/\/ecoslider.com\/et\/wp-json\/wp\/v2\/product_cat?post=6970"},{"taxonomy":"product_tag","embeddable":true,"href":"https:\/\/ecoslider.com\/et\/wp-json\/wp\/v2\/product_tag?post=6970"}],"curies":[{"name":"wp","href":"https:\/\/api.w.org\/{rel}","templated":true}]}}