{"id":6994,"date":"2025-02-27T08:48:50","date_gmt":"2025-02-27T06:48:50","guid":{"rendered":"https:\/\/ecoslider.web-design.ee\/product\/bronze-multiwall-polycarbonate-2100x6000mm\/"},"modified":"2026-05-05T16:25:32","modified_gmt":"2026-05-05T13:25:32","slug":"pronks-uv-kaitsega-kihiline-polukarbonaat-2100x6000mm","status":"publish","type":"product","link":"https:\/\/ecoslider.com\/et\/shop\/polykarbonaat\/kihiline\/pronks-uv-kaitsega-kihiline-polukarbonaat-2100x6000mm\/","title":{"rendered":"Pronks UV-kaitsega kihiline pol\u00fckarbonaat 2100 x 6000 mm, paksus 6-16 mm"},"content":{"rendered":"<p>K\u00e4rgpol\u00fckarbonaat on mugav ja praktiline materjal.<\/p>\n<p><strong>Peamised omadused:<\/strong><\/p>\n<ul>\n<li>l\u00e4bipaistvus;<\/li>\n<li>kerge kaal;<\/li>\n<li>vastupidavus;<\/li>\n<li>hea soojapidavus ja m\u00fcraisolatsioon;<\/li>\n<li>ilmastikukindlus.<\/li>\n<\/ul>\n","protected":false},"excerpt":{"rendered":"<p>Pronks kihiline pol\u00fckarbonaat \u2014 6 mm \/ 10 mm \/ 16 mm. M\u00f5\u00f5t: 2100 \u00d7 6000 mm. Pol\u00fckarbonaati m\u00fc\u00fcakse t\u00e4islehtedena. Kui vajate teistsugust m\u00f5\u00f5tu, palun k\u00fcsige personaalset pakkumist.<\/p>\n","protected":false},"featured_media":6996,"comment_status":"closed","ping_status":"closed","template":"","meta":[],"product_brand":[],"product_cat":[238,200,232],"product_tag":[],"class_list":{"0":"post-6994","1":"product","2":"type-product","3":"status-publish","4":"has-post-thumbnail","6":"product_cat-kihiline","7":"product_cat-kogu-kaup","8":"product_cat-polykarbonaat","9":"pa_polycarbonate-color-pronks","10":"pa_polycarbonate-size-w-l-2100-6000mm-et","11":"pa_polycarbonate-thickness-10mm-et","12":"pa_polycarbonate-thickness-16mm-et","13":"pa_polycarbonate-thickness-6mm-et","14":"pa_product-type-polykarbonaat","16":"first","17":"instock","18":"taxable","19":"shipping-taxable","20":"purchasable","21":"product-type-variable"},"_links":{"self":[{"href":"https:\/\/ecoslider.com\/et\/wp-json\/wp\/v2\/product\/6994","targetHints":{"allow":["GET"]}}],"collection":[{"href":"https:\/\/ecoslider.com\/et\/wp-json\/wp\/v2\/product"}],"about":[{"href":"https:\/\/ecoslider.com\/et\/wp-json\/wp\/v2\/types\/product"}],"replies":[{"embeddable":true,"href":"https:\/\/ecoslider.com\/et\/wp-json\/wp\/v2\/comments?post=6994"}],"wp:featuredmedia":[{"embeddable":true,"href":"https:\/\/ecoslider.com\/et\/wp-json\/wp\/v2\/media\/6996"}],"wp:attachment":[{"href":"https:\/\/ecoslider.com\/et\/wp-json\/wp\/v2\/media?parent=6994"}],"wp:term":[{"taxonomy":"product_brand","embeddable":true,"href":"https:\/\/ecoslider.com\/et\/wp-json\/wp\/v2\/product_brand?post=6994"},{"taxonomy":"product_cat","embeddable":true,"href":"https:\/\/ecoslider.com\/et\/wp-json\/wp\/v2\/product_cat?post=6994"},{"taxonomy":"product_tag","embeddable":true,"href":"https:\/\/ecoslider.com\/et\/wp-json\/wp\/v2\/product_tag?post=6994"}],"curies":[{"name":"wp","href":"https:\/\/api.w.org\/{rel}","templated":true}]}}