{"id":7012,"date":"2025-02-26T13:28:46","date_gmt":"2025-02-26T11:28:46","guid":{"rendered":"https:\/\/ecoslider.web-design.ee\/product\/set-of-thermal-washer-for-polycarbonate\/"},"modified":"2026-05-05T15:40:04","modified_gmt":"2026-05-05T12:40:04","slug":"termoseibide-komplekt-polukarbonaadile","status":"publish","type":"product","link":"https:\/\/ecoslider.com\/et\/shop\/polykarbonaat\/polykarbonaadi-tarvikud\/termoseibide-komplekt-polukarbonaadile\/","title":{"rendered":"Termoseibide komplekt pol\u00fckarbonaadile"},"content":{"rendered":"","protected":false},"excerpt":{"rendered":"<p>Termoseib k\u00e4rgpol\u00fckarbonaadist katuse paigaldamiseks. L\u00e4bim\u00f5\u00f5t \u2014 38 mm. V\u00e4rv: l\u00e4bipaistev. Kogus pakendis: 25 tk (komplektis).<\/p>\n","protected":false},"featured_media":7014,"comment_status":"open","ping_status":"closed","template":"","meta":[],"product_brand":[],"product_cat":[200,234,232],"product_tag":[],"class_list":{"0":"post-7012","1":"product","2":"type-product","3":"status-publish","4":"has-post-thumbnail","6":"product_cat-kogu-kaup","7":"product_cat-polykarbonaadi-tarvikud","8":"product_cat-polykarbonaat","9":"pa_polycarbonate-accessories-kaitse","10":"pa_product-type-polykarbonaadi-aksessuaarid-ja-varuosad","12":"first","13":"instock","14":"taxable","15":"shipping-taxable","16":"purchasable","17":"product-type-simple"},"_links":{"self":[{"href":"https:\/\/ecoslider.com\/et\/wp-json\/wp\/v2\/product\/7012","targetHints":{"allow":["GET"]}}],"collection":[{"href":"https:\/\/ecoslider.com\/et\/wp-json\/wp\/v2\/product"}],"about":[{"href":"https:\/\/ecoslider.com\/et\/wp-json\/wp\/v2\/types\/product"}],"replies":[{"embeddable":true,"href":"https:\/\/ecoslider.com\/et\/wp-json\/wp\/v2\/comments?post=7012"}],"wp:featuredmedia":[{"embeddable":true,"href":"https:\/\/ecoslider.com\/et\/wp-json\/wp\/v2\/media\/7014"}],"wp:attachment":[{"href":"https:\/\/ecoslider.com\/et\/wp-json\/wp\/v2\/media?parent=7012"}],"wp:term":[{"taxonomy":"product_brand","embeddable":true,"href":"https:\/\/ecoslider.com\/et\/wp-json\/wp\/v2\/product_brand?post=7012"},{"taxonomy":"product_cat","embeddable":true,"href":"https:\/\/ecoslider.com\/et\/wp-json\/wp\/v2\/product_cat?post=7012"},{"taxonomy":"product_tag","embeddable":true,"href":"https:\/\/ecoslider.com\/et\/wp-json\/wp\/v2\/product_tag?post=7012"}],"curies":[{"name":"wp","href":"https:\/\/api.w.org\/{rel}","templated":true}]}}