{"id":7018,"date":"2025-02-26T13:19:40","date_gmt":"2025-02-26T11:19:40","guid":{"rendered":"https:\/\/ecoslider.web-design.ee\/product\/protective-tape-the-width-38mm\/"},"modified":"2026-05-05T15:51:34","modified_gmt":"2026-05-05T12:51:34","slug":"kaitseteip-laius-38mm","status":"publish","type":"product","link":"https:\/\/ecoslider.com\/et\/shop\/polykarbonaat\/polykarbonaadi-tarvikud\/kaitseteip-laius-38mm\/","title":{"rendered":"Kaitseteip, laius 38mm"},"content":{"rendered":"","protected":false},"excerpt":{"rendered":"<p>Tihendusteip MaxBreather laiusega 38 mm pol\u00fckarbonaadile paksusega 10 \/ 16 mm. Teipi kasutatakse pol\u00fckarbonaadi k\u00e4rgede kaitsmiseks niiskuse ja mustuse eest. See paigaldatakse k\u00fclg- ja \u00fclaservadele ning tagab pol\u00fckarbonaadi otste usaldusv\u00e4\u00e4rse tihendamise.<\/p>\n","protected":false},"featured_media":7019,"comment_status":"closed","ping_status":"closed","template":"","meta":[],"product_brand":[],"product_cat":[200,234,232],"product_tag":[],"class_list":{"0":"post-7018","1":"product","2":"type-product","3":"status-publish","4":"has-post-thumbnail","6":"product_cat-kogu-kaup","7":"product_cat-polykarbonaadi-tarvikud","8":"product_cat-polykarbonaat","9":"pa_polycarbonate-accessories-kaitse","10":"pa_product-type-polykarbonaadi-aksessuaarid-ja-varuosad","12":"first","13":"instock","14":"taxable","15":"shipping-taxable","16":"purchasable","17":"product-type-simple"},"_links":{"self":[{"href":"https:\/\/ecoslider.com\/et\/wp-json\/wp\/v2\/product\/7018","targetHints":{"allow":["GET"]}}],"collection":[{"href":"https:\/\/ecoslider.com\/et\/wp-json\/wp\/v2\/product"}],"about":[{"href":"https:\/\/ecoslider.com\/et\/wp-json\/wp\/v2\/types\/product"}],"replies":[{"embeddable":true,"href":"https:\/\/ecoslider.com\/et\/wp-json\/wp\/v2\/comments?post=7018"}],"wp:featuredmedia":[{"embeddable":true,"href":"https:\/\/ecoslider.com\/et\/wp-json\/wp\/v2\/media\/7019"}],"wp:attachment":[{"href":"https:\/\/ecoslider.com\/et\/wp-json\/wp\/v2\/media?parent=7018"}],"wp:term":[{"taxonomy":"product_brand","embeddable":true,"href":"https:\/\/ecoslider.com\/et\/wp-json\/wp\/v2\/product_brand?post=7018"},{"taxonomy":"product_cat","embeddable":true,"href":"https:\/\/ecoslider.com\/et\/wp-json\/wp\/v2\/product_cat?post=7018"},{"taxonomy":"product_tag","embeddable":true,"href":"https:\/\/ecoslider.com\/et\/wp-json\/wp\/v2\/product_tag?post=7018"}],"curies":[{"name":"wp","href":"https:\/\/api.w.org\/{rel}","templated":true}]}}