{"id":7050,"date":"2025-02-26T11:32:32","date_gmt":"2025-02-26T11:32:32","guid":{"rendered":"https:\/\/ecoslider.web-design.ee\/product\/microdrip-15-autonomous-irrigation-system\/"},"modified":"2025-10-29T10:30:54","modified_gmt":"2025-10-29T08:30:54","slug":"autonoomne-kastmissusteem-micro-drip-15","status":"publish","type":"product","link":"https:\/\/ecoslider.com\/et\/shop\/kasvuhooned-ecoslider\/kasvuhoone-tarvikud\/taimede-kastmine\/autonoomne-kastmissusteem-micro-drip-15\/","title":{"rendered":"Autonoomne kastmiss\u00fcsteem Ecoslider Micro-Drip 15"},"content":{"rendered":"<p><span style=\"font-weight: 400;\">Valmistage oma aed h\u00e4ireteta kasvu- ja \u00f5itsemise hooajaks ette Micro-Drip 15 autonoomse kastmiss\u00fcsteemiga. T\u00e4nu kasutusmugavusele ja uuenduslikule tehnoloogiale saavad teie kasvuhoonetaimed alati \u00f5igeaegselt kastetud, isegi kui te ei ole kohal. See s\u00fcsteem on ideaalne partner kaasaegsele aednikule, kes otsib iseseisvust, j\u00e4tkusuutlikkust ja automatiseeritust taimehoolduses.<\/span><\/p>\n<p><span style=\"font-weight: 400;\">Micro-Drip 15 autonoomne kastmiss\u00fcsteem on m\u00f5eldud 15 taime kastmiseks. Seda saab seadistustega kohandada kastmise kestust ja sagedust. Kui vesi hakkab paagist otsa saama, annab s\u00fcsteem eelnevalt helisignaali, sest seadmel on veetaseme andur. T\u00e4pselt ajastatud kastmisintervallid ja kestus loovad teie taimedele ideaalsed kasvutingimused.<\/span><\/p>\n<p><span style=\"font-weight: 400;\">Micro-Drip 15 sobib ideaalselt Ecoslideri kasvuhoonete jaoks ja seda saab kasutada nii kurgi, tomati, paprika kui ka muude k\u00f6\u00f6giviljade, lillede ja maitsetaimede kasvatamiseks. Kastmiss\u00fcsteem kasutab p\u00e4ikeseenergiat, et pidevalt laadida sisseehitatud patareisid ja pumbata vett mahutist.<\/span><\/p>\n<p><span style=\"font-weight: 400;\">Komplekt ei vaja juhtmeid ega voolikuid, samuti ei pea seda \u00fchendama elektriv\u00f5rku. Kastmiss\u00fcsteemi on lihtne paigaldada ja seadistada, mille j\u00e4rel toimib kastmine automaatselt ja minimaalse j\u00e4relevalvega. Automaatne kastmiss\u00fcsteem ei unusta teie taimi kasta, kui teid ei ole kohal.<\/span><\/p>\n<p><span style=\"font-weight: 400;\">Meie kastmiskomplektid on projekteeritus nii, et vesi j\u00f5uab otse taime juurteni. Vett manustatakse piisavalt aeglaselt, et see j\u00f5uaks imenduda.<\/span><\/p>\n<p><b>Kas teie riigi kasvuhoone t\u00e4ielikuks kastmiseks on piisavalt p\u00e4ikesevalgust?<\/b><\/p>\n<p><span style=\"font-weight: 400;\">Uuenduslikku kastmiss\u00fcsteemi on katsetatud Skandinaavia riikides. Hoolimata sellest, et seal on p\u00e4ikesepaisteliste p\u00e4evade arv v\u00e4ga piiratud, on p\u00e4ikesekiirguse abil toimuv kastmiss\u00fcsteem \u00fcsna populaarne ja seda on tunnustatud mainekate aednike poolt.<\/span><\/p>\n<p>Soovitame Micro-Drip 15 niisutuss\u00fcsteemi kasutada koos vihmavee kogumise s\u00fcsteemi ja automaatse ventilatsioonis\u00fcsteemiga, mis samuti ei n\u00f5ua elektriv\u00f5rguga \u00fchendamist.<\/p>\n","protected":false},"excerpt":{"rendered":"<p>Valmistage oma aed h\u00e4ireteta kasvu- ja \u00f5itsemise hooajaks ette Micro-Drip 15 autonoomse kastmiss\u00fcsteemiga. T\u00e4nu kasutusmugavusele ja uuenduslikule tehnoloogiale saavad teie kasvuhoonetaimed alati \u00f5igeaegselt kastetud, isegi kui te ei ole kohal. See s\u00fcsteem on ideaalne partner kaasaegsele aednikule, kes otsib iseseisvust, j\u00e4tkusuutlikkust ja automatiseeritust taimehoolduses. Micro-Drip 15 autonoomne kastmiss\u00fcsteem on m\u00f5eldud 15 taime kastmiseks. Seda saab [&hellip;]<\/p>\n","protected":false},"featured_media":7052,"comment_status":"closed","ping_status":"closed","template":"","meta":[],"product_brand":[],"product_cat":[202,205,200,210],"product_tag":[],"class_list":{"0":"post-7050","1":"product","2":"type-product","3":"status-publish","4":"has-post-thumbnail","6":"product_cat-kasvuhooned-ecoslider","7":"product_cat-kasvuhoone-tarvikud","8":"product_cat-kogu-kaup","9":"product_cat-taimede-kastmine","10":"pa_greenhouse-accessories-type-taimede-kastmine","11":"pa_product-type-kasvuhoonete-aksessuaarid-ja-varuosad","13":"first","14":"instock","15":"taxable","16":"shipping-taxable","17":"purchasable","18":"product-type-simple"},"_links":{"self":[{"href":"https:\/\/ecoslider.com\/et\/wp-json\/wp\/v2\/product\/7050","targetHints":{"allow":["GET"]}}],"collection":[{"href":"https:\/\/ecoslider.com\/et\/wp-json\/wp\/v2\/product"}],"about":[{"href":"https:\/\/ecoslider.com\/et\/wp-json\/wp\/v2\/types\/product"}],"replies":[{"embeddable":true,"href":"https:\/\/ecoslider.com\/et\/wp-json\/wp\/v2\/comments?post=7050"}],"wp:featuredmedia":[{"embeddable":true,"href":"https:\/\/ecoslider.com\/et\/wp-json\/wp\/v2\/media\/7052"}],"wp:attachment":[{"href":"https:\/\/ecoslider.com\/et\/wp-json\/wp\/v2\/media?parent=7050"}],"wp:term":[{"taxonomy":"product_brand","embeddable":true,"href":"https:\/\/ecoslider.com\/et\/wp-json\/wp\/v2\/product_brand?post=7050"},{"taxonomy":"product_cat","embeddable":true,"href":"https:\/\/ecoslider.com\/et\/wp-json\/wp\/v2\/product_cat?post=7050"},{"taxonomy":"product_tag","embeddable":true,"href":"https:\/\/ecoslider.com\/et\/wp-json\/wp\/v2\/product_tag?post=7050"}],"curies":[{"name":"wp","href":"https:\/\/api.w.org\/{rel}","templated":true}]}}