{"id":7056,"date":"2025-02-26T10:58:39","date_gmt":"2025-02-26T10:58:39","guid":{"rendered":"https:\/\/ecoslider.web-design.ee\/product\/megavent-autovent\/"},"modified":"2026-02-12T12:40:08","modified_gmt":"2026-02-12T10:40:08","slug":"automaatne-mehhanism-katuseluugile-univent","status":"publish","type":"product","link":"https:\/\/ecoslider.com\/et\/shop\/kasvuhooned-ecoslider\/kasvuhoone-tarvikud\/ventilatsioon\/automaatne-mehhanism-katuseluugile-univent\/","title":{"rendered":"Automaatne mehhanism katuseluugile Univent"},"content":{"rendered":"<p><span style=\"font-weight: 400;\">Hea ventilatsioon kasvuhoones on \u00fcks olulistest saagikuse teguritest. Automaatventilatsiooni tugevdatud mehhanismi Univent (tugevdatud vedruga) kasutatakse \u00f5huakende avamiseks. Koos \u00f5huaknaga teeb see kindel ventilatsioonilahendus kasvuhoone \u00f5hutuse t\u00e4iesti automaatseks. Univent ei vaja elektri\u00fchendust, vaid toimib silindrit t\u00e4itva vaha ja parafiini termiliste ja mehaaniliste omaduste arvel, sest need ained paisuvad kuumenedes ja k\u00e4ivitavad \u00f5huakna avava mehhanismi.<\/span><\/p>\n<p><span style=\"font-weight: 400;\">Univent s\u00fcsteemi saab paigaldada mis tahes kasvuhoonesse. Mehhanismi saab reguleerida nii, et see avab \u00f5huakna 17\u00baC juures automaatselt umbes 40 cm v\u00f5rra, temperatuuri langedes alla 17\u00baC aga suleb akna samuti automaatselt. T\u00e4nu tugevdatud vedrudele peab see mehhanism vastu ka v\u00e4ga tugevatele tuulepuhangutele, nii et \u00f5huaknad j\u00e4\u00e4vad terveks ja t\u00f6\u00f6korda isegi tormi korral.<\/span><\/p>\n<p><span style=\"font-weight: 400;\">EcoSlider \u00f5huaknad on juba kohandatud Univent automaatmehhanismi kiireks paigaldamiseks. Profiilis on ette tehtud k\u00f5ik avad ja kinnituskohtadesse on pressitud spetsiaalsed keermega mutrid, mille abil mehhanism kindlalt \u00f5huaknaga \u00fchendatakse.<\/span><\/p>\n<p><span style=\"font-weight: 400;\">Univent on valmistatud roostekindlatest materjalidest: roostevaba teras, anooditud alumiinium ja vask. <\/span><\/p>\n","protected":false},"excerpt":{"rendered":"<p>Hea ventilatsioon kasvuhoones on \u00fcks olulistest saagikuse teguritest. Automaatventilatsiooni tugevdatud mehhanismi Univent (tugevdatud vedruga) kasutatakse \u00f5huakende avamiseks. Koos \u00f5huaknaga teeb see kindel ventilatsioonilahendus kasvuhoone \u00f5hutuse t\u00e4iesti automaatseks. Univent ei vaja elektri\u00fchendust, vaid toimib silindrit t\u00e4itva vaha ja parafiini termiliste ja mehaaniliste omaduste arvel, sest need ained paisuvad kuumenedes ja k\u00e4ivitavad \u00f5huakna avava mehhanismi. Univent s\u00fcsteemi [&hellip;]<\/p>\n","protected":false},"featured_media":10252,"comment_status":"closed","ping_status":"closed","template":"","meta":[],"product_brand":[],"product_cat":[202,205,200,208],"product_tag":[],"class_list":{"0":"post-7056","1":"product","2":"type-product","3":"status-publish","4":"has-post-thumbnail","6":"product_cat-kasvuhooned-ecoslider","7":"product_cat-kasvuhoone-tarvikud","8":"product_cat-kogu-kaup","9":"product_cat-ventilatsioon","10":"pa_greenhouse-accessories-type-kasvuhoone-ventilatsioon","11":"pa_product-type-kasvuhoonete-aksessuaarid-ja-varuosad","13":"first","14":"instock","15":"taxable","16":"shipping-taxable","17":"purchasable","18":"product-type-simple"},"_links":{"self":[{"href":"https:\/\/ecoslider.com\/et\/wp-json\/wp\/v2\/product\/7056","targetHints":{"allow":["GET"]}}],"collection":[{"href":"https:\/\/ecoslider.com\/et\/wp-json\/wp\/v2\/product"}],"about":[{"href":"https:\/\/ecoslider.com\/et\/wp-json\/wp\/v2\/types\/product"}],"replies":[{"embeddable":true,"href":"https:\/\/ecoslider.com\/et\/wp-json\/wp\/v2\/comments?post=7056"}],"wp:featuredmedia":[{"embeddable":true,"href":"https:\/\/ecoslider.com\/et\/wp-json\/wp\/v2\/media\/10252"}],"wp:attachment":[{"href":"https:\/\/ecoslider.com\/et\/wp-json\/wp\/v2\/media?parent=7056"}],"wp:term":[{"taxonomy":"product_brand","embeddable":true,"href":"https:\/\/ecoslider.com\/et\/wp-json\/wp\/v2\/product_brand?post=7056"},{"taxonomy":"product_cat","embeddable":true,"href":"https:\/\/ecoslider.com\/et\/wp-json\/wp\/v2\/product_cat?post=7056"},{"taxonomy":"product_tag","embeddable":true,"href":"https:\/\/ecoslider.com\/et\/wp-json\/wp\/v2\/product_tag?post=7056"}],"curies":[{"name":"wp","href":"https:\/\/api.w.org\/{rel}","templated":true}]}}